{"id":1338,"date":"2021-09-15T15:40:29","date_gmt":"2021-09-15T18:40:29","guid":{"rendered":"https:\/\/wp.ufpel.edu.br\/poiema\/?page_id=1338"},"modified":"2022-09-27T05:27:41","modified_gmt":"2022-09-27T08:27:41","slug":"adrienne-cardoso","status":"publish","type":"page","link":"https:\/\/wp.ufpel.edu.br\/poiema\/adrienne-cardoso\/","title":{"rendered":"Pesquisa: A Busca pela Pureza Absoluta &#8211; Os C\u00e1taros"},"content":{"rendered":"<p><strong>Heresia:<br \/>\n<\/strong><span class=\"JsGRdQ\">A palavra heresia vem do latim <\/span><span class=\"JsGRdQ\">haeresis <\/span><span class=\"JsGRdQ\">e significa uma doutrina contr\u00e1ria ao que foi definido pela Igreja nos assuntos de f\u00e9 (aquele que escolhe, aquele que faz uma op\u00e7\u00e3o) (NOVINSKY, 1983). Tamb\u00e9m tem origem no idioma grego <\/span><span class=\"JsGRdQ\">hairesis<\/span><span class=\"JsGRdQ\">, em que significa \u201ca\u00e7\u00e3o de pegar\u201d, no sentido metaf\u00f3rico de \u201cescolher, ter prefer\u00eancia, vis\u00e3o particular discordante\u201d (ZERNER, 2017, p. 561-562). Segundo Isidoro e P\u00e1pias, a palavra heresia surge do verbo \u201celeger\u201d; neste conceito, \u00e9 como elei\u00e7\u00e3o, derivada tamb\u00e9m do verbo aderir, teria por significado \u201caquele a quem adere\u201d.\u00a0 <\/span><\/p>\n<p class=\"_04xlpA direction-ltr align-justify para-style-body\"><span class=\"JsGRdQ\">OU SEJA,\u00a0<\/span><span class=\"JsGRdQ\">o ser herege \u00e9 quem se afasta da \u201cvida comum\u201d, do <\/span><span class=\"JsGRdQ\">modus vivendi <\/span><span class=\"JsGRdQ\">definido pela Igreja Cat\u00f3lica (EYMERICH, 1993). Heresia tamb\u00e9m pode ser considerada a escolha que implica, ap\u00f3s o recebimento do batismo, na nega\u00e7\u00e3o pertinaz de qualquer verdade apresentada pela divina f\u00e9 cat\u00f3lica (FAITANIN, 2006).<\/span><\/p>\n<p><span class=\"JsGRdQ\">As pessoas eram adjetivadas como her\u00e9ticas por, basicamente, tr\u00eas a\u00e7\u00f5es:<\/span><\/p>\n<ul>\n<li><span class=\"JsGRdQ\">ser contr\u00e1rio a qualquer artigo de f\u00e9;<\/span><\/li>\n<li><span class=\"JsGRdQ\">ser contr\u00e1rio a qualquer verdade declarada pela igreja;<\/span><\/li>\n<li><span class=\"JsGRdQ\">ser contr\u00e1rio aos livros can\u00f4nicos.<\/span><\/li>\n<\/ul>\n<p>(E os C\u00e1taros se encaixavam em todas elas)<\/p>\n<p>&nbsp;<\/p>\n<p><strong>Os C\u00e1taros:<br \/>\n<\/strong><\/p>\n<p>Existiram por toda a Europa (mais forte no Languedoc, sul da Fran\u00e7a).<br \/>\nTiveram quest\u00f5es ut\u00f3picas (a maior delas sendo a busca pela pureza).<br \/>\nViviam em florestas (<span class=\"JsGRdQ\">pois eram isolados da sociedade e tinham a sua pr\u00f3pria comunidade).<br \/>\nS\u00e3o considerados o maior grupo her\u00e9tico da Idade M\u00e9dia.<br \/>\nDeram base e influ\u00eancia para outras heresias.<br \/>\nQueriam o exterm\u00ednio da Igreja Cat\u00f3lica, n\u00e3o apenas a sua mudan\u00e7a.<\/span><\/p>\n<p class=\"_04xlpA direction-ltr align-start para-style-body\"><em><span class=\"JsGRdQ\">&#8211; Cosmogonia dualista.<br \/>\n<\/span><\/em><span class=\"JsGRdQ\">A cren\u00e7a metaf\u00edsica na coexist\u00eancia eterna de dois princ\u00edpios opostos, mas iguais em poder e efic\u00e1cia tendo cada um seu papel no equil\u00edbrio do universo.\u00a0<\/span><span class=\"JsGRdQ\">O Bem (Deus) e o Mal (Sat\u00e3).<\/span><\/p>\n<p class=\"_04xlpA direction-ltr align-start para-style-body\"><em><span class=\"JsGRdQ\">&#8211; Rigor f\u00edsico e espiritual na busca da pureza absoluta.<br \/>\n<\/span><\/em><span class=\"JsGRdQ\">Obriga\u00e7\u00f5es religiosas de jejuns, pobreza, n\u00e3o comiam carne, n\u00e3o praticavam sexo, praticavam o suic\u00eddio m\u00edstico.<\/span><\/p>\n<p class=\"_04xlpA direction-ltr align-start para-style-body\"><em><span class=\"JsGRdQ\">&#8211; Igreja Independente.<br \/>\n<\/span><\/em><span class=\"JsGRdQ\">Eles tinham dogmas e estrutura pr\u00f3pria.<\/span><\/p>\n<p>&nbsp;<\/p>\n<p><strong>Ideologia:<br \/>\n<\/strong><span class=\"JsGRdQ\">Crentes &#8211; pessoas da comunidade que estavam se preparando espiritualmente para receberem o <em>consolament<\/em>.<br \/>\n<\/span><span class=\"JsGRdQ\">Perfeitos &#8211; pessoa que alcan\u00e7ava a pureza absoluta. sa\u00edam em miss\u00e3o em duplas.<br \/>\n<\/span><span class=\"JsGRdQ\">Simpatizantes &#8211; n\u00e3o eram crentes, nem perfeitos. apenas eram favor\u00e1veis ao catarismo. Em sua maioria nobres.<\/span><\/p>\n<p><strong>Liturgia:<br \/>\n<\/strong><span class=\"JsGRdQ\"><em>consolament<\/em> &#8211; batismo m\u00edtico. para a entrada das pessoas na comunidade e tamb\u00e9m o rito que tornava os crentes em perfeitos.<br \/>\n<\/span><span class=\"JsGRdQ\"><em>aparalhament<\/em> &#8211; confiss\u00e3o p\u00fablica.<br \/>\n<\/span><span class=\"JsGRdQ\"><em>melhorament<\/em> &#8211; rito de cumprimento di\u00e1rio.<br \/>\n<\/span><span class=\"JsGRdQ\">endura &#8211; suic\u00eddio m\u00edstico.<br \/>\n<\/span><span class=\"JsGRdQ\"><em>pater noster<\/em> &#8211; \u00fanica prece.<\/span><\/p>\n<p><strong>Mitologia:<\/strong><br \/>\n<span class=\"JsGRdQ\">Cren\u00e7a que os homens s\u00e3o anjos ca\u00eddos, que o corpo foi criado pelo dem\u00f4nio e por isso ele \u00e9 mau (opus satanicum).<\/span><\/p>\n<p class=\"_04xlpA direction-ltr align-center para-style-body\"><span class=\"JsGRdQ\">Jesus foi s\u00f3 um anjo, ent\u00e3o n\u00e3o existe a sant\u00edssima trindade\u00a0<\/span><span class=\"JsGRdQ\">(e ele n\u00e3o sentiu fome, nem sede, n\u00e3o morreu &#8211; e ent\u00e3o, n\u00e3o ressuscitou).<\/span><\/p>\n<p class=\"_04xlpA direction-ltr align-center para-style-body\"><span class=\"JsGRdQ\">Para\u00edso celeste &#8211; pureza absoluta.<\/span><\/p>\n<p>&nbsp;<\/p>\n<p><strong>Cronologia:<\/strong><br \/>\n<span class=\"JsGRdQ\">O impacto das atividades c\u00e1taras levaram a aTITUDES extremas DA IGREJA CAT\u00d3LICA.<\/span><\/p>\n<p>1163 &#8211; <em>Surgimento do Catarismo na literatura.<\/em><br \/>\n<span class=\"JsGRdQ\">O abade Eckbert von Sch\u00f6nau vai escrever sobre eles em 1163, mas h\u00e1 estudos que que indicam que eles surgem no s\u00e9culo X.<\/span><\/p>\n<p class=\"_04xlpA direction-ltr align-center para-style-body\"><span class=\"JsGRdQ\">1209 &#8211; <em>Cruzada Albigense.\u00a0<\/em><\/span><span class=\"JsGRdQ\">Campanha militar contra os C\u00e1taros at\u00e9 1229.\u00a0 <\/span><span class=\"JsGRdQ\">A fortaleza de Monts\u00e9gur resistiu at\u00e9 1244.<\/span><\/p>\n<p>1229 &#8211;\u00a0<em>Inquisi\u00e7\u00e3o.\u00a0<\/em><span class=\"JsGRdQ\">Criado durante o Conc\u00edlio de Toulouse em 1229, foi oficializado em 1231 e tinha por objetivo procurar, julgar e erradicar grupos divergentes.<\/span><\/p>\n<p>S\u00e9c. XIV &#8211;\u00a0<em><span class=\"JsGRdQ\">Exterm\u00ednio.\u00a0<\/span><\/em><span class=\"JsGRdQ\">No in\u00edcio do s\u00e9culo os \u00faltimos C\u00e1taros resistentes foram identificados, perseguidos e eliminados.<\/span><\/p>\n<p>Veja a pesquisa da Adri como card no Instagram <a href=\"https:\/\/www.instagram.com\/p\/CA8QCq3AxE3\/\" target=\"_blank\" rel=\"noopener\">aqui.<\/a><\/p>\n<p>&nbsp;<\/p>\n<p><strong>MESTRANDA ADRIENNE PEIXOTO CARDOSO<\/strong><br \/>\nMestranda em Hist\u00f3ria do PPGH da UFPel; Graduanda de Letras \u2013 Portugu\u00eas e Franc\u00eas pela UFPel. Licenciada\u00a0 e\u00a0m Hist\u00f3ria pela Universidade Federal do Pampa (UNIPAMPA).<br \/>\nIntegrante do POIEMA desde 2020.<br \/>\n<a href=\"http:\/\/lattes.cnpq.br\/6867190602076981\">Lattes<\/a><\/p>\n","protected":false},"excerpt":{"rendered":"<p>Heresia: A palavra heresia vem do latim haeresis e significa uma doutrina contr\u00e1ria ao que foi definido pela Igreja nos assuntos de f\u00e9 (aquele que escolhe, aquele que faz uma op\u00e7\u00e3o) (NOVINSKY, 1983). Tamb\u00e9m tem origem no idioma grego hairesis, em que significa \u201ca\u00e7\u00e3o de pegar\u201d, no sentido metaf\u00f3rico de \u201cescolher, ter prefer\u00eancia, vis\u00e3o particular &hellip; <\/p>\n<p><a class=\"more-link btn\" href=\"https:\/\/wp.ufpel.edu.br\/poiema\/adrienne-cardoso\/\">Continue lendo<\/a><\/p>\n","protected":false},"author":1170,"featured_media":0,"parent":0,"menu_order":0,"comment_status":"closed","ping_status":"closed","template":"","meta":{"footnotes":""},"class_list":["post-1338","page","type-page","status-publish","hentry","nodate","item-wrap"],"yoast_head":"<!-- This site is optimized with the Yoast SEO plugin v26.7 - https:\/\/yoast.com\/wordpress\/plugins\/seo\/ -->\n<title>Pesquisa: A Busca pela Pureza Absoluta - Os C\u00e1taros - POIEMA<\/title>\n<meta name=\"robots\" content=\"index, follow, max-snippet:-1, max-image-preview:large, max-video-preview:-1\" \/>\n<link rel=\"canonical\" href=\"https:\/\/wp.ufpel.edu.br\/poiema\/adrienne-cardoso\/\" \/>\n<meta property=\"og:locale\" content=\"pt_BR\" \/>\n<meta property=\"og:type\" content=\"article\" \/>\n<meta property=\"og:title\" content=\"Pesquisa: A Busca pela Pureza Absoluta - Os C\u00e1taros - POIEMA\" \/>\n<meta property=\"og:description\" content=\"Heresia: A palavra heresia vem do latim haeresis e significa uma doutrina contr\u00e1ria ao que foi definido pela Igreja nos assuntos de f\u00e9 (aquele que escolhe, aquele que faz uma op\u00e7\u00e3o) (NOVINSKY, 1983). Tamb\u00e9m tem origem no idioma grego hairesis, em que significa \u201ca\u00e7\u00e3o de pegar\u201d, no sentido metaf\u00f3rico de \u201cescolher, ter prefer\u00eancia, vis\u00e3o particular &hellip; Continue lendo\" \/>\n<meta property=\"og:url\" content=\"https:\/\/wp.ufpel.edu.br\/poiema\/adrienne-cardoso\/\" \/>\n<meta property=\"og:site_name\" content=\"POIEMA\" \/>\n<meta property=\"article:modified_time\" content=\"2022-09-27T08:27:41+00:00\" \/>\n<meta name=\"twitter:card\" content=\"summary_large_image\" \/>\n<meta name=\"twitter:label1\" content=\"Est. tempo de leitura\" \/>\n\t<meta name=\"twitter:data1\" content=\"4 minutos\" \/>\n<script type=\"application\/ld+json\" class=\"yoast-schema-graph\">{\"@context\":\"https:\/\/schema.org\",\"@graph\":[{\"@type\":\"WebPage\",\"@id\":\"https:\/\/wp.ufpel.edu.br\/poiema\/adrienne-cardoso\/\",\"url\":\"https:\/\/wp.ufpel.edu.br\/poiema\/adrienne-cardoso\/\",\"name\":\"Pesquisa: A Busca pela Pureza Absoluta - Os C\u00e1taros - POIEMA\",\"isPartOf\":{\"@id\":\"https:\/\/wp.ufpel.edu.br\/poiema\/#website\"},\"datePublished\":\"2021-09-15T18:40:29+00:00\",\"dateModified\":\"2022-09-27T08:27:41+00:00\",\"breadcrumb\":{\"@id\":\"https:\/\/wp.ufpel.edu.br\/poiema\/adrienne-cardoso\/#breadcrumb\"},\"inLanguage\":\"pt-BR\",\"potentialAction\":[{\"@type\":\"ReadAction\",\"target\":[\"https:\/\/wp.ufpel.edu.br\/poiema\/adrienne-cardoso\/\"]}]},{\"@type\":\"BreadcrumbList\",\"@id\":\"https:\/\/wp.ufpel.edu.br\/poiema\/adrienne-cardoso\/#breadcrumb\",\"itemListElement\":[{\"@type\":\"ListItem\",\"position\":1,\"name\":\"In\u00edcio\",\"item\":\"https:\/\/wp.ufpel.edu.br\/poiema\/\"},{\"@type\":\"ListItem\",\"position\":2,\"name\":\"Pesquisa: A Busca pela Pureza Absoluta &#8211; Os C\u00e1taros\"}]},{\"@type\":\"WebSite\",\"@id\":\"https:\/\/wp.ufpel.edu.br\/poiema\/#website\",\"url\":\"https:\/\/wp.ufpel.edu.br\/poiema\/\",\"name\":\"POIEMA\",\"description\":\"POIEMA ufpel\",\"potentialAction\":[{\"@type\":\"SearchAction\",\"target\":{\"@type\":\"EntryPoint\",\"urlTemplate\":\"https:\/\/wp.ufpel.edu.br\/poiema\/?s={search_term_string}\"},\"query-input\":{\"@type\":\"PropertyValueSpecification\",\"valueRequired\":true,\"valueName\":\"search_term_string\"}}],\"inLanguage\":\"pt-BR\"}]}<\/script>\n<!-- \/ Yoast SEO plugin. -->","yoast_head_json":{"title":"Pesquisa: A Busca pela Pureza Absoluta - Os C\u00e1taros - POIEMA","robots":{"index":"index","follow":"follow","max-snippet":"max-snippet:-1","max-image-preview":"max-image-preview:large","max-video-preview":"max-video-preview:-1"},"canonical":"https:\/\/wp.ufpel.edu.br\/poiema\/adrienne-cardoso\/","og_locale":"pt_BR","og_type":"article","og_title":"Pesquisa: A Busca pela Pureza Absoluta - Os C\u00e1taros - POIEMA","og_description":"Heresia: A palavra heresia vem do latim haeresis e significa uma doutrina contr\u00e1ria ao que foi definido pela Igreja nos assuntos de f\u00e9 (aquele que escolhe, aquele que faz uma op\u00e7\u00e3o) (NOVINSKY, 1983). Tamb\u00e9m tem origem no idioma grego hairesis, em que significa \u201ca\u00e7\u00e3o de pegar\u201d, no sentido metaf\u00f3rico de \u201cescolher, ter prefer\u00eancia, vis\u00e3o particular &hellip; Continue lendo","og_url":"https:\/\/wp.ufpel.edu.br\/poiema\/adrienne-cardoso\/","og_site_name":"POIEMA","article_modified_time":"2022-09-27T08:27:41+00:00","twitter_card":"summary_large_image","twitter_misc":{"Est. tempo de leitura":"4 minutos"},"schema":{"@context":"https:\/\/schema.org","@graph":[{"@type":"WebPage","@id":"https:\/\/wp.ufpel.edu.br\/poiema\/adrienne-cardoso\/","url":"https:\/\/wp.ufpel.edu.br\/poiema\/adrienne-cardoso\/","name":"Pesquisa: A Busca pela Pureza Absoluta - Os C\u00e1taros - POIEMA","isPartOf":{"@id":"https:\/\/wp.ufpel.edu.br\/poiema\/#website"},"datePublished":"2021-09-15T18:40:29+00:00","dateModified":"2022-09-27T08:27:41+00:00","breadcrumb":{"@id":"https:\/\/wp.ufpel.edu.br\/poiema\/adrienne-cardoso\/#breadcrumb"},"inLanguage":"pt-BR","potentialAction":[{"@type":"ReadAction","target":["https:\/\/wp.ufpel.edu.br\/poiema\/adrienne-cardoso\/"]}]},{"@type":"BreadcrumbList","@id":"https:\/\/wp.ufpel.edu.br\/poiema\/adrienne-cardoso\/#breadcrumb","itemListElement":[{"@type":"ListItem","position":1,"name":"In\u00edcio","item":"https:\/\/wp.ufpel.edu.br\/poiema\/"},{"@type":"ListItem","position":2,"name":"Pesquisa: A Busca pela Pureza Absoluta &#8211; Os C\u00e1taros"}]},{"@type":"WebSite","@id":"https:\/\/wp.ufpel.edu.br\/poiema\/#website","url":"https:\/\/wp.ufpel.edu.br\/poiema\/","name":"POIEMA","description":"POIEMA ufpel","potentialAction":[{"@type":"SearchAction","target":{"@type":"EntryPoint","urlTemplate":"https:\/\/wp.ufpel.edu.br\/poiema\/?s={search_term_string}"},"query-input":{"@type":"PropertyValueSpecification","valueRequired":true,"valueName":"search_term_string"}}],"inLanguage":"pt-BR"}]}},"jetpack_sharing_enabled":true,"_links":{"self":[{"href":"https:\/\/wp.ufpel.edu.br\/poiema\/wp-json\/wp\/v2\/pages\/1338","targetHints":{"allow":["GET"]}}],"collection":[{"href":"https:\/\/wp.ufpel.edu.br\/poiema\/wp-json\/wp\/v2\/pages"}],"about":[{"href":"https:\/\/wp.ufpel.edu.br\/poiema\/wp-json\/wp\/v2\/types\/page"}],"author":[{"embeddable":true,"href":"https:\/\/wp.ufpel.edu.br\/poiema\/wp-json\/wp\/v2\/users\/1170"}],"replies":[{"embeddable":true,"href":"https:\/\/wp.ufpel.edu.br\/poiema\/wp-json\/wp\/v2\/comments?post=1338"}],"version-history":[{"count":6,"href":"https:\/\/wp.ufpel.edu.br\/poiema\/wp-json\/wp\/v2\/pages\/1338\/revisions"}],"predecessor-version":[{"id":4546,"href":"https:\/\/wp.ufpel.edu.br\/poiema\/wp-json\/wp\/v2\/pages\/1338\/revisions\/4546"}],"wp:attachment":[{"href":"https:\/\/wp.ufpel.edu.br\/poiema\/wp-json\/wp\/v2\/media?parent=1338"}],"curies":[{"name":"wp","href":"https:\/\/api.w.org\/{rel}","templated":true}]}}