{"id":1328,"date":"2021-09-15T13:50:02","date_gmt":"2021-09-15T16:50:02","guid":{"rendered":"https:\/\/wp.ufpel.edu.br\/poiema\/?page_id=1328"},"modified":"2022-10-10T13:04:34","modified_gmt":"2022-10-10T16:04:34","slug":"gabriela-dallazem","status":"publish","type":"page","link":"https:\/\/wp.ufpel.edu.br\/poiema\/gabriela-dallazem\/","title":{"rendered":"Pesquisa: A Medicina natural nos s\u00e9culos XI e XII: um di\u00e1logo entre Trotula de Salerno e Hildegarda de Bingen"},"content":{"rendered":"<p>A desmistifica\u00e7\u00e3o no que concerne a imagem da mulher no medievo, como algu\u00e9m sem conhecimento e incapaz de produzi-lo, especificamente no campo da medicina e da literatura, \u00e9 um dos objetivos da pesquisa da Gabi.<\/p>\n<p>O projeto ainda est\u00e1 no in\u00edcio, mas visa um di\u00e1logo entre duas mulheres super importantes: Trotula de Salerno e Hildegarda de Bingen.<\/p>\n<p>Essas duas figuras femininas possibilitam, atrav\u00e9s de suas obras, pensar a medicina envolvendo o corpo feminino, doen\u00e7as sexuais, plantas medicinais e seus usos.<\/p>\n<p>A ideia da pesquisa, na verdade, nasceu a partir da vontade e curiosidade de trabalhar com a medicina natural dentro da bruxaria, utilizando-se da s\u00e9rie Outlander (2014 &#8211; atualmente) como recep\u00e7\u00e3o desse tema.<\/p>\n<p>A Gabi sempre foi interessada nessa quest\u00e3o da imagem da mulher, principalmente medieval, detentora de conhecimento, associada \u00e0 bruxaria e \u00e0 malignidade.<\/p>\n<p>Entretanto, ap\u00f3s conversar com a professora Daniele Gallindo, optou por iniciar a pesquisa a partir do s\u00e9culo XI, no qual existiam mulheres como a Trotula que n\u00e3o eram vistas como perversas, levando assim, a uma constru\u00e7\u00e3o de uma imagem contr\u00e1ria aos s\u00e9culos que se seguiram.<\/p>\n<p>Atrav\u00e9s das obras e ensinamentos deixados por Hildegarda e Trotula, a proposi\u00e7\u00e3o \u00e9 compreender como essa deten\u00e7\u00e3o de conhecimento se deu, o que isso significava e ainda significa para o g\u00eanero feminino na ci\u00eancia, al\u00e9m de incitar o questionamento: o que levou a essa mudan\u00e7a de vis\u00e3o sobre a mulher nos s\u00e9culos posteriores?<\/p>\n<p>Outro objetivo do di\u00e1logo entre Hildegarda e Trotula ser\u00e1 demonstrar como a Idade M\u00e9dia n\u00e3o foi um per\u00edodo de estagna\u00e7\u00e3o cient\u00edfica, lotada de misoginia, como o imagin\u00e1rio popular tende a acreditar.<\/p>\n<p>Para alcan\u00e7ar uma compreens\u00e3o acerca do porqu\u00ea essa representa\u00e7\u00e3o se transformou ao longo dos s\u00e9culos, devemos olhar para o in\u00edcio, e a Gabi pretende construir exatamente isso: uma \u201chist\u00f3ria\u201d com come\u00e7o, meio e fim.<\/p>\n<p>Veja a pesquisa da Gabi como card no Instagram <a href=\"https:\/\/www.instagram.com\/p\/CULbXHOpuT2\/\" target=\"_blank\" rel=\"noopener\">aqui.<\/a><\/p>\n<p><strong>GRADUANDA <\/strong><strong>GABRIELA DALLAZEM BISOTTO<\/strong><br \/>\nGraduanda em Hist\u00f3ria Bacharelado na Universidade Federal de Pelotas desde o ano de 2020.<br \/>\nIntegrante do POIEMA desde 2021.<\/p>\n","protected":false},"excerpt":{"rendered":"<p>A desmistifica\u00e7\u00e3o no que concerne a imagem da mulher no medievo, como algu\u00e9m sem conhecimento e incapaz de produzi-lo, especificamente no campo da medicina e da literatura, \u00e9 um dos objetivos da pesquisa da Gabi. O projeto ainda est\u00e1 no in\u00edcio, mas visa um di\u00e1logo entre duas mulheres super importantes: Trotula de Salerno e Hildegarda &hellip; <\/p>\n<p><a class=\"more-link btn\" href=\"https:\/\/wp.ufpel.edu.br\/poiema\/gabriela-dallazem\/\">Continue lendo<\/a><\/p>\n","protected":false},"author":1170,"featured_media":0,"parent":0,"menu_order":0,"comment_status":"closed","ping_status":"closed","template":"","meta":{"footnotes":""},"class_list":["post-1328","page","type-page","status-publish","hentry","nodate","item-wrap"],"yoast_head":"<!-- This site is optimized with the Yoast SEO plugin v26.7 - https:\/\/yoast.com\/wordpress\/plugins\/seo\/ -->\n<title>Pesquisa: A Medicina natural nos s\u00e9culos XI e XII: um di\u00e1logo entre Trotula de Salerno e Hildegarda de Bingen - POIEMA<\/title>\n<meta name=\"robots\" content=\"index, follow, max-snippet:-1, max-image-preview:large, max-video-preview:-1\" \/>\n<link rel=\"canonical\" href=\"https:\/\/wp.ufpel.edu.br\/poiema\/gabriela-dallazem\/\" \/>\n<meta property=\"og:locale\" content=\"pt_BR\" \/>\n<meta property=\"og:type\" content=\"article\" \/>\n<meta property=\"og:title\" content=\"Pesquisa: A Medicina natural nos s\u00e9culos XI e XII: um di\u00e1logo entre Trotula de Salerno e Hildegarda de Bingen - POIEMA\" \/>\n<meta property=\"og:description\" content=\"A desmistifica\u00e7\u00e3o no que concerne a imagem da mulher no medievo, como algu\u00e9m sem conhecimento e incapaz de produzi-lo, especificamente no campo da medicina e da literatura, \u00e9 um dos objetivos da pesquisa da Gabi. O projeto ainda est\u00e1 no in\u00edcio, mas visa um di\u00e1logo entre duas mulheres super importantes: Trotula de Salerno e Hildegarda &hellip; Continue lendo\" \/>\n<meta property=\"og:url\" content=\"https:\/\/wp.ufpel.edu.br\/poiema\/gabriela-dallazem\/\" \/>\n<meta property=\"og:site_name\" content=\"POIEMA\" \/>\n<meta property=\"article:modified_time\" content=\"2022-10-10T16:04:34+00:00\" \/>\n<meta name=\"twitter:card\" content=\"summary_large_image\" \/>\n<meta name=\"twitter:label1\" content=\"Est. tempo de leitura\" \/>\n\t<meta name=\"twitter:data1\" content=\"2 minutos\" \/>\n<script type=\"application\/ld+json\" class=\"yoast-schema-graph\">{\"@context\":\"https:\/\/schema.org\",\"@graph\":[{\"@type\":\"WebPage\",\"@id\":\"https:\/\/wp.ufpel.edu.br\/poiema\/gabriela-dallazem\/\",\"url\":\"https:\/\/wp.ufpel.edu.br\/poiema\/gabriela-dallazem\/\",\"name\":\"Pesquisa: A Medicina natural nos s\u00e9culos XI e XII: um di\u00e1logo entre Trotula de Salerno e Hildegarda de Bingen - POIEMA\",\"isPartOf\":{\"@id\":\"https:\/\/wp.ufpel.edu.br\/poiema\/#website\"},\"datePublished\":\"2021-09-15T16:50:02+00:00\",\"dateModified\":\"2022-10-10T16:04:34+00:00\",\"breadcrumb\":{\"@id\":\"https:\/\/wp.ufpel.edu.br\/poiema\/gabriela-dallazem\/#breadcrumb\"},\"inLanguage\":\"pt-BR\",\"potentialAction\":[{\"@type\":\"ReadAction\",\"target\":[\"https:\/\/wp.ufpel.edu.br\/poiema\/gabriela-dallazem\/\"]}]},{\"@type\":\"BreadcrumbList\",\"@id\":\"https:\/\/wp.ufpel.edu.br\/poiema\/gabriela-dallazem\/#breadcrumb\",\"itemListElement\":[{\"@type\":\"ListItem\",\"position\":1,\"name\":\"In\u00edcio\",\"item\":\"https:\/\/wp.ufpel.edu.br\/poiema\/\"},{\"@type\":\"ListItem\",\"position\":2,\"name\":\"Pesquisa: A Medicina natural nos s\u00e9culos XI e XII: um di\u00e1logo entre Trotula de Salerno e Hildegarda de Bingen\"}]},{\"@type\":\"WebSite\",\"@id\":\"https:\/\/wp.ufpel.edu.br\/poiema\/#website\",\"url\":\"https:\/\/wp.ufpel.edu.br\/poiema\/\",\"name\":\"POIEMA\",\"description\":\"POIEMA ufpel\",\"potentialAction\":[{\"@type\":\"SearchAction\",\"target\":{\"@type\":\"EntryPoint\",\"urlTemplate\":\"https:\/\/wp.ufpel.edu.br\/poiema\/?s={search_term_string}\"},\"query-input\":{\"@type\":\"PropertyValueSpecification\",\"valueRequired\":true,\"valueName\":\"search_term_string\"}}],\"inLanguage\":\"pt-BR\"}]}<\/script>\n<!-- \/ Yoast SEO plugin. -->","yoast_head_json":{"title":"Pesquisa: A Medicina natural nos s\u00e9culos XI e XII: um di\u00e1logo entre Trotula de Salerno e Hildegarda de Bingen - POIEMA","robots":{"index":"index","follow":"follow","max-snippet":"max-snippet:-1","max-image-preview":"max-image-preview:large","max-video-preview":"max-video-preview:-1"},"canonical":"https:\/\/wp.ufpel.edu.br\/poiema\/gabriela-dallazem\/","og_locale":"pt_BR","og_type":"article","og_title":"Pesquisa: A Medicina natural nos s\u00e9culos XI e XII: um di\u00e1logo entre Trotula de Salerno e Hildegarda de Bingen - POIEMA","og_description":"A desmistifica\u00e7\u00e3o no que concerne a imagem da mulher no medievo, como algu\u00e9m sem conhecimento e incapaz de produzi-lo, especificamente no campo da medicina e da literatura, \u00e9 um dos objetivos da pesquisa da Gabi. O projeto ainda est\u00e1 no in\u00edcio, mas visa um di\u00e1logo entre duas mulheres super importantes: Trotula de Salerno e Hildegarda &hellip; Continue lendo","og_url":"https:\/\/wp.ufpel.edu.br\/poiema\/gabriela-dallazem\/","og_site_name":"POIEMA","article_modified_time":"2022-10-10T16:04:34+00:00","twitter_card":"summary_large_image","twitter_misc":{"Est. tempo de leitura":"2 minutos"},"schema":{"@context":"https:\/\/schema.org","@graph":[{"@type":"WebPage","@id":"https:\/\/wp.ufpel.edu.br\/poiema\/gabriela-dallazem\/","url":"https:\/\/wp.ufpel.edu.br\/poiema\/gabriela-dallazem\/","name":"Pesquisa: A Medicina natural nos s\u00e9culos XI e XII: um di\u00e1logo entre Trotula de Salerno e Hildegarda de Bingen - POIEMA","isPartOf":{"@id":"https:\/\/wp.ufpel.edu.br\/poiema\/#website"},"datePublished":"2021-09-15T16:50:02+00:00","dateModified":"2022-10-10T16:04:34+00:00","breadcrumb":{"@id":"https:\/\/wp.ufpel.edu.br\/poiema\/gabriela-dallazem\/#breadcrumb"},"inLanguage":"pt-BR","potentialAction":[{"@type":"ReadAction","target":["https:\/\/wp.ufpel.edu.br\/poiema\/gabriela-dallazem\/"]}]},{"@type":"BreadcrumbList","@id":"https:\/\/wp.ufpel.edu.br\/poiema\/gabriela-dallazem\/#breadcrumb","itemListElement":[{"@type":"ListItem","position":1,"name":"In\u00edcio","item":"https:\/\/wp.ufpel.edu.br\/poiema\/"},{"@type":"ListItem","position":2,"name":"Pesquisa: A Medicina natural nos s\u00e9culos XI e XII: um di\u00e1logo entre Trotula de Salerno e Hildegarda de Bingen"}]},{"@type":"WebSite","@id":"https:\/\/wp.ufpel.edu.br\/poiema\/#website","url":"https:\/\/wp.ufpel.edu.br\/poiema\/","name":"POIEMA","description":"POIEMA ufpel","potentialAction":[{"@type":"SearchAction","target":{"@type":"EntryPoint","urlTemplate":"https:\/\/wp.ufpel.edu.br\/poiema\/?s={search_term_string}"},"query-input":{"@type":"PropertyValueSpecification","valueRequired":true,"valueName":"search_term_string"}}],"inLanguage":"pt-BR"}]}},"jetpack_sharing_enabled":true,"_links":{"self":[{"href":"https:\/\/wp.ufpel.edu.br\/poiema\/wp-json\/wp\/v2\/pages\/1328","targetHints":{"allow":["GET"]}}],"collection":[{"href":"https:\/\/wp.ufpel.edu.br\/poiema\/wp-json\/wp\/v2\/pages"}],"about":[{"href":"https:\/\/wp.ufpel.edu.br\/poiema\/wp-json\/wp\/v2\/types\/page"}],"author":[{"embeddable":true,"href":"https:\/\/wp.ufpel.edu.br\/poiema\/wp-json\/wp\/v2\/users\/1170"}],"replies":[{"embeddable":true,"href":"https:\/\/wp.ufpel.edu.br\/poiema\/wp-json\/wp\/v2\/comments?post=1328"}],"version-history":[{"count":6,"href":"https:\/\/wp.ufpel.edu.br\/poiema\/wp-json\/wp\/v2\/pages\/1328\/revisions"}],"predecessor-version":[{"id":3843,"href":"https:\/\/wp.ufpel.edu.br\/poiema\/wp-json\/wp\/v2\/pages\/1328\/revisions\/3843"}],"wp:attachment":[{"href":"https:\/\/wp.ufpel.edu.br\/poiema\/wp-json\/wp\/v2\/media?parent=1328"}],"curies":[{"name":"wp","href":"https:\/\/api.w.org\/{rel}","templated":true}]}}