{"id":722,"date":"2019-06-07T17:15:49","date_gmt":"2019-06-07T20:15:49","guid":{"rendered":"https:\/\/wp.ufpel.edu.br\/poderescolar\/?page_id=722"},"modified":"2019-07-30T21:51:12","modified_gmt":"2019-07-31T00:51:12","slug":"envio-de-experiencias-pedagogicas","status":"publish","type":"page","link":"https:\/\/wp.ufpel.edu.br\/poderescolar\/envio-de-experiencias-pedagogicas\/","title":{"rendered":"Envio de experi\u00eancias pedag\u00f3gicas"},"content":{"rendered":"<p>As inscri\u00e7\u00f5es de experi\u00eancias pedag\u00f3gicas iniciam dia <strong>17\/06\/2019<\/strong>, encerram dia <strong><del datetime=\"2019-07-31T00:49:29+00:00\">31\/07\/2019<\/del><\/strong> <strong>(inscri\u00e7\u00f5es prorrogadas at\u00e9 15\/08\/2019)<\/strong>. Os resumos devem ser enviados para o e-mail: experiencias14poderescolar@gmail.com<\/p>\n<p><strong>Observa\u00e7\u00f5es importantes:<\/strong><br \/>\n1) \u00c9 obrigat\u00f3rio que um dos autores seja professor de escola b\u00e1sica;<br \/>\n2) Cada participante poder\u00e1 inscrever at\u00e9 dois resumos;<br \/>\n3) A escrita do resumo deve ser em texto corrido (par\u00e1grafo \u00fanico) e, no m\u00e1ximo, em duas p\u00e1ginas. O texto deve ser digitado em letra Times New Roman, tamanho 12, no formato Word;<br \/>\n4) Todas as refer\u00eancias citadas (direta ou indiretamente) dever\u00e3o ser indicadas ao final do resumo;<br \/>\n5) Somente ser\u00e3o apresentadas as experi\u00eancias pedag\u00f3gicas aprovadas e com as inscri\u00e7\u00f5es pagas por todos os autores;<br \/>\n6) Os Eixos Tem\u00e1ticos para a inscri\u00e7\u00e3o de experi\u00eancias pedag\u00f3gicas s\u00e3o:<br \/>\nI \u2013 Educa\u00e7\u00e3o Infantil;<br \/>\nII \u2013 Ensino Fundamental\/Anos Iniciais;<br \/>\nIII \u2013 Ensino Fundamental\/Anos Finais;<br \/>\nIV \u2013 Ensino M\u00e9dio;<br \/>\nV \u2013 Educa\u00e7\u00e3o Inclusiva;<br \/>\nVI \u2013 Educa\u00e7\u00e3o de Jovens e Adultos (EJA);<br \/>\nVII \u2013 Forma\u00e7\u00e3o de Professores;<br \/>\nVIII \u2013 Gest\u00e3o Escolar.<br \/>\n7) Os resumos devem seguir o modelo abaixo:<br \/>\n<a href=\"https:\/\/wp.ufpel.edu.br\/poderescolar\/files\/2019\/06\/Modelo-Resumo-14\u00ba-Encontro-sobre-o-Poder-Escolar-1.docx\">Modelo &#8211; Resumo &#8211; 14\u00ba Encontro sobre o Poder Escolar<\/a><\/p>\n","protected":false},"excerpt":{"rendered":"<p>As inscri\u00e7\u00f5es de experi\u00eancias pedag\u00f3gicas iniciam dia 17\/06\/2019, encerram dia 31\/07\/2019 (inscri\u00e7\u00f5es prorrogadas at\u00e9 15\/08\/2019). Os resumos devem ser enviados para o e-mail: experiencias14poderescolar@gmail.com Observa\u00e7\u00f5es importantes: 1) \u00c9 obrigat\u00f3rio que um dos autores seja professor de escola b\u00e1sica; 2) Cada participante poder\u00e1 inscrever at\u00e9 dois resumos; 3) A escrita do resumo deve ser em texto &hellip; <\/p>\n<p><a class=\"more-link btn\" href=\"https:\/\/wp.ufpel.edu.br\/poderescolar\/envio-de-experiencias-pedagogicas\/\">Continue lendo<\/a><\/p>\n","protected":false},"author":631,"featured_media":0,"parent":0,"menu_order":0,"comment_status":"closed","ping_status":"closed","template":"","meta":{"footnotes":""},"class_list":["post-722","page","type-page","status-publish","hentry","nodate","item-wrap"],"jetpack_sharing_enabled":true,"_links":{"self":[{"href":"https:\/\/wp.ufpel.edu.br\/poderescolar\/wp-json\/wp\/v2\/pages\/722","targetHints":{"allow":["GET"]}}],"collection":[{"href":"https:\/\/wp.ufpel.edu.br\/poderescolar\/wp-json\/wp\/v2\/pages"}],"about":[{"href":"https:\/\/wp.ufpel.edu.br\/poderescolar\/wp-json\/wp\/v2\/types\/page"}],"author":[{"embeddable":true,"href":"https:\/\/wp.ufpel.edu.br\/poderescolar\/wp-json\/wp\/v2\/users\/631"}],"replies":[{"embeddable":true,"href":"https:\/\/wp.ufpel.edu.br\/poderescolar\/wp-json\/wp\/v2\/comments?post=722"}],"version-history":[{"count":14,"href":"https:\/\/wp.ufpel.edu.br\/poderescolar\/wp-json\/wp\/v2\/pages\/722\/revisions"}],"predecessor-version":[{"id":799,"href":"https:\/\/wp.ufpel.edu.br\/poderescolar\/wp-json\/wp\/v2\/pages\/722\/revisions\/799"}],"wp:attachment":[{"href":"https:\/\/wp.ufpel.edu.br\/poderescolar\/wp-json\/wp\/v2\/media?parent=722"}],"curies":[{"name":"wp","href":"https:\/\/api.w.org\/{rel}","templated":true}]}}