{"id":715,"date":"2019-06-07T17:06:44","date_gmt":"2019-06-07T20:06:44","guid":{"rendered":"https:\/\/wp.ufpel.edu.br\/poderescolar\/?page_id=715"},"modified":"2019-09-20T14:35:57","modified_gmt":"2019-09-20T17:35:57","slug":"inscricoes-14o-poder-escolar","status":"publish","type":"page","link":"https:\/\/wp.ufpel.edu.br\/poderescolar\/inscricoes-14o-poder-escolar\/","title":{"rendered":"Inscri\u00e7\u00f5es 14\u00ba Encontro sobre o Poder Escolar"},"content":{"rendered":"<p>Inscri\u00e7\u00f5es de participantes: <del datetime=\"2019-09-20T17:37:12+00:00\">de <strong>17\/06\/2019<\/strong> a <strong>30\/08\/2019<\/strong> (ou at\u00e9 se esgotarem as 800 vagas)<\/del>.<br \/>\n<strong>INSCRI\u00c7\u00d5ES ENCERRADAS<\/strong><\/p>\n<p><strong>Passo a passo para realizar a inscri\u00e7\u00e3o no 14\u00ba Encontro sobre o Poder Escolar<\/strong><\/p>\n<p><strong>1. Acessar o site do Guia de Recolhimento da Uni\u00e3o:<\/strong><br \/>\n<a href=\"http:\/\/consulta.tesouro.fazenda.gov.br\/gru_novosite\/gru_simples.asp\">http:\/\/consulta.tesouro.fazenda.gov.br\/gru_novosite\/gru_simples.asp<\/a><\/p>\n<p><strong>2. Preencher da seguinte forma:<\/strong><br \/>\nUnidade Gestora: 154047<br \/>\nGest\u00e3o: 15264 (Funda\u00e7\u00e3o Universidade Federal de Pelotas)<br \/>\nNome da Unidade: Funda\u00e7\u00e3o Universidade Federal de Pelotas<br \/>\nC\u00f3digo de Recolhimento: 28832-2 (Servi\u00e7os Educacionais)<\/p>\n<p><strong>3. Clicar em <em>Avan\u00e7ar<\/em><\/strong><\/p>\n<p><strong>4. Preencher da seguinte forma:<\/strong><br \/>\nN\u00famero de refer\u00eancia: 154126<br \/>\nCompet\u00eancia: m\u00eas da inscri\u00e7\u00e3o\/2019 (Ex.: 06\/2019)<br \/>\nVencimento: escolher uma data dentro do per\u00edodo de inscri\u00e7\u00f5es (17\/06\/2019 a 30\/08\/2019)<br \/>\nCPF:<br \/>\nNome Completo:<br \/>\nValor Principal: R$ 30,00<br \/>\nValor Total: R$ 30,00<br \/>\nSelecione uma op\u00e7\u00e3o de gera\u00e7\u00e3o:<br \/>\n<strong>Clicar em <em>Emitir GRU<\/em><\/strong><\/p>\n<p><strong>5. A GRU (Guia de Recolhimento da Uni\u00e3o) dever\u00e1 ser emitida, impressa e paga. Ap\u00f3s o pagamento, enviar a c\u00f3pia da GRU com o comprovante de pagamento para o e-mail:<\/strong> inscricoes14poderescolar@gmail.com<\/p>\n<p><strong>Solicita\u00e7\u00e3o importante:<\/strong> No momento de envio da GRU com o comprovante de pagamento, informar sobre a necessidade de atendimento especializado durante a realiza\u00e7\u00e3o do evento e especificar qual o atendimento necess\u00e1rio (por exemplo: acessibilidade \u00e0s salas, Tradutor-Int\u00e9rprete de Libras&#8230;).<\/p>\n<p>A Comiss\u00e3o Organizadora responder\u00e1 a correspond\u00eancia eletr\u00f4nica recebida e confirmar\u00e1 a inscri\u00e7\u00e3o.<br \/>\nD\u00favidas poder\u00e3o ser esclarecidas pelo e-mail: inscricoes14poderescolar@gmail.com<\/p>\n","protected":false},"excerpt":{"rendered":"<p>Inscri\u00e7\u00f5es de participantes: de 17\/06\/2019 a 30\/08\/2019 (ou at\u00e9 se esgotarem as 800 vagas). INSCRI\u00c7\u00d5ES ENCERRADAS Passo a passo para realizar a inscri\u00e7\u00e3o no 14\u00ba Encontro sobre o Poder Escolar 1. Acessar o site do Guia de Recolhimento da Uni\u00e3o: http:\/\/consulta.tesouro.fazenda.gov.br\/gru_novosite\/gru_simples.asp 2. Preencher da seguinte forma: Unidade Gestora: 154047 Gest\u00e3o: 15264 (Funda\u00e7\u00e3o Universidade Federal de &hellip; <\/p>\n<p><a class=\"more-link btn\" href=\"https:\/\/wp.ufpel.edu.br\/poderescolar\/inscricoes-14o-poder-escolar\/\">Continue lendo<\/a><\/p>\n","protected":false},"author":631,"featured_media":0,"parent":0,"menu_order":0,"comment_status":"closed","ping_status":"closed","template":"","meta":{"footnotes":""},"class_list":["post-715","page","type-page","status-publish","hentry","nodate","item-wrap"],"jetpack_sharing_enabled":true,"_links":{"self":[{"href":"https:\/\/wp.ufpel.edu.br\/poderescolar\/wp-json\/wp\/v2\/pages\/715","targetHints":{"allow":["GET"]}}],"collection":[{"href":"https:\/\/wp.ufpel.edu.br\/poderescolar\/wp-json\/wp\/v2\/pages"}],"about":[{"href":"https:\/\/wp.ufpel.edu.br\/poderescolar\/wp-json\/wp\/v2\/types\/page"}],"author":[{"embeddable":true,"href":"https:\/\/wp.ufpel.edu.br\/poderescolar\/wp-json\/wp\/v2\/users\/631"}],"replies":[{"embeddable":true,"href":"https:\/\/wp.ufpel.edu.br\/poderescolar\/wp-json\/wp\/v2\/comments?post=715"}],"version-history":[{"count":12,"href":"https:\/\/wp.ufpel.edu.br\/poderescolar\/wp-json\/wp\/v2\/pages\/715\/revisions"}],"predecessor-version":[{"id":885,"href":"https:\/\/wp.ufpel.edu.br\/poderescolar\/wp-json\/wp\/v2\/pages\/715\/revisions\/885"}],"wp:attachment":[{"href":"https:\/\/wp.ufpel.edu.br\/poderescolar\/wp-json\/wp\/v2\/media?parent=715"}],"curies":[{"name":"wp","href":"https:\/\/api.w.org\/{rel}","templated":true}]}}