{"id":27,"date":"2017-06-28T17:25:26","date_gmt":"2017-06-28T20:25:26","guid":{"rendered":"https:\/\/wp.ufpel.edu.br\/pls\/?page_id=27"},"modified":"2017-08-02T16:27:12","modified_gmt":"2017-08-02T19:27:12","slug":"acoes-vigentes-na-ufpel","status":"publish","type":"page","link":"https:\/\/wp.ufpel.edu.br\/pls\/acoes-vigentes-na-ufpel\/","title":{"rendered":"| A\u00c7\u00d5ES VIGENTES NA UFPEL |"},"content":{"rendered":"\n<!-- iframe plugin v.6.0 wordpress.org\/plugins\/iframe\/ -->\n<iframe src=\"https:\/\/wp.ufpel.edu.br\/pls\/files\/2017\/06\/Quadro-de-A\u00e7\u00f5es-Sustent\u00e1veis-UFPel.pdf\" style=\"border: 0\" width=\"700\" height=\"600\" frameborder=\"0\" scrolling=\"no\" class=\"iframe-class\"><\/iframe>\n\n","protected":false},"excerpt":{"rendered":"","protected":false},"author":773,"featured_media":0,"parent":0,"menu_order":0,"comment_status":"closed","ping_status":"closed","template":"","meta":{"jetpack_post_was_ever_published":false,"footnotes":""},"class_list":["post-27","page","type-page","status-publish","hentry"],"jetpack_sharing_enabled":true,"jetpack_shortlink":"https:\/\/wp.me\/P8UpVi-r","jetpack-related-posts":[],"_links":{"self":[{"href":"https:\/\/wp.ufpel.edu.br\/pls\/wp-json\/wp\/v2\/pages\/27","targetHints":{"allow":["GET"]}}],"collection":[{"href":"https:\/\/wp.ufpel.edu.br\/pls\/wp-json\/wp\/v2\/pages"}],"about":[{"href":"https:\/\/wp.ufpel.edu.br\/pls\/wp-json\/wp\/v2\/types\/page"}],"author":[{"embeddable":true,"href":"https:\/\/wp.ufpel.edu.br\/pls\/wp-json\/wp\/v2\/users\/773"}],"replies":[{"embeddable":true,"href":"https:\/\/wp.ufpel.edu.br\/pls\/wp-json\/wp\/v2\/comments?post=27"}],"version-history":[{"count":7,"href":"https:\/\/wp.ufpel.edu.br\/pls\/wp-json\/wp\/v2\/pages\/27\/revisions"}],"predecessor-version":[{"id":205,"href":"https:\/\/wp.ufpel.edu.br\/pls\/wp-json\/wp\/v2\/pages\/27\/revisions\/205"}],"wp:attachment":[{"href":"https:\/\/wp.ufpel.edu.br\/pls\/wp-json\/wp\/v2\/media?parent=27"}],"curies":[{"name":"wp","href":"https:\/\/api.w.org\/{rel}","templated":true}]}}