{"id":24,"date":"2017-06-28T17:25:12","date_gmt":"2017-06-28T20:25:12","guid":{"rendered":"https:\/\/wp.ufpel.edu.br\/pls\/?page_id=24"},"modified":"2019-03-20T14:18:15","modified_gmt":"2019-03-20T17:18:15","slug":"memorias-das-reunioes","status":"publish","type":"page","link":"https:\/\/wp.ufpel.edu.br\/pls\/memorias-das-reunioes\/","title":{"rendered":"| AGENDA DE REUNI\u00d5ES |"},"content":{"rendered":"<p><img data-recalc-dims=\"1\" data-attachment-id=\"301\" data-permalink=\"https:\/\/wp.ufpel.edu.br\/pls\/memorias-das-reunioes\/calendario-de-reunioes-2019-2\/\" data-orig-file=\"https:\/\/i0.wp.com\/wp.ufpel.edu.br\/pls\/files\/2019\/03\/Calend%C3%A1rio-de-reuni%C3%B5es-2019.jpg?fit=2004%2C1533&amp;ssl=1\" data-orig-size=\"2004,1533\" data-comments-opened=\"0\" data-image-meta=\"{&quot;aperture&quot;:&quot;0&quot;,&quot;credit&quot;:&quot;&quot;,&quot;camera&quot;:&quot;&quot;,&quot;caption&quot;:&quot;&quot;,&quot;created_timestamp&quot;:&quot;0&quot;,&quot;copyright&quot;:&quot;&quot;,&quot;focal_length&quot;:&quot;0&quot;,&quot;iso&quot;:&quot;0&quot;,&quot;shutter_speed&quot;:&quot;0&quot;,&quot;title&quot;:&quot;&quot;,&quot;orientation&quot;:&quot;1&quot;}\" data-image-title=\"Calend\u00e1rio de reuni\u00f5es 2019\" data-image-description=\"\" data-image-caption=\"\" data-medium-file=\"https:\/\/i0.wp.com\/wp.ufpel.edu.br\/pls\/files\/2019\/03\/Calend%C3%A1rio-de-reuni%C3%B5es-2019.jpg?fit=400%2C306&amp;ssl=1\" data-large-file=\"https:\/\/i0.wp.com\/wp.ufpel.edu.br\/pls\/files\/2019\/03\/Calend%C3%A1rio-de-reuni%C3%B5es-2019.jpg?fit=1024%2C783&amp;ssl=1\" src=\"https:\/\/i0.wp.com\/wp.ufpel.edu.br\/pls\/files\/2019\/03\/Calend%C3%A1rio-de-reuni%C3%B5es-2019.jpg?resize=400%2C306&#038;ssl=1\" alt=\"\" width=\"400\" height=\"306\" class=\"alignnone size-medium wp-image-301\" srcset=\"https:\/\/i0.wp.com\/wp.ufpel.edu.br\/pls\/files\/2019\/03\/Calend%C3%A1rio-de-reuni%C3%B5es-2019.jpg?resize=400%2C306&amp;ssl=1 400w, https:\/\/i0.wp.com\/wp.ufpel.edu.br\/pls\/files\/2019\/03\/Calend%C3%A1rio-de-reuni%C3%B5es-2019.jpg?resize=768%2C587&amp;ssl=1 768w, https:\/\/i0.wp.com\/wp.ufpel.edu.br\/pls\/files\/2019\/03\/Calend%C3%A1rio-de-reuni%C3%B5es-2019.jpg?resize=1024%2C783&amp;ssl=1 1024w, https:\/\/i0.wp.com\/wp.ufpel.edu.br\/pls\/files\/2019\/03\/Calend%C3%A1rio-de-reuni%C3%B5es-2019.jpg?w=2004&amp;ssl=1 2004w\" sizes=\"(max-width: 400px) 100vw, 400px\" \/><\/p>\n","protected":false},"excerpt":{"rendered":"","protected":false},"author":773,"featured_media":0,"parent":0,"menu_order":0,"comment_status":"closed","ping_status":"closed","template":"","meta":{"jetpack_post_was_ever_published":false,"footnotes":""},"class_list":["post-24","page","type-page","status-publish","hentry"],"jetpack_sharing_enabled":true,"jetpack_shortlink":"https:\/\/wp.me\/P8UpVi-o","jetpack-related-posts":[{"id":15,"url":"https:\/\/wp.ufpel.edu.br\/pls\/apresentacao\/","url_meta":{"origin":24,"position":0},"title":"| APRESENTA\u00c7\u00c3O |","author":"Territ\u00f3rios UFPEL","date":"28\/06\/2017","format":false,"excerpt":"Precisamos cuidar do nosso mundo: \u00e9 fato. N\u00e3o podemos ficar s\u00f3 no discurso: \u00e9 necess\u00e1rio agir. Ent\u00e3o, o que precisamos fazer para assegurar a harmonia entre a constru\u00e7\u00e3o humana e a natureza? Quais s\u00e3o as condi\u00e7\u00f5es para que a Universidade se conduza com \u00e9tica ambiental em todas as suas atividades?\u2026","rel":"","context":"Post similar","block_context":{"text":"Post similar","link":""},"img":{"alt_text":"","src":"","width":0,"height":0},"classes":[]},{"id":137,"url":"https:\/\/wp.ufpel.edu.br\/pls\/comissao\/","url_meta":{"origin":24,"position":1},"title":"| COMISS\u00c3O |","author":"Territ\u00f3rios UFPEL","date":"11\/07\/2017","format":false,"excerpt":"Representantes da Pr\u00f3-Reitoria de Planejamento e Desenvolvimento: S\u00edlvia Carla Bauer Barcellos (Presidente) C\u00edntia Vieira Essinger Franco Goulart Knuth Marisa Helena Gonsalves de Moura Tatiana Nunes Diesel Ver\u00f4nica Caldeira Leite Christino Representantes da Pr\u00f3-Reitoria Administrativa: Thiago Venzke Vahl Paulo Afonso Hartmann Almeida (Titular) e Vin\u00edcius Cardoso Meirelles (Suplente) Marcia Correa Larrossa\u2026","rel":"","context":"Post similar","block_context":{"text":"Post similar","link":""},"img":{"alt_text":"","src":"","width":0,"height":0},"classes":[]},{"id":18,"url":"https:\/\/wp.ufpel.edu.br\/pls\/base-legal\/","url_meta":{"origin":24,"position":2},"title":"BASE LEGAL","author":"Territ\u00f3rios UFPEL","date":"28\/06\/2017","format":false,"excerpt":"Decreto-n\u00ba-7746_DS_Adm_Publica_Federal Instru\u00e7\u00e3o Normativa-2012 Portaria UFPel n\u00b01.889 de 18 de setembro de 2017","rel":"","context":"Post similar","block_context":{"text":"Post similar","link":""},"img":{"alt_text":"","src":"","width":0,"height":0},"classes":[]},{"id":21,"url":"https:\/\/wp.ufpel.edu.br\/pls\/contato\/","url_meta":{"origin":24,"position":3},"title":"| CONTATO |","author":"Territ\u00f3rios UFPEL","date":"28\/06\/2017","format":false,"excerpt":"Silvia Carla Bauer Barcellos Presidente da Comiss\u00e3o Gestora do Plano de Log\u00edstica Sustent\u00e1vel UFPel Sala A403 Rua Gomes Carneiro, 01 - Centro Pelotas - RS, Brasil - 96010-610 CAMPUS ANGLO Fones: (53) \u00a03284-3957 Email:\u00a0logisticasustentavel@ufpel.edu.br \u00a0 Contato:","rel":"","context":"Post similar","block_context":{"text":"Post similar","link":""},"img":{"alt_text":"","src":"","width":0,"height":0},"classes":[]}],"_links":{"self":[{"href":"https:\/\/wp.ufpel.edu.br\/pls\/wp-json\/wp\/v2\/pages\/24","targetHints":{"allow":["GET"]}}],"collection":[{"href":"https:\/\/wp.ufpel.edu.br\/pls\/wp-json\/wp\/v2\/pages"}],"about":[{"href":"https:\/\/wp.ufpel.edu.br\/pls\/wp-json\/wp\/v2\/types\/page"}],"author":[{"embeddable":true,"href":"https:\/\/wp.ufpel.edu.br\/pls\/wp-json\/wp\/v2\/users\/773"}],"replies":[{"embeddable":true,"href":"https:\/\/wp.ufpel.edu.br\/pls\/wp-json\/wp\/v2\/comments?post=24"}],"version-history":[{"count":17,"href":"https:\/\/wp.ufpel.edu.br\/pls\/wp-json\/wp\/v2\/pages\/24\/revisions"}],"predecessor-version":[{"id":302,"href":"https:\/\/wp.ufpel.edu.br\/pls\/wp-json\/wp\/v2\/pages\/24\/revisions\/302"}],"wp:attachment":[{"href":"https:\/\/wp.ufpel.edu.br\/pls\/wp-json\/wp\/v2\/media?parent=24"}],"curies":[{"name":"wp","href":"https:\/\/api.w.org\/{rel}","templated":true}]}}