{"id":21,"date":"2017-06-28T17:24:53","date_gmt":"2017-06-28T20:24:53","guid":{"rendered":"https:\/\/wp.ufpel.edu.br\/pls\/?page_id=21"},"modified":"2017-08-02T16:28:34","modified_gmt":"2017-08-02T19:28:34","slug":"contato","status":"publish","type":"page","link":"https:\/\/wp.ufpel.edu.br\/pls\/contato\/","title":{"rendered":"| CONTATO |"},"content":{"rendered":"<p><strong>Silvia Carla Bauer Barcellos<\/strong><br \/>\nPresidente da Comiss\u00e3o Gestora do Plano de Log\u00edstica Sustent\u00e1vel UFPel<\/p>\n<p>Sala A403<br \/>\nRua Gomes Carneiro, 01 &#8211; Centro<br \/>\nPelotas &#8211; RS, Brasil &#8211; 96010-610<br \/>\nCAMPUS ANGLO<\/p>\n<p>Fones: (53) \u00a03284-3957<\/p>\n<p>Email:\u00a0<a href=\"mailto:logisticasustentavel@ufpel.edu.br\">logisticasustentavel@ufpel.edu.br<\/a><\/p>\n<p>&nbsp;<\/p>\n<p>Contato:<\/p>\n\n<div class=\"wpcf7 no-js\" id=\"wpcf7-f63-o1\" lang=\"pt-BR\" dir=\"ltr\" data-wpcf7-id=\"63\">\n<div class=\"screen-reader-response\"><p role=\"status\" aria-live=\"polite\" aria-atomic=\"true\"><\/p> <ul><\/ul><\/div>\n<form action=\"\/pls\/wp-json\/wp\/v2\/pages\/21#wpcf7-f63-o1\" method=\"post\" class=\"wpcf7-form init\" aria-label=\"Formul\u00e1rios de contato\" novalidate=\"novalidate\" data-status=\"init\">\n<fieldset class=\"hidden-fields-container\"><input type=\"hidden\" name=\"_wpcf7\" value=\"63\" \/><input type=\"hidden\" name=\"_wpcf7_version\" value=\"6.1.4\" \/><input type=\"hidden\" name=\"_wpcf7_locale\" value=\"pt_BR\" \/><input type=\"hidden\" name=\"_wpcf7_unit_tag\" value=\"wpcf7-f63-o1\" \/><input type=\"hidden\" name=\"_wpcf7_container_post\" value=\"0\" \/><input type=\"hidden\" name=\"_wpcf7_posted_data_hash\" value=\"\" \/>\n<\/fieldset>\n<p><label> Seu nome (obrigat\u00f3rio)<br \/>\n<span class=\"wpcf7-form-control-wrap\" data-name=\"your-name\"><input size=\"40\" maxlength=\"400\" class=\"wpcf7-form-control wpcf7-text wpcf7-validates-as-required\" aria-required=\"true\" aria-invalid=\"false\" value=\"\" type=\"text\" name=\"your-name\" \/><\/span> <\/label>\n<\/p>\n<p><label> Seu e-mail (obrigat\u00f3rio)<br \/>\n<span class=\"wpcf7-form-control-wrap\" data-name=\"your-email\"><input size=\"40\" maxlength=\"400\" class=\"wpcf7-form-control wpcf7-email wpcf7-validates-as-required wpcf7-text wpcf7-validates-as-email\" aria-required=\"true\" aria-invalid=\"false\" value=\"\" type=\"email\" name=\"your-email\" \/><\/span> <\/label>\n<\/p>\n<p><label> Assunto<br \/>\n<span class=\"wpcf7-form-control-wrap\" data-name=\"your-subject\"><input size=\"40\" maxlength=\"400\" class=\"wpcf7-form-control wpcf7-text\" aria-invalid=\"false\" value=\"\" type=\"text\" name=\"your-subject\" \/><\/span> <\/label>\n<\/p>\n<p><label> Sua mensagem<br \/>\n<span class=\"wpcf7-form-control-wrap\" data-name=\"your-message\"><textarea cols=\"40\" rows=\"10\" maxlength=\"2000\" class=\"wpcf7-form-control wpcf7-textarea\" aria-invalid=\"false\" name=\"your-message\"><\/textarea><\/span> <\/label>\n<\/p>\n<p><input class=\"wpcf7-form-control wpcf7-submit has-spinner\" type=\"submit\" value=\"Enviar\" \/>\n<\/p><p style=\"display: none !important;\" class=\"akismet-fields-container\" data-prefix=\"_wpcf7_ak_\"><label>&#916;<textarea name=\"_wpcf7_ak_hp_textarea\" cols=\"45\" rows=\"8\" maxlength=\"100\"><\/textarea><\/label><input type=\"hidden\" id=\"ak_js_1\" name=\"_wpcf7_ak_js\" value=\"117\"\/><script>document.getElementById( \"ak_js_1\" ).setAttribute( \"value\", ( new Date() ).getTime() );<\/script><\/p><div class=\"wpcf7-response-output\" aria-hidden=\"true\"><\/div>\n<\/form>\n<\/div>\n\n","protected":false},"excerpt":{"rendered":"<p>Silvia Carla Bauer Barcellos Presidente da Comiss\u00e3o Gestora do Plano de Log\u00edstica Sustent\u00e1vel UFPel Sala A403 Rua Gomes Carneiro, 01 &#8211; Centro Pelotas &#8211; RS, Brasil &#8211; 96010-610 CAMPUS ANGLO Fones: (53) \u00a03284-3957 Email:\u00a0logisticasustentavel@ufpel.edu.br &nbsp; Contato:<\/p>\n","protected":false},"author":773,"featured_media":0,"parent":0,"menu_order":0,"comment_status":"closed","ping_status":"closed","template":"","meta":{"jetpack_post_was_ever_published":false,"footnotes":""},"class_list":["post-21","page","type-page","status-publish","hentry"],"jetpack_sharing_enabled":true,"jetpack_shortlink":"https:\/\/wp.me\/P8UpVi-l","jetpack-related-posts":[],"_links":{"self":[{"href":"https:\/\/wp.ufpel.edu.br\/pls\/wp-json\/wp\/v2\/pages\/21","targetHints":{"allow":["GET"]}}],"collection":[{"href":"https:\/\/wp.ufpel.edu.br\/pls\/wp-json\/wp\/v2\/pages"}],"about":[{"href":"https:\/\/wp.ufpel.edu.br\/pls\/wp-json\/wp\/v2\/types\/page"}],"author":[{"embeddable":true,"href":"https:\/\/wp.ufpel.edu.br\/pls\/wp-json\/wp\/v2\/users\/773"}],"replies":[{"embeddable":true,"href":"https:\/\/wp.ufpel.edu.br\/pls\/wp-json\/wp\/v2\/comments?post=21"}],"version-history":[{"count":9,"href":"https:\/\/wp.ufpel.edu.br\/pls\/wp-json\/wp\/v2\/pages\/21\/revisions"}],"predecessor-version":[{"id":210,"href":"https:\/\/wp.ufpel.edu.br\/pls\/wp-json\/wp\/v2\/pages\/21\/revisions\/210"}],"wp:attachment":[{"href":"https:\/\/wp.ufpel.edu.br\/pls\/wp-json\/wp\/v2\/media?parent=21"}],"curies":[{"name":"wp","href":"https:\/\/api.w.org\/{rel}","templated":true}]}}