{"id":60,"date":"2021-11-15T23:29:16","date_gmt":"2021-11-16T02:29:16","guid":{"rendered":"https:\/\/wp.ufpel.edu.br\/planurbfaurbufpel\/?page_id=60"},"modified":"2022-04-28T11:30:06","modified_gmt":"2022-04-28T14:30:06","slug":"herval-2020","status":"publish","type":"page","link":"https:\/\/wp.ufpel.edu.br\/planurbfaurbufpel\/?page_id=60","title":{"rendered":"2020\/ 2 &#8211;  HERVAL, RS"},"content":{"rendered":"<div id=\"comp-ks0ciu4r2\" class=\"_1Q9if\" data-testid=\"richTextElement\">\n<p>&nbsp;<\/p>\n<p style=\"text-align: center;\"><img loading=\"lazy\" decoding=\"async\" class=\"alignnone size-medium wp-image-19\" src=\"https:\/\/wp.ufpel.edu.br\/planurbfaurbufpel\/files\/2021\/09\/IMG-20201121-WA0056-400x382.jpg\" alt=\"\" width=\"400\" height=\"382\" srcset=\"https:\/\/wp.ufpel.edu.br\/planurbfaurbufpel\/files\/2021\/09\/IMG-20201121-WA0056-400x382.jpg 400w, https:\/\/wp.ufpel.edu.br\/planurbfaurbufpel\/files\/2021\/09\/IMG-20201121-WA0056.jpg 720w\" sizes=\"auto, (max-width: 400px) 100vw, 400px\" \/><\/p>\n<p class=\"font_8\" style=\"text-align: center;\"><span class=\"color_11\">PLANEJAMENTO URBANO | FAURB | UFPEL<\/span><\/p>\n<\/div>\n<div id=\"comp-ks0ciu4r3\" class=\"_1Q9if\" data-testid=\"richTextElement\">\n<p class=\"font_9\" style=\"text-align: center;\"><span class=\"color_11\">Publica\u00e7\u00e3o da Faculdade de Arquitetura e Urbanismo &#8211; FAUrb<br \/>\nLaborat\u00f3rio de Urbanismo &#8211; LabUrb, da Universidade Federal de Pelotas &#8211; UFPel<br \/>\nISSN 2238-3859<\/span><\/p>\n<p style=\"text-align: center;\">Download Dispon\u00edvel<\/p>\n<\/div>\n","protected":false},"excerpt":{"rendered":"<p>&nbsp; PLANEJAMENTO URBANO | FAURB | UFPEL Publica\u00e7\u00e3o da Faculdade de Arquitetura e Urbanismo &#8211; FAUrb Laborat\u00f3rio de Urbanismo &#8211; LabUrb, da Universidade Federal de Pelotas &#8211; UFPel ISSN 2238-3859 Download Dispon\u00edvel<\/p>\n","protected":false},"author":1173,"featured_media":19,"parent":2,"menu_order":0,"comment_status":"closed","ping_status":"closed","template":"","meta":{"footnotes":""},"class_list":["post-60","page","type-page","status-publish","has-post-thumbnail","hentry"],"_links":{"self":[{"href":"https:\/\/wp.ufpel.edu.br\/planurbfaurbufpel\/index.php?rest_route=\/wp\/v2\/pages\/60","targetHints":{"allow":["GET"]}}],"collection":[{"href":"https:\/\/wp.ufpel.edu.br\/planurbfaurbufpel\/index.php?rest_route=\/wp\/v2\/pages"}],"about":[{"href":"https:\/\/wp.ufpel.edu.br\/planurbfaurbufpel\/index.php?rest_route=\/wp\/v2\/types\/page"}],"author":[{"embeddable":true,"href":"https:\/\/wp.ufpel.edu.br\/planurbfaurbufpel\/index.php?rest_route=\/wp\/v2\/users\/1173"}],"replies":[{"embeddable":true,"href":"https:\/\/wp.ufpel.edu.br\/planurbfaurbufpel\/index.php?rest_route=%2Fwp%2Fv2%2Fcomments&post=60"}],"version-history":[{"count":3,"href":"https:\/\/wp.ufpel.edu.br\/planurbfaurbufpel\/index.php?rest_route=\/wp\/v2\/pages\/60\/revisions"}],"predecessor-version":[{"id":80,"href":"https:\/\/wp.ufpel.edu.br\/planurbfaurbufpel\/index.php?rest_route=\/wp\/v2\/pages\/60\/revisions\/80"}],"up":[{"embeddable":true,"href":"https:\/\/wp.ufpel.edu.br\/planurbfaurbufpel\/index.php?rest_route=\/wp\/v2\/pages\/2"}],"wp:featuredmedia":[{"embeddable":true,"href":"https:\/\/wp.ufpel.edu.br\/planurbfaurbufpel\/index.php?rest_route=\/wp\/v2\/media\/19"}],"wp:attachment":[{"href":"https:\/\/wp.ufpel.edu.br\/planurbfaurbufpel\/index.php?rest_route=%2Fwp%2Fv2%2Fmedia&parent=60"}],"curies":[{"name":"wp","href":"https:\/\/api.w.org\/{rel}","templated":true}]}}