{"id":27,"date":"2019-04-15T15:01:11","date_gmt":"2019-04-15T18:01:11","guid":{"rendered":"https:\/\/wp.ufpel.edu.br\/planodecultura\/?page_id=27"},"modified":"2019-05-06T10:01:31","modified_gmt":"2019-05-06T13:01:31","slug":"apresentacao","status":"publish","type":"page","link":"https:\/\/wp.ufpel.edu.br\/planodecultura\/","title":{"rendered":"Inicio"},"content":{"rendered":"<p style=\"font-weight: 400\">Considerando a Extens\u00e3o Universit\u00e1ria tratada no Plano de Desenvolvimento Institucional da UFPEL, no que tange o item \u201c30. Integrar as pol\u00edticas de extens\u00e3o com as pol\u00edticas p\u00fablicas, fortalecendo e qualificando as pol\u00edticas de gest\u00e3o institucional em termos de financiamento, cobertura, efici\u00eancia e efetividade\u201d, bem como o\u00a0Plano de Gest\u00e3o, que indica a\u00a0\u201cValoriza\u00e7\u00e3o das atividades de extens\u00e3o e cultura nas matrizes de aloca\u00e7\u00e3o de pessoas e recursos financeiros e nos concursos p\u00fablicos.&#8221;, a Pr\u00f3-Reitoria de Extens\u00e3o e Cultura disponibiliza nessa plataforma o processo que embasa o desenvolvimento do Plano de Cultura da UFPEL.<\/p>\n<p style=\"font-weight: 400\">Dessa maneira, convidamos a comunidade acad\u00eamica para acompanhar a agenda de trabalho da Comiss\u00e3o Plano de Cultura da UFPEL, instaurada pela portaria n. 548, de 12 de mar\u00e7o de 2019.<\/p>\n<p style=\"font-weight: 400\">Como estrat\u00e9gia de identifica\u00e7\u00e3o e registro, atrav\u00e9s deste f\u00f3rum eletr\u00f4nico, solicitamos aos Diretores de Unidade para realizarem o preenchimento do Formul\u00e1rio Plano de Cultura UFPEL (instrumento de coleta de dados de \u201cO que se fez? O que se Faz? Como? Para quem se faz \/ se far\u00e1 a\u00e7\u00f5es \/ atividades culturais na UFPEL\u201d.<\/p>\n<p style=\"font-weight: 400\">A reflex\u00e3o coletiva sobre esses pontos se dar\u00e1 a partir de tr\u00eas f\u00f3runs de di\u00e1logo:<\/p>\n<p style=\"font-weight: 400\">&#8211;\u00a0\u00a0\u00a0\u00a0\u00a0\u00a0\u00a0\u00a0\u00a0\u00a0<strong>Semin\u00e1rio PLANO DE CULTURA UFPEL &#8211; Unidades Acad\u00eamicas<\/strong><\/p>\n<p style=\"font-weight: 400\">&#8211;\u00a0\u00a0\u00a0\u00a0\u00a0\u00a0\u00a0\u00a0\u00a0\u00a0<strong>Semin\u00e1rio PLANO DE CULTURA UFPEL &#8211; Universidade e Sociedade Organizada<\/strong><\/p>\n<p style=\"font-weight: 400\">&#8211;\u00a0\u00a0\u00a0\u00a0\u00a0\u00a0\u00a0\u00a0\u00a0\u00a0<strong>PLANO DE CULTURA UFPEL \u2013 Avalia\u00e7\u00e3o da Proposta<\/strong><\/p>\n","protected":false},"excerpt":{"rendered":"<p>Considerando a Extens\u00e3o Universit\u00e1ria tratada no Plano de Desenvolvimento Institucional da UFPEL, no que tange o item \u201c30. Integrar as pol\u00edticas de extens\u00e3o com as pol\u00edticas p\u00fablicas, fortalecendo e qualificando as pol\u00edticas de gest\u00e3o institucional em termos de financiamento, cobertura, efici\u00eancia e efetividade\u201d, bem como o\u00a0Plano de Gest\u00e3o, que indica a\u00a0\u201cValoriza\u00e7\u00e3o das atividades de extens\u00e3o &hellip; <a href=\"https:\/\/wp.ufpel.edu.br\/planodecultura\/\" class=\"more-link\">Continue lendo <span class=\"screen-reader-text\">Inicio<\/span> <span class=\"meta-nav\">&rarr;<\/span><\/a><\/p>\n","protected":false},"author":418,"featured_media":0,"parent":0,"menu_order":0,"comment_status":"closed","ping_status":"closed","template":"","meta":{"footnotes":""},"class_list":["post-27","page","type-page","status-publish","hentry"],"_links":{"self":[{"href":"https:\/\/wp.ufpel.edu.br\/planodecultura\/wp-json\/wp\/v2\/pages\/27","targetHints":{"allow":["GET"]}}],"collection":[{"href":"https:\/\/wp.ufpel.edu.br\/planodecultura\/wp-json\/wp\/v2\/pages"}],"about":[{"href":"https:\/\/wp.ufpel.edu.br\/planodecultura\/wp-json\/wp\/v2\/types\/page"}],"author":[{"embeddable":true,"href":"https:\/\/wp.ufpel.edu.br\/planodecultura\/wp-json\/wp\/v2\/users\/418"}],"replies":[{"embeddable":true,"href":"https:\/\/wp.ufpel.edu.br\/planodecultura\/wp-json\/wp\/v2\/comments?post=27"}],"version-history":[{"count":13,"href":"https:\/\/wp.ufpel.edu.br\/planodecultura\/wp-json\/wp\/v2\/pages\/27\/revisions"}],"predecessor-version":[{"id":165,"href":"https:\/\/wp.ufpel.edu.br\/planodecultura\/wp-json\/wp\/v2\/pages\/27\/revisions\/165"}],"wp:attachment":[{"href":"https:\/\/wp.ufpel.edu.br\/planodecultura\/wp-json\/wp\/v2\/media?parent=27"}],"curies":[{"name":"wp","href":"https:\/\/api.w.org\/{rel}","templated":true}]}}