{"id":12,"date":"2019-04-15T14:53:09","date_gmt":"2019-04-15T17:53:09","guid":{"rendered":"https:\/\/wp.ufpel.edu.br\/planodecultura\/?page_id=12"},"modified":"2019-09-27T23:22:19","modified_gmt":"2019-09-28T02:22:19","slug":"cronograma","status":"publish","type":"page","link":"https:\/\/wp.ufpel.edu.br\/planodecultura\/cronograma\/","title":{"rendered":"Cronograma"},"content":{"rendered":"<p style=\"text-align: center\"><strong>II Semin\u00e1rio PLANO DE CULTURA UFPEL<\/strong><br \/>\n<a href=\"https:\/\/wp.ufpel.edu.br\/planodecultura\/files\/2019\/09\/II-Seminario_plano-de-cultura-hor.png\"><img loading=\"lazy\" decoding=\"async\" class=\"aligncenter size-full wp-image-204\" src=\"https:\/\/wp.ufpel.edu.br\/planodecultura\/files\/2019\/09\/II-Seminario_plano-de-cultura-hor.png\" alt=\"\" width=\"2392\" height=\"954\" srcset=\"https:\/\/wp.ufpel.edu.br\/planodecultura\/files\/2019\/09\/II-Seminario_plano-de-cultura-hor.png 2392w, https:\/\/wp.ufpel.edu.br\/planodecultura\/files\/2019\/09\/II-Seminario_plano-de-cultura-hor-400x160.png 400w, https:\/\/wp.ufpel.edu.br\/planodecultura\/files\/2019\/09\/II-Seminario_plano-de-cultura-hor-768x306.png 768w, https:\/\/wp.ufpel.edu.br\/planodecultura\/files\/2019\/09\/II-Seminario_plano-de-cultura-hor-1024x408.png 1024w\" sizes=\"auto, (max-width: 2392px) 100vw, 2392px\" \/><\/a><\/p>\n<p style=\"text-align: center\"><strong>Semin\u00e1rio PLANO DE CULTURA UFPEL &#8211; Unidades Acad\u00eamicas<\/strong><br \/>\nDia 28 de maio, das 08h30 as 12h e das 14h as 17h30<br \/>\nAudit\u00f3rio do Museu do Doce, Casar\u00e3o n. 8, Pr\u00e7. Cel. Pedro Os\u00f3rio, Centro &#8211; Pelotas<br \/>\n<img loading=\"lazy\" decoding=\"async\" class=\" wp-image-179 aligncenter\" src=\"https:\/\/wp.ufpel.edu.br\/planodecultura\/files\/2019\/05\/asd.png\" alt=\"\" width=\"546\" height=\"411\" srcset=\"https:\/\/wp.ufpel.edu.br\/planodecultura\/files\/2019\/05\/asd.png 1215w, https:\/\/wp.ufpel.edu.br\/planodecultura\/files\/2019\/05\/asd-400x301.png 400w, https:\/\/wp.ufpel.edu.br\/planodecultura\/files\/2019\/05\/asd-768x578.png 768w, https:\/\/wp.ufpel.edu.br\/planodecultura\/files\/2019\/05\/asd-1024x770.png 1024w\" sizes=\"auto, (max-width: 546px) 100vw, 546px\" \/><\/p>\n","protected":false},"excerpt":{"rendered":"<p>II Semin\u00e1rio PLANO DE CULTURA UFPEL Semin\u00e1rio PLANO DE CULTURA UFPEL &#8211; Unidades Acad\u00eamicas Dia 28 de maio, das 08h30 as 12h e das 14h as 17h30 Audit\u00f3rio do Museu do Doce, Casar\u00e3o n. 8, Pr\u00e7. Cel. Pedro Os\u00f3rio, Centro &#8211; Pelotas<\/p>\n","protected":false},"author":418,"featured_media":0,"parent":0,"menu_order":0,"comment_status":"closed","ping_status":"closed","template":"","meta":{"footnotes":""},"class_list":["post-12","page","type-page","status-publish","hentry"],"_links":{"self":[{"href":"https:\/\/wp.ufpel.edu.br\/planodecultura\/wp-json\/wp\/v2\/pages\/12","targetHints":{"allow":["GET"]}}],"collection":[{"href":"https:\/\/wp.ufpel.edu.br\/planodecultura\/wp-json\/wp\/v2\/pages"}],"about":[{"href":"https:\/\/wp.ufpel.edu.br\/planodecultura\/wp-json\/wp\/v2\/types\/page"}],"author":[{"embeddable":true,"href":"https:\/\/wp.ufpel.edu.br\/planodecultura\/wp-json\/wp\/v2\/users\/418"}],"replies":[{"embeddable":true,"href":"https:\/\/wp.ufpel.edu.br\/planodecultura\/wp-json\/wp\/v2\/comments?post=12"}],"version-history":[{"count":10,"href":"https:\/\/wp.ufpel.edu.br\/planodecultura\/wp-json\/wp\/v2\/pages\/12\/revisions"}],"predecessor-version":[{"id":208,"href":"https:\/\/wp.ufpel.edu.br\/planodecultura\/wp-json\/wp\/v2\/pages\/12\/revisions\/208"}],"wp:attachment":[{"href":"https:\/\/wp.ufpel.edu.br\/planodecultura\/wp-json\/wp\/v2\/media?parent=12"}],"curies":[{"name":"wp","href":"https:\/\/api.w.org\/{rel}","templated":true}]}}