{"id":11,"date":"2019-04-15T14:52:56","date_gmt":"2019-04-15T17:52:56","guid":{"rendered":"https:\/\/wp.ufpel.edu.br\/planodecultura\/?page_id=11"},"modified":"2019-08-26T13:55:29","modified_gmt":"2019-08-26T16:55:29","slug":"documentos","status":"publish","type":"page","link":"https:\/\/wp.ufpel.edu.br\/planodecultura\/documentos\/","title":{"rendered":"Documentos"},"content":{"rendered":"<p><a href=\"https:\/\/wp.ufpel.edu.br\/planodecultura\/files\/2019\/05\/Como_fazer_um_plano_de_cultura.pdf\">Como fazer um plano de cultura<\/a><\/p>\n<p><a href=\"https:\/\/wp.ufpel.edu.br\/planodecultura\/files\/2019\/05\/cartilha_web.pdf\">Guia de orienta\u00e7\u00f5es para os munic\u00edpios<\/a><\/p>\n<p><a href=\"https:\/\/wp.ufpel.edu.br\/planodecultura\/files\/2019\/05\/Sistema-Mun-Cult.pdf\">LEI N\u00ba 6.389\/2016 &#8211; Sistema Municipal de Cultura<\/a><\/p>\n<p><a href=\"https:\/\/wp.ufpel.edu.br\/planodecultura\/files\/2019\/05\/UTFPR-Versao-final-para-Consulta-Publica_com-apresentacao.pdf\">Plano de Cultura da UTFPR<\/a><\/p>\n<p><a href=\"https:\/\/wp.ufpel.edu.br\/cpa\/files\/2016\/08\/PDI-UFPel-2015-2020.pdf\">Plano de Desenvolvimento Institucional da UFPel 2015-2020<\/a><\/p>\n<p><a href=\"http:\/\/www.adufpel.org.br\/manager\/uploads\/download\/20160523173044.pdf\">Programa de Gest\u00e3o da UFPel<\/a><\/p>\n<p><a href=\"https:\/\/drive.google.com\/file\/d\/0ByVbQU1h4F2IVEtvR0Y3WWI0NTBDSzNIQ29KYkZJTG1aS1hr\/view?usp=sharing\">Portaria n\u00ba 548, de 12 de mar\u00e7o de 2019<\/a><\/p>\n<p><a href=\"http:\/\/guaiaca.ufpel.edu.br:8080\/handle\/prefix\/4443\">A universidade do encontro e da inclus\u00e3o: confer\u00eancia e mesas da 4\u00aa SIIEPE<\/a><\/p>\n<p><a href=\"http:\/\/pnc.cultura.gov.br\/wp-content\/uploads\/sites\/16\/2019\/04\/Planejamento-para-a-gestao-publica-municipal-de-cultura-2019.pdf\">Planejamento para a Gest\u00e3o P\u00fablica Municipal de Cultura<\/a><\/p>\n","protected":false},"excerpt":{"rendered":"<p>Como fazer um plano de cultura Guia de orienta\u00e7\u00f5es para os munic\u00edpios LEI N\u00ba 6.389\/2016 &#8211; Sistema Municipal de Cultura Plano de Cultura da UTFPR Plano de Desenvolvimento Institucional da UFPel 2015-2020 Programa de Gest\u00e3o da UFPel Portaria n\u00ba 548, de 12 de mar\u00e7o de 2019 A universidade do encontro e da inclus\u00e3o: confer\u00eancia e &hellip; <a href=\"https:\/\/wp.ufpel.edu.br\/planodecultura\/documentos\/\" class=\"more-link\">Continue lendo <span class=\"screen-reader-text\">Documentos<\/span> <span class=\"meta-nav\">&rarr;<\/span><\/a><\/p>\n","protected":false},"author":418,"featured_media":0,"parent":0,"menu_order":0,"comment_status":"closed","ping_status":"closed","template":"","meta":{"footnotes":""},"class_list":["post-11","page","type-page","status-publish","hentry"],"_links":{"self":[{"href":"https:\/\/wp.ufpel.edu.br\/planodecultura\/wp-json\/wp\/v2\/pages\/11","targetHints":{"allow":["GET"]}}],"collection":[{"href":"https:\/\/wp.ufpel.edu.br\/planodecultura\/wp-json\/wp\/v2\/pages"}],"about":[{"href":"https:\/\/wp.ufpel.edu.br\/planodecultura\/wp-json\/wp\/v2\/types\/page"}],"author":[{"embeddable":true,"href":"https:\/\/wp.ufpel.edu.br\/planodecultura\/wp-json\/wp\/v2\/users\/418"}],"replies":[{"embeddable":true,"href":"https:\/\/wp.ufpel.edu.br\/planodecultura\/wp-json\/wp\/v2\/comments?post=11"}],"version-history":[{"count":8,"href":"https:\/\/wp.ufpel.edu.br\/planodecultura\/wp-json\/wp\/v2\/pages\/11\/revisions"}],"predecessor-version":[{"id":202,"href":"https:\/\/wp.ufpel.edu.br\/planodecultura\/wp-json\/wp\/v2\/pages\/11\/revisions\/202"}],"wp:attachment":[{"href":"https:\/\/wp.ufpel.edu.br\/planodecultura\/wp-json\/wp\/v2\/media?parent=11"}],"curies":[{"name":"wp","href":"https:\/\/api.w.org\/{rel}","templated":true}]}}