{"id":742,"date":"2020-08-28T00:12:59","date_gmt":"2020-08-28T03:12:59","guid":{"rendered":"https:\/\/wp.ufpel.edu.br\/planilhasgoogle\/?page_id=742"},"modified":"2020-08-28T00:16:20","modified_gmt":"2020-08-28T03:16:20","slug":"problema-da-escolha-de-carteira-de-investimentos","status":"publish","type":"page","link":"https:\/\/wp.ufpel.edu.br\/planilhasgoogle\/modulo-avancado\/aula-4-funcoes-de-analise-hipotetica\/problema-da-escolha-de-carteira-de-investimentos\/","title":{"rendered":"Problema da Escolha de Carteira de Investimentos"},"content":{"rendered":"<div class=\"box generalbox center clearfix\">\n<div class=\"no-overflow\">\n<p>\u00a0 \u00a0A UFPel Investimentos Acad\u00eamicos gerencia recursos de terceiros atrav\u00e9s da escolha de carteiras de investimentos para diversos clientes, baseados em bonds de diversas empresas. Um de seus clientes exige que:<\/p>\n<p>&#8211; N\u00e3o mais de 25% do total aplicado dever\u00e1 ser investido em um \u00fanico investimento;<\/p>\n<p>&#8211; Um valor superior a 50% do total aplicado deve ser investido em t\u00edtulos de maturidades maiores que 10 anos;<\/p>\n<p>&#8211; O total aplicado em t\u00edtulos de alto risco deve ser, no m\u00e1ximo, de 50% do total investido;<\/p>\n<p>&nbsp;<\/p>\n<p>A tabela \u00e0 seguir mostra os dados dos t\u00edtulos selecionados. Determine qual o percentual do total que deve ser aplicado em cada tipo de t\u00edtulo.<\/p>\n<table border=\"0\">\n<tbody>\n<tr>\n<td><\/td>\n<td>Retorno Anual<\/td>\n<td>Anos para Vencimento<\/td>\n<td>Risco<\/td>\n<\/tr>\n<tr>\n<td>T\u00edtulo 1<\/td>\n<td>8,7%<\/td>\n<td>15<\/td>\n<td>1 &#8211; muito baixo<\/td>\n<\/tr>\n<tr>\n<td>T\u00edtulo 2<\/td>\n<td>9,5%<\/td>\n<td>12<\/td>\n<td>3 &#8211; regular<\/td>\n<\/tr>\n<tr>\n<td>T\u00edtulo 3<\/td>\n<td>12,0%<\/td>\n<td>8<\/td>\n<td>4 &#8211; alto<\/td>\n<\/tr>\n<tr>\n<td>T\u00edtulo 4<\/td>\n<td>9,0%<\/td>\n<td>7<\/td>\n<td>2 &#8211; baixo<\/td>\n<\/tr>\n<tr>\n<td>T\u00edtulo 5<\/td>\n<td>13,0%<\/td>\n<td>11<\/td>\n<td>4 &#8211; alto<\/td>\n<\/tr>\n<tr>\n<td>T\u00edtulo 6<\/td>\n<td>20,0%<\/td>\n<td>5<\/td>\n<td>5 &#8211; muito alto<\/td>\n<\/tr>\n<\/tbody>\n<\/table>\n<p>&nbsp;<\/p>\n<p>Resolu\u00e7\u00e3o:<\/p>\n<p><span class=\"mediaplugin mediaplugin_html5video\"><video src=\"https:\/\/wp.ufpel.edu.br\/planilhasgoogle\/files\/2020\/08\/problema_da_escolha_de_carteira_de_investimentos_parte_1.mp4\" width=\"100%\" title=\"problema_da_escolha_de_carteira_de_investimentos_parte_1.mp4\" preload=\"metadata\" controls=\"controls\" ><\/video><\/span><\/p>\n<p>&nbsp;<\/p>\n<p>Corrigindo, como se trata de obter maior retorno e n\u00e3o menor, cabe a corre\u00e7\u00e3o apontada no v\u00eddeo abaixo.<br \/>\n<span class=\"mediaplugin mediaplugin_html5video\"><video src=\"https:\/\/wp.ufpel.edu.br\/planilhasgoogle\/files\/2020\/08\/problema_da_escolha_de_carteira_de_investimentos.mp4\" width=\"100%\" title=\"problema_da_escolha_de_carteira_de_investimentos.mp4\" preload=\"metadata\" controls=\"controls\" ><\/video><\/span><\/p>\n<p>&nbsp;<\/p>\n<p>&nbsp;<\/p>\n<p>&nbsp;<\/p>\n<p>&nbsp;<\/p>\n<\/div>\n<\/div>\n","protected":false},"excerpt":{"rendered":"<p>\u00a0 \u00a0A UFPel Investimentos Acad\u00eamicos gerencia recursos de terceiros atrav\u00e9s da escolha de carteiras de investimentos para diversos clientes, baseados em bonds de diversas empresas. Um de seus clientes exige que: &#8211; N\u00e3o mais de 25% do total aplicado dever\u00e1 ser investido em um \u00fanico investimento; &#8211; Um valor superior a 50% do total aplicado [&hellip;]<\/p>\n","protected":false},"author":667,"featured_media":0,"parent":351,"menu_order":0,"comment_status":"closed","ping_status":"closed","template":"","meta":{"jetpack_post_was_ever_published":false,"footnotes":""},"class_list":["post-742","page","type-page","status-publish","hentry"],"jetpack_sharing_enabled":true,"_links":{"self":[{"href":"https:\/\/wp.ufpel.edu.br\/planilhasgoogle\/wp-json\/wp\/v2\/pages\/742","targetHints":{"allow":["GET"]}}],"collection":[{"href":"https:\/\/wp.ufpel.edu.br\/planilhasgoogle\/wp-json\/wp\/v2\/pages"}],"about":[{"href":"https:\/\/wp.ufpel.edu.br\/planilhasgoogle\/wp-json\/wp\/v2\/types\/page"}],"author":[{"embeddable":true,"href":"https:\/\/wp.ufpel.edu.br\/planilhasgoogle\/wp-json\/wp\/v2\/users\/667"}],"replies":[{"embeddable":true,"href":"https:\/\/wp.ufpel.edu.br\/planilhasgoogle\/wp-json\/wp\/v2\/comments?post=742"}],"version-history":[{"count":3,"href":"https:\/\/wp.ufpel.edu.br\/planilhasgoogle\/wp-json\/wp\/v2\/pages\/742\/revisions"}],"predecessor-version":[{"id":758,"href":"https:\/\/wp.ufpel.edu.br\/planilhasgoogle\/wp-json\/wp\/v2\/pages\/742\/revisions\/758"}],"up":[{"embeddable":true,"href":"https:\/\/wp.ufpel.edu.br\/planilhasgoogle\/wp-json\/wp\/v2\/pages\/351"}],"wp:attachment":[{"href":"https:\/\/wp.ufpel.edu.br\/planilhasgoogle\/wp-json\/wp\/v2\/media?parent=742"}],"curies":[{"name":"wp","href":"https:\/\/api.w.org\/{rel}","templated":true}]}}