{"id":741,"date":"2020-08-28T00:12:54","date_gmt":"2020-08-28T03:12:54","guid":{"rendered":"https:\/\/wp.ufpel.edu.br\/planilhasgoogle\/?page_id=741"},"modified":"2020-08-28T00:15:46","modified_gmt":"2020-08-28T03:15:46","slug":"problema-da-fabrica-de-motores","status":"publish","type":"page","link":"https:\/\/wp.ufpel.edu.br\/planilhasgoogle\/modulo-avancado\/aula-4-funcoes-de-analise-hipotetica\/problema-da-fabrica-de-motores\/","title":{"rendered":"Problema da F\u00e1brica de Motores"},"content":{"rendered":"<div class=\"box generalbox center clearfix\">\n<div class=\"no-overflow\">\n<p>\u00a0 \u00a0 A F\u00e1brica de Motores do curso de Engenharia de Produ\u00e7\u00e3o da UFPel recebeu recentemente R$500.000,00 em pedidos de seus tr\u00eas tipos de motores, cada motor necessita de um determinado n\u00famero de horas de trabalho no setor de montagem e de acabamento, podendo terceirizar parte da sua produ\u00e7\u00e3o como demonstrado na tabela a seguir, com base nessas informa\u00e7\u00f5es, determine quantos motores devem ser produzidos na f\u00e1brica da UFPel e quantos devem ser produzidos de forma terceirizada para atender \u00e0 demanda de pedidos.<\/p>\n<table border=\"0\">\n<tbody>\n<tr>\n<td><strong>MODELO<\/strong><\/td>\n<td><strong>MOTOR 1<\/strong><\/td>\n<td><strong>MOTOR\u00a02<\/strong><\/td>\n<td><strong>MOTOR\u00a03<\/strong><\/td>\n<td>TOTAL<\/td>\n<\/tr>\n<tr>\n<td>Demanda<\/td>\n<td>3000 unidades<\/td>\n<td>2500 unidades<\/td>\n<td>500 unidades<\/td>\n<td>6000 unidades<\/td>\n<\/tr>\n<tr>\n<td>Montagem<\/td>\n<td>1 hora \/ unidade<\/td>\n<td>2 horas \/ unidade<\/td>\n<td>0,5 hora \/ unidade<\/td>\n<td>6000 horas<\/td>\n<\/tr>\n<tr>\n<td>Acabamento<\/td>\n<td>2,5 horas \/ unidade<\/td>\n<td>1\u00a0hora \/ unidade<\/td>\n<td>4 horas \/ unidade<\/td>\n<td>10000 horas<\/td>\n<\/tr>\n<tr>\n<td>Custo de Produ\u00e7\u00e3o<\/td>\n<td>R$ 50<\/td>\n<td>R$ 90<\/td>\n<td>R$ 120<\/td>\n<td><\/td>\n<\/tr>\n<tr>\n<td>Terceirizado<\/td>\n<td>R$ 65<\/td>\n<td>R$ 92<\/td>\n<td>R$ 140<\/td>\n<td><\/td>\n<\/tr>\n<\/tbody>\n<\/table>\n<p>&nbsp;<\/p>\n<p>A resolu\u00e7\u00e3o que estamos sugerindo aqui \u00e9 bem semelhante as vistas anteriormente, inicialmente analisamos os nossos recursos, tudo que podemos colocar em f\u00f3rmulas, ou seja, vari\u00e1veis n\u00e3o descritivas n\u00f3s estamos distribuindo em linhas e as vari\u00e1veis descritivas estamos inserindo em colunas. Nesse caso, optamos por distribuir as colunas pelas f\u00e1bricas e terceirizadas, poder\u00edamos tamb\u00e9m fazer o mesmo de acordo com MOTOR, mas entendemos que ficaria mais organizado dessa forma.<\/p>\n<p>Ent\u00e3o nas linhas inserimos as nossas limita\u00e7\u00f5es, come\u00e7amos pelo MONTAGEM que a soma de todas n\u00e3o poderia ultrapassar as 6000 horas, depois inserimos o ACABAMENTO, cuja soma n\u00e3o poderia ultrapassar 10000 horas, depois inserimos a DEMANDA, nesse caso tivemos que especificar uma linha para cada demanda, tendo em vista que est\u00e3o em f\u00e1bricas diferentes, ou seja, a quantidade de motores na f\u00e1brica 1 e na terceirizada n\u00e3o poder\u00e1 ultrapassar 3000 unidades, na f\u00e1brica 2 e na terceirizada 2 n\u00e3o poderia ultrapassar 2500 unidades e na f\u00e1brica 3 e na terceirizada 3 n\u00e3o poderia ultrapassar 500 unidades.<\/p>\n<p>Determinamos tamb\u00e9m que o valor total n\u00e3o poderia ser maior do que os R$ 500.000,00 recebidos pela institui\u00e7\u00e3o para produ\u00e7\u00e3o destes motores. Por fim, montamos os dados e rodamos o\u00a0Solver, para maiores informa\u00e7\u00f5es, basta assistir ao v\u00eddeo disposto abaixo.<\/p>\n<p>&nbsp;<\/p>\n<p>Resolu\u00e7\u00e3o:<\/p>\n<p><span class=\"mediaplugin mediaplugin_html5video\"><video src=\"https:\/\/wp.ufpel.edu.br\/planilhasgoogle\/files\/2020\/08\/problema_da_fabrica_de_motores.mp4\" width=\"100%\" title=\"problema_da_fabrica_de_motores.mp4\" preload=\"metadata\" controls=\"controls\" ><\/video><\/span><\/p>\n<p>&nbsp;<\/p>\n<\/div>\n<\/div>\n","protected":false},"excerpt":{"rendered":"<p>\u00a0 \u00a0 A F\u00e1brica de Motores do curso de Engenharia de Produ\u00e7\u00e3o da UFPel recebeu recentemente R$500.000,00 em pedidos de seus tr\u00eas tipos de motores, cada motor necessita de um determinado n\u00famero de horas de trabalho no setor de montagem e de acabamento, podendo terceirizar parte da sua produ\u00e7\u00e3o como demonstrado na tabela a seguir, [&hellip;]<\/p>\n","protected":false},"author":667,"featured_media":0,"parent":351,"menu_order":0,"comment_status":"closed","ping_status":"closed","template":"","meta":{"jetpack_post_was_ever_published":false,"footnotes":""},"class_list":["post-741","page","type-page","status-publish","hentry"],"jetpack_sharing_enabled":true,"_links":{"self":[{"href":"https:\/\/wp.ufpel.edu.br\/planilhasgoogle\/wp-json\/wp\/v2\/pages\/741","targetHints":{"allow":["GET"]}}],"collection":[{"href":"https:\/\/wp.ufpel.edu.br\/planilhasgoogle\/wp-json\/wp\/v2\/pages"}],"about":[{"href":"https:\/\/wp.ufpel.edu.br\/planilhasgoogle\/wp-json\/wp\/v2\/types\/page"}],"author":[{"embeddable":true,"href":"https:\/\/wp.ufpel.edu.br\/planilhasgoogle\/wp-json\/wp\/v2\/users\/667"}],"replies":[{"embeddable":true,"href":"https:\/\/wp.ufpel.edu.br\/planilhasgoogle\/wp-json\/wp\/v2\/comments?post=741"}],"version-history":[{"count":3,"href":"https:\/\/wp.ufpel.edu.br\/planilhasgoogle\/wp-json\/wp\/v2\/pages\/741\/revisions"}],"predecessor-version":[{"id":756,"href":"https:\/\/wp.ufpel.edu.br\/planilhasgoogle\/wp-json\/wp\/v2\/pages\/741\/revisions\/756"}],"up":[{"embeddable":true,"href":"https:\/\/wp.ufpel.edu.br\/planilhasgoogle\/wp-json\/wp\/v2\/pages\/351"}],"wp:attachment":[{"href":"https:\/\/wp.ufpel.edu.br\/planilhasgoogle\/wp-json\/wp\/v2\/media?parent=741"}],"curies":[{"name":"wp","href":"https:\/\/api.w.org\/{rel}","templated":true}]}}