{"id":74,"date":"2020-07-05T18:00:10","date_gmt":"2020-07-05T21:00:10","guid":{"rendered":"https:\/\/wp.ufpel.edu.br\/planilhasgoogle\/?page_id=74"},"modified":"2020-07-05T18:07:38","modified_gmt":"2020-07-05T21:07:38","slug":"porque-usar-as-planilhas-do-google","status":"publish","type":"page","link":"https:\/\/wp.ufpel.edu.br\/planilhasgoogle\/modulo-basico\/aula-1-introducao-aos-principais-recursos\/porque-usar-as-planilhas-do-google\/","title":{"rendered":"Porqu\u00ea usar as Planilhas do Google"},"content":{"rendered":"<p>O Planilhas Google \u00e9 um aplicativo de planilha com esteroides. Parece e funciona como qualquer outra ferramenta de planilha, mas por ser um aplicativo online, oferece muito mais do que a maioria das ferramentas de planilha do mercado. Aqui est\u00e3o algumas das coisas que o tornam muito melhor:<\/p>\n<p>\u00c9 uma planilha baseada na Web que voc\u00ea pode usar em qualquer lugar &#8211; sem esquecer os arquivos da planilha em casa.<\/p>\n<p>Funciona em qualquer dispositivo, com aplicativos m\u00f3veis para iOS e Android, al\u00e9m de seu aplicativo principal baseado na Web.<\/p>\n<p>O Planilhas Google \u00e9 gratuito e \u00e9 fornecido com o Google Drive, Documentos e Apresenta\u00e7\u00f5es para compartilhar arquivos, documentos e apresenta\u00e7\u00f5es online.<\/p>\n<p>Inclui quase todas as mesmas fun\u00e7\u00f5es de planilha; se voc\u00ea souber usar o Excel, sentir-se-\u00e1 em casa no Planilhas Google.<\/p>\n<p>Voc\u00ea pode fazer o download de complementos, criar o seu e escrever um c\u00f3digo personalizado.<\/p>\n<p>Est\u00e1 online, para que voc\u00ea possa coletar dados com sua planilha automaticamente e fazer quase o que quiser, mesmo quando a planilha n\u00e3o estiver aberta.<\/p>\n<p>Seja voc\u00ea um novato em planilhas ou um veterano do Excel procurando uma maneira melhor de colaborar, este curso ajudar\u00e1 voc\u00ea a aproveitar ao m\u00e1ximo o Planilhas Google. Come\u00e7aremos com o b\u00e1sico, depois continue para conhecer os recursos intermedi\u00e1rios e avan\u00e7ados do Planilhas Google, encontre seus melhores complementos e aprenda a criar seus pr\u00f3prios recursos.<\/p>\n<p><strong>B\u00e1sico de Planilhas Google<\/strong><\/p>\n<p>A melhor maneira de aprender uma ferramenta como o Planilhas do Google \u00e9 mergulhar de cabe\u00e7a, nesse primeiro m\u00f3dulo voc\u00ea ir\u00e1 aprender sobre:<\/p>\n<ul>\n<li>Os principais recursos desta ferramenta;<\/li>\n<li>Fazer opera\u00e7\u00f5es Matem\u00e1ticas;<\/li>\n<li>Trabalhar com fun\u00e7\u00f5es de Data e Hora;<\/li>\n<li>Tratar os textos;<\/li>\n<li>Validar seus Dados;<\/li>\n<li>Usar fun\u00e7\u00f5es Estat\u00edsticas;<\/li>\n<li>Personalizar as suas C\u00e9lulas;<\/li>\n<li>Usar a ferramenta para Compartilhar e usar de modo colaborativo;<\/li>\n<\/ul>\n","protected":false},"excerpt":{"rendered":"<p>O Planilhas Google \u00e9 um aplicativo de planilha com esteroides. Parece e funciona como qualquer outra ferramenta de planilha, mas por ser um aplicativo online, oferece muito mais do que a maioria das ferramentas de planilha do mercado. Aqui est\u00e3o algumas das coisas que o tornam muito melhor: \u00c9 uma planilha baseada na Web que [&hellip;]<\/p>\n","protected":false},"author":667,"featured_media":0,"parent":77,"menu_order":0,"comment_status":"closed","ping_status":"closed","template":"","meta":{"jetpack_post_was_ever_published":false,"footnotes":""},"class_list":["post-74","page","type-page","status-publish","hentry"],"jetpack_sharing_enabled":true,"_links":{"self":[{"href":"https:\/\/wp.ufpel.edu.br\/planilhasgoogle\/wp-json\/wp\/v2\/pages\/74","targetHints":{"allow":["GET"]}}],"collection":[{"href":"https:\/\/wp.ufpel.edu.br\/planilhasgoogle\/wp-json\/wp\/v2\/pages"}],"about":[{"href":"https:\/\/wp.ufpel.edu.br\/planilhasgoogle\/wp-json\/wp\/v2\/types\/page"}],"author":[{"embeddable":true,"href":"https:\/\/wp.ufpel.edu.br\/planilhasgoogle\/wp-json\/wp\/v2\/users\/667"}],"replies":[{"embeddable":true,"href":"https:\/\/wp.ufpel.edu.br\/planilhasgoogle\/wp-json\/wp\/v2\/comments?post=74"}],"version-history":[{"count":1,"href":"https:\/\/wp.ufpel.edu.br\/planilhasgoogle\/wp-json\/wp\/v2\/pages\/74\/revisions"}],"predecessor-version":[{"id":76,"href":"https:\/\/wp.ufpel.edu.br\/planilhasgoogle\/wp-json\/wp\/v2\/pages\/74\/revisions\/76"}],"up":[{"embeddable":true,"href":"https:\/\/wp.ufpel.edu.br\/planilhasgoogle\/wp-json\/wp\/v2\/pages\/77"}],"wp:attachment":[{"href":"https:\/\/wp.ufpel.edu.br\/planilhasgoogle\/wp-json\/wp\/v2\/media?parent=74"}],"curies":[{"name":"wp","href":"https:\/\/api.w.org\/{rel}","templated":true}]}}