{"id":680,"date":"2020-08-27T23:40:35","date_gmt":"2020-08-28T02:40:35","guid":{"rendered":"https:\/\/wp.ufpel.edu.br\/planilhasgoogle\/?page_id=680"},"modified":"2020-08-27T23:41:46","modified_gmt":"2020-08-28T02:41:46","slug":"atividades-de-fixacao","status":"publish","type":"page","link":"https:\/\/wp.ufpel.edu.br\/planilhasgoogle\/modulo-avancado\/aula-2-funcoes-financeiras\/atividades-de-fixacao\/","title":{"rendered":"Atividades de Fixa\u00e7\u00e3o"},"content":{"rendered":"<h3>Propostas para praticar:<\/h3>\n<ul>\n<li>Descubra o Valor Futuro, sabendo que a taxa cobrada para um empr\u00e9stimo \u00e9 4% ao m\u00eas, se o empr\u00e9stimo for pago ap\u00f3s 75 dias, qual o valor a ser pago, se a retirada foi de R$500,00 e os juros aplicados diariamente?<\/li>\n<li>Qual o valor presente considerando que voc\u00ea faz um investimento que paga 0,25% ao dia de juros. Se o investimento foi resgatado em um ano, quanto voc\u00ea investiu se o valor resgatado foi de R$4.600,00? Considere um ano de 252 dias \u00fateis.<\/li>\n<li>Descubra o per\u00edodo de um empr\u00e9stimo, sabendo que a taxa anual nominal \u00e9 de 82% para empr\u00e9stimos pessoais, por um empr\u00e9stimo de R$2.986,29 voc\u00ea paga R$ 1.800,00. Se a capitaliza\u00e7\u00e3o foi mensal, qual foi o per\u00edodo do empr\u00e9stimo?<\/li>\n<li>Se voc\u00ea investe R$ 3.200,00 e recebe R$900 depois de 2 anos. Se a taxa de juros foi composta mensalmente, qual a taxa nominal anual deste investimento?<\/li>\n<li>Voc\u00ea faz um investimento em renda fixa de 5% ao ano no dia 01\/01\/2020 e deseja resgatar no dia 31\/12\/2020, onde se pagou R$ 80 reais e espera-se que ele chegue ao valor de R$ 100 no final do per\u00edodo baseado na evolu\u00e7\u00e3o dos \u00faltimos anos, qual o valor final que devemos resgatar ao final desse per\u00edodo se a nossa aplica\u00e7\u00e3o inicial foi de 5000 reais?<\/li>\n<li>Usando o m\u00e9todo aritm\u00e9tico de deprecia\u00e7\u00e3o (BD), sabendo que um carro custou R$ 35.000,00 e que ao final de 5 anos este carro dever\u00e1 ter como valor residual R$ 22.000,00. Qual o valor do ve\u00edculo ao final do terceiro ano?<\/li>\n<\/ul>\n","protected":false},"excerpt":{"rendered":"<p>Propostas para praticar: Descubra o Valor Futuro, sabendo que a taxa cobrada para um empr\u00e9stimo \u00e9 4% ao m\u00eas, se o empr\u00e9stimo for pago ap\u00f3s 75 dias, qual o valor a ser pago, se a retirada foi de R$500,00 e os juros aplicados diariamente? Qual o valor presente considerando que voc\u00ea faz um investimento que [&hellip;]<\/p>\n","protected":false},"author":667,"featured_media":0,"parent":345,"menu_order":0,"comment_status":"closed","ping_status":"closed","template":"","meta":{"jetpack_post_was_ever_published":false,"footnotes":""},"class_list":["post-680","page","type-page","status-publish","hentry"],"jetpack_sharing_enabled":true,"_links":{"self":[{"href":"https:\/\/wp.ufpel.edu.br\/planilhasgoogle\/wp-json\/wp\/v2\/pages\/680","targetHints":{"allow":["GET"]}}],"collection":[{"href":"https:\/\/wp.ufpel.edu.br\/planilhasgoogle\/wp-json\/wp\/v2\/pages"}],"about":[{"href":"https:\/\/wp.ufpel.edu.br\/planilhasgoogle\/wp-json\/wp\/v2\/types\/page"}],"author":[{"embeddable":true,"href":"https:\/\/wp.ufpel.edu.br\/planilhasgoogle\/wp-json\/wp\/v2\/users\/667"}],"replies":[{"embeddable":true,"href":"https:\/\/wp.ufpel.edu.br\/planilhasgoogle\/wp-json\/wp\/v2\/comments?post=680"}],"version-history":[{"count":2,"href":"https:\/\/wp.ufpel.edu.br\/planilhasgoogle\/wp-json\/wp\/v2\/pages\/680\/revisions"}],"predecessor-version":[{"id":692,"href":"https:\/\/wp.ufpel.edu.br\/planilhasgoogle\/wp-json\/wp\/v2\/pages\/680\/revisions\/692"}],"up":[{"embeddable":true,"href":"https:\/\/wp.ufpel.edu.br\/planilhasgoogle\/wp-json\/wp\/v2\/pages\/345"}],"wp:attachment":[{"href":"https:\/\/wp.ufpel.edu.br\/planilhasgoogle\/wp-json\/wp\/v2\/media?parent=680"}],"curies":[{"name":"wp","href":"https:\/\/api.w.org\/{rel}","templated":true}]}}