{"id":677,"date":"2020-08-27T23:40:46","date_gmt":"2020-08-28T02:40:46","guid":{"rendered":"https:\/\/wp.ufpel.edu.br\/planilhasgoogle\/?page_id=677"},"modified":"2020-08-27T23:51:05","modified_gmt":"2020-08-28T02:51:05","slug":"periodo-pagamentos-e-taxa","status":"publish","type":"page","link":"https:\/\/wp.ufpel.edu.br\/planilhasgoogle\/modulo-avancado\/aula-2-funcoes-financeiras\/periodo-pagamentos-e-taxa\/","title":{"rendered":"Per\u00edodo, Pagamentos e Taxa"},"content":{"rendered":"<div class=\"box generalbox center clearfix\">\n<div class=\"no-overflow\">\n<h3>Per\u00edodo<\/h3>\n<p>Como visto at\u00e9 o momento, a partir de certos par\u00e2metros podemos encontrar outros. \u00c0s vezes possu\u00edmos todos os par\u00e2metros necess\u00e1rios para encontrar o valor presente. Outras vezes, possu\u00edmos os par\u00e2metros necess\u00e1rios para encontra o valor futuro ou a taxa de juros aplicada.\u00a0O que voc\u00ea deve ter notado nos exemplos anteriores \u00e9 que os argumentos de cada fun\u00e7\u00e3o, na verdade, representam outra fun\u00e7\u00e3o. Por exemplo, na fun\u00e7\u00e3o VP voc\u00ea tem o argumento VF que tamb\u00e9m \u00e9 representado pela fun\u00e7\u00e3o VF. Da mesma forma, em ambas as fun\u00e7\u00f5es t\u00eam o argumento TAXA e tamb\u00e9m possu\u00edmos a fun\u00e7\u00e3o TAXA.<\/p>\n<p>Outro argumento preenchido v\u00e1rias vezes \u00e9 NPER. NPER al\u00e9m de ser um argumento das fun\u00e7\u00f5es acima, ele tamb\u00e9m \u00e9 uma fun\u00e7\u00e3o.\u00a0A precis\u00e3o da fun\u00e7\u00e3o NPER depender\u00e1 dos valores entrados como argumentos da fun\u00e7\u00e3o. Observe o exemplo abaixo:<\/p>\n<p><img src=\"https:\/\/wp.ufpel.edu.br\/planilhasgoogle\/files\/2020\/08\/periodo_1.png\" width=\"822\" height=\"518\" \/><\/p>\n<p>&nbsp;<\/p>\n<p>O valor na c\u00e9lula B4 \u00e9 um valor calculado, portanto o resultado para NPER \u00e9 exatamente 60 (5*12 utilizado no c\u00e1lculo do VF).<\/p>\n<p>Este \u00e9 mais um motivo para voc\u00ea evitar arredondamentos durante o c\u00e1lculo. Utilize o m\u00e1ximo de precis\u00e3o poss\u00edvel nos c\u00e1lculos intermedi\u00e1rios e somente fa\u00e7a o arredondamento no final.\u00a0\u00a0A seguir apresento exerc\u00edcios desenvolvidos para fixar a solu\u00e7\u00e3o do problema:<\/p>\n<p>1. Voc\u00ea efetua um investimento de R$1.000 e resgata R$2.107,18. Se a taxa anual nominal \u00e9 de 15% e os juros s\u00e3o capitalizados mensalmente, quanto tempo durou o investimento?<\/p>\n<p><b>=NPER(15%\/12;;-1000;2107,18;0)<\/b><\/p>\n<p><b><img src=\"https:\/\/wp.ufpel.edu.br\/planilhasgoogle\/files\/2020\/08\/periodo_2.png\" \/><\/b><\/p>\n<p>&nbsp;<\/p>\n<p>2. Efetue o c\u00e1lculo anterior para pagamento no in\u00edcio do investimento<\/p>\n<p><b>\u00a0 \u00a0 =NPER(15%\/12;;-1000;2107,18;1)<\/b><\/p>\n<p>Para pagamento \u00fanico n\u00e3o far\u00e1 diferen\u00e7a no c\u00e1lculo final.<\/p>\n<p>&nbsp;<\/p>\n<p>3. Voc\u00ea faz um investimento que paga 0,055% ao dia de juros. Se o valor investido inicialmente foi de R$3.000 e o valor resgatado foi de R$ 3.455,86, quanto tempo o dinheiro ficou investido?<\/p>\n<p>Considerando que a taxa \u00e9 cotada como sendo di\u00e1ria, n\u00e3o h\u00e1 necessidade de proporcion\u00e1-la, portanto o valor futuro \u00e9:<\/p>\n<p>=NPER(0,055%;;-3000;3445,86) Resultando 252 dias<\/p>\n<p><img src=\"https:\/\/wp.ufpel.edu.br\/planilhasgoogle\/files\/2020\/08\/periodo_3.png\" width=\"822\" height=\"518\" \/><\/p>\n<p>&nbsp;<\/p>\n<p>4. Sabendo que a taxa cobrada para um empr\u00e9stimo \u00e9 6% ao m\u00eas, se o valor do empr\u00e9stimo foi de R$500 com juros aplicados diariamente, em quanto tempo o empr\u00e9stimo foi pago se o valor pago foi de R$547,04<\/p>\n<p>=NPER(6%\/30;;-500;547,04) Resultando<\/p>\n<p><img src=\"https:\/\/wp.ufpel.edu.br\/planilhasgoogle\/files\/2020\/08\/periodo_4.png\" width=\"822\" height=\"518\" \/><\/p>\n<p>&nbsp;<\/p>\n<p>5. Utilizando o mesmo exemplo anterior, quanto tempo levou se a capitaliza\u00e7\u00e3o foi mensal e o valor resgatado foi de R$545,67?<\/p>\n<p>=NPER(6%;;-500;545,67)<\/p>\n<p>O resultado final representa 1 m\u00eas e meio ou 45 dias.<\/p>\n<p><img src=\"https:\/\/wp.ufpel.edu.br\/planilhasgoogle\/files\/2020\/08\/periodo_5.png\" width=\"822\" height=\"518\" \/><\/p>\n<p>&nbsp;<\/p>\n<p>6. Sabendo que a taxa anual nominal \u00e9 de 77% para empr\u00e9stimos pessoais, por um empr\u00e9stimo de R$1.000 voc\u00ea paga R$ 1.452,31. Se a capitaliza\u00e7\u00e3o foi mensal, qual foi o per\u00edodo do empr\u00e9stimo?<\/p>\n<p>Como a taxa \u00e9 cotada por ano, precisamos proporcion\u00e1-la para o tipo de capitaliza\u00e7\u00e3o.<\/p>\n<p><b>=NPER(77%\/12;;-1000;1452,31)<\/b><\/p>\n<p><b><img src=\"https:\/\/wp.ufpel.edu.br\/planilhasgoogle\/files\/2020\/08\/periodo_6.png\" width=\"822\" height=\"518\" \/><\/b><\/p>\n<p>&nbsp;<\/p>\n<p>7. Se voc\u00ea disp\u00f5e de R$465,99 para depositar em um fundo que paga 1,05% ao m\u00eas, quantos dep\u00f3sitos mensais ter\u00e1 que fazer para acumular R$ 500.000,00?<\/p>\n<p>=NPER(1,050%;-465,99;0;500000;0))<\/p>\n<p>Ou seja 20 anos<\/p>\n<p><img src=\"https:\/\/wp.ufpel.edu.br\/planilhasgoogle\/files\/2020\/08\/periodo_7.png\" width=\"822\" height=\"518\" \/><\/p>\n<p>&nbsp;<\/p>\n<p>&nbsp;<\/p>\n<h3>Pagamentos e Taxa<\/h3>\n<h4>Taxa Nominal e Efetiva<\/h4>\n<p>Taxas podem causar muita confus\u00e3o. H\u00e1 v\u00e1rias formas de se cotar uma taxa: elas podem ser nominais anuais, semestrais, mensais, di\u00e1rias, etc. Podem ser efetivas anuais, trimestrais, mensais, semanais, di\u00e1rias, etc. Ou podem ainda ser equivalentes.\u00a0\u00c9 importante compreender o tipo de taxa sendo utilizada, pois a planilha n\u00e3o tem um m\u00e9todo de verifica\u00e7\u00e3o de taxas. O que voc\u00ea precisa ter em mente quando utilizar as fun\u00e7\u00f5es da planilha \u00e9 que as taxas devem ser proporcionais \u00e0 ocorr\u00eancia do pagamento.\u00a0Por exemplo, se algu\u00e9m lhe passa uma taxa nominal anual de 10% a.a, mas a capitaliza\u00e7\u00e3o ocorre mensalmente voc\u00ea precisa proporcionar 10% por 12 (n\u00famero de meses no ano). Se a taxa fosse 1% ao m\u00eas e capitalizada diariamente, voc\u00ea precisa proporcionar 1% por 21 dias \u00fateis (ou a fra\u00e7\u00e3o referente ao n\u00famero de vezes que a taxa ser\u00e1 capitalizada no m\u00eas).<\/p>\n<p>&nbsp;<\/p>\n<p><strong>Taxa Nominal<\/strong><\/p>\n<p>Taxa nominal \u00e9 aquela que possui valor de face. Imagine uma nota de R$10, quanto ela vale? A resposta que parece ser \u00f3bvia \u00e9 que uma nota de R$10 vale R$10. Mas ser\u00e1 que vale mesmo? Uma nota de R$10 somente vale R$10 porque voc\u00ea acredita que ela vale os R$10, em outras palavras, o valor \u00e9 fiduci\u00e1rio e mais nada.\u00a0 \u00a0\u00a0Quando uma passagem de \u00f4nibus passa de R$1,00 para R$2,00 os seus R$10 n\u00e3o valem mais a mesma coisa, embora seu valor de face continue o mesmo. Antes, ela pagava dez passagens de \u00f4nibus. Agora, ela paga apenas cinco passagens. Embora voc\u00ea saiba que a nota ainda tenha o mesmo valor de face, voc\u00ea tamb\u00e9m sabe que ela compra menos do que antes.\u00a0Este valor de face \u00e9 o seu valor nominal.<\/p>\n<p>A taxa nominal nada mais \u00e9 do que isso. \u00c9 uma taxa que n\u00e3o \u00e9 real. Se voc\u00ea fosse receber 1% de juros ao m\u00eas a taxa nominal para o ano seria 12% (12*1%); por\u00e9m, esta n\u00e3o \u00e9 a taxa realmente recebida. Desta forma, eu poderia dizer que voc\u00ea recebe 12% de juros ao ano, taxa nominal, mas at\u00e9 a realiza\u00e7\u00e3o da capitaliza\u00e7\u00e3o esta taxa tem apenas valor de face, pois n\u00e3o ser\u00e1 este o valor recebido ou o valor real da taxa.\u00a0Mas como reconhecer uma taxa nominal? E por que as pessoas falam de taxas nominais ao inv\u00e9s de efetivas?<\/p>\n<p>Reconhecer um taxa nominal \u00e9 bem simples. Procure apenas pelo valor de face do custo do dinheiro. Por exemplo, se voc\u00ea tem uma taxa mensal para pagamentos mensais, a taxa ser\u00e1 efetiva, pois existe o \u201ccasamento\u201d entre a propor\u00e7\u00e3o da taxa e o per\u00edodo. Se por outro lado a taxa \u00e9 anual e o pagamento \u00e9 mensal voc\u00ea estar\u00e1 observando uma taxa nominal (a menos que seja informado o contr\u00e1rio).<\/p>\n<p>As pessoas utilizam taxas nominais pelo mesmo motivo que usamos as notas de R$10 quando elas j\u00e1 n\u00e3o possuem o mesmo valor que 10 anos atr\u00e1s. Se cada nota no mercado representasse o seu valor naquele momento no tempo, a Casa da Moeda do Brasil teria que imprimir e distribuir notas a cada segundo, pois o processo de desvaloriza\u00e7\u00e3o \u00e9 cont\u00ednuo.<\/p>\n<p>Colocando este par\u00e1grafo no contexto da taxa nominal, com uma taxa nominal cotada para o ano inteiro, voc\u00ea pode proporcionar para qualquer per\u00edodo dentro do ano para encontrar a sua taxa efetiva, isto \u00e9, o quanto realmente custa o dinheiro. Caso contr\u00e1rio, voc\u00ea teria que prever todas as condi\u00e7\u00f5es e combina\u00e7\u00f5es poss\u00edveis de taxas dentro do ano. Com uma taxa \u00fanica para o ano, basta proporcionar para o per\u00edodo desejado quando ele surgir e se surgir.<\/p>\n<p>Nas Planilhas do Google, a taxa nominal \u00e9 calculada utilizando a fun\u00e7\u00e3o:\u00a0<b>NOMINAL<\/b>(<b>taxa_efetiva;periodos_ao_ano<\/b>) onde\u00a0taxa_efetiva \u00e9 a taxa de juros efetiva e\u00a0periodos_ao_ano\u00a0\u00e9 o n\u00famero de per\u00edodos compostos por ano.<\/p>\n<p><b>Observa\u00e7\u00f5es:<\/b><\/p>\n<ul>\n<li>N_per_ano \u00e9 truncado para que apare\u00e7a como um n\u00famero inteiro.<\/li>\n<li>Se qualquer um dos argumentos n\u00e3o for num\u00e9rico, NOMINAL retornar\u00e1 o valor de Erro:.<\/li>\n<li>Se taxa_efetiva \u2264 0 ou se N_per_ano &lt; 1, NOMINAL retornar\u00e1 o valor de Erro:.<\/li>\n<\/ul>\n<p>&nbsp;<\/p>\n<p>Ou seja, primeiro argumento \u00e9 a taxa efetiva e o segundo o n\u00famero de per\u00edodos que s\u00e3o compostos no ano.\u00a0O per\u00edodo pode ser qualquer coisa. Contudo, se a taxa n\u00e3o estiver na mesma base o resultado n\u00e3o ser\u00e1 o esperado.<\/p>\n<p>&nbsp;<\/p>\n<h4>Exemplos<\/h4>\n<p>Abaixo desenvolvo v\u00e1rias quest\u00f5es envolvendo taxas nominais.<\/p>\n<p>1. Voc\u00ea decide fazer o financiamento de um carro. Os juros efetivamente cobrados pela financeira somam 121% ao ano. Se o pagamento \u00e9 mensal, qual a taxa nominal anual?<\/p>\n<p>=NOMINAL(121%;12)<\/p>\n<p><img src=\"https:\/\/wp.ufpel.edu.br\/planilhasgoogle\/files\/2020\/08\/pagamentos_e_taxas_1.png\" width=\"822\" height=\"518\" \/><\/p>\n<p>&nbsp;<\/p>\n<p>2. Se a taxa efetiva mensal \u00e9 1,5% qual a taxa nominal anual?<\/p>\n<p>Nesse caso basta multiplicar por 12 a taxa efetiva mensal = 1,5%*12 = 18%<\/p>\n<p>&nbsp;<\/p>\n<p>3. Voc\u00ea investe R$ 1.100,00 e recebe R$1.855,23 depois de 2 anos. Se a taxa de juros foi composta mensalmente, qual a taxa nominal anual deste investimento?<\/p>\n<p>Primeiramente devemos calcular a taxa efetiva mensal desse investimento, para isso usamos a fun\u00e7\u00e3o taxa dispon\u00edvel na planilha.<\/p>\n<p>A fun\u00e7\u00e3o TAXA retorna a taxa efetiva de juros por per\u00edodo. TAXA \u00e9 calculada por intera\u00e7\u00e3o e pode n\u00e3o chegar a uma solu\u00e7\u00e3o. Se os resultados sucessivos da TAXA n\u00e3o convergirem para 0,0000001 depois de 20 itera\u00e7\u00f5es, a TAXA retornar\u00e1 com valor de Erro.<\/p>\n<p>&nbsp;<\/p>\n<p>A f\u00f3rmula da taxa \u00e9\u00a0<strong>TAXA(numero_de_periodos; pagamento_por_periodo; valor_atual; [valor_futuro]; [fim_ou_inicio]; [taxa_estimada])<\/strong>, onde:<\/p>\n<ul>\n<li>numero_de_periodos\u00a0\u00e9 o n\u00famero total de per\u00edodos ou o n\u00famero sucessivo de pagamentos ou recebimentos em uma s\u00e9rie de pagamentos;<\/li>\n<li>pagamento_por_periodo \u00e9\u00a0o pagamento feito em cada per\u00edodo em uma s\u00e9rie de pagamentos, e n\u00e3o pode mudar durante a vig\u00eancia;<\/li>\n<li>valor_atual \u00e9 o\u00a0\u00e9 o valor presente ou valor atual de uma s\u00e9rie de pagamentos futuros;<\/li>\n<li>valor_futuro \u00e9 um item opcional e significa\u00a0o valor final, que voc\u00ea deseja obter depois do \u00faltimo pagamento, se o valor_futuro\u00a0for omitido, ser\u00e1 considerado 0, ou ainda o valor futuro restante ap\u00f3s o pagamento final;<\/li>\n<li>fim_ou_inicio tamb\u00e9m \u00e9 um item opcional e que indica se os pagamentos s\u00e3o feitos no final (&#8220;0&#8221;) ou no in\u00edcio (&#8220;1&#8221;) de cada per\u00edodo;<\/li>\n<li>taxa_estimada tamb\u00e9m \u00e9 um item opcional e significa uma estimativa para a taxa de juros, se voc\u00ea omitir estimativa, este argumento ser\u00e1 considerado 10%.\u00a0 Se a TAXA n\u00e3o convergir, atribua valores diferentes para estimativa. Em\u00a0<a class=\"autolink\" title=\"Geral\" href=\"https:\/\/ava.ufpel.edu.br\/pre\/mod\/page\/view.php?id=174920\">geral<\/a>, TAXA converge se a estimativa estiver entre 0 e 1.<\/li>\n<\/ul>\n<p>Ent\u00e3o, resolvendo exemplo acima temos que:<\/p>\n<p><img src=\"https:\/\/wp.ufpel.edu.br\/planilhasgoogle\/files\/2020\/08\/pagamentos_e_taxas_2.png\" width=\"822\" height=\"518\" \/><\/p>\n<p>&nbsp;<\/p>\n<p>Para calcular a taxa nominal anual multiplica-se por 12, totalizando 26,4216% ao ano.<\/p>\n<p>&nbsp;<\/p>\n<p>4. Um investimento de 21 dias retorna R$775,61 por um investimento inicial de R$716,00. Qual a taxa nominal mensal?<\/p>\n<p><img src=\"https:\/\/wp.ufpel.edu.br\/planilhasgoogle\/files\/2020\/08\/pagamentos_e_taxas_3.png\" width=\"822\" height=\"518\" \/><\/p>\n<p>Para calcular a taxa nominal mensal multiplica-se por 21, totalizando 8,0122% ao m\u00eas.<\/p>\n<p><b>\u00a0 \u00a0OBS<\/b>: Neste exemplo, um erro comum ocorre. Geralmente, a tend\u00eancia \u00e9 tratar os valores presente e futuro com sendo positivo. Por\u00e9m, ao fazer isso cometemos um erro. O fluxo de caixa n\u00e3o pode ser somente positivo, devemos ter uma entrada e uma sa\u00edda de caixa.<\/p>\n<p>&nbsp;<\/p>\n<p>5. Voc\u00ea deposita mensalmente a quantia de R$500,00 por doze meses. Quando voc\u00ea finalmente resgata o dinheiro, o montante recebido \u00e9 de R$6.654,13. Qual a taxa nominal anual aplicada neste investimento?<\/p>\n<p><img src=\"https:\/\/wp.ufpel.edu.br\/planilhasgoogle\/files\/2020\/08\/pagamentos_e_taxas_4.png\" width=\"822\" height=\"518\" \/><\/p>\n<p>&nbsp;<\/p>\n<p>&nbsp;<\/p>\n<p><strong>Taxa Efetiva<\/strong><\/p>\n<p>Taxa Efetiva, como o nome sugere, \u00e9 a taxa efetivamente paga ou recebida. Se um investimento paga uma taxa mensal de 1% e este \u00e9 o valor final recebido; ent\u00e3o, esta \u00e9 sua taxa efetiva. Por outro lado, se a taxa fosse cotada como sendo anual nominal, digamos, 12%; ent\u00e3o, a sua taxa efetiva anual \u00e9 dada por:<\/p>\n<p>EFETIVA = ( 1 + i \/ m )<sup>m\u00a0<\/sup>&#8211; 1<\/p>\n<p>Onde\u00a0<i>m<\/i>\u00a0\u00e9 o n\u00famero de vezes que\u00a0<i>i\u00a0<\/i>(a taxa nominal) \u00e9 composta no per\u00edodo. Se a taxa \u00e9 composta\u00a012 vezes por ano, ent\u00e3o:<\/p>\n<p>EFETIVA = ( 1 + 0,12 \/ 12 )<sup>12<\/sup>\u00a0&#8211; 1<\/p>\n<p><i>EFETIVA\u00a0<\/i>= 12,6825% ao ano<\/p>\n<p>Na planilha, a taxa efetiva \u00e9 calculada utilizando a fun\u00e7\u00e3o\u00a0<b>EFETIVA(taxa_nominal; periodos_ao_ano)<\/b>. Como o processo \u00e9 o oposto da taxa nominal, devemos inserir a taxa nominal como o primeiro argumento da fun\u00e7\u00e3o.<\/p>\n<p><img src=\"https:\/\/wp.ufpel.edu.br\/planilhasgoogle\/files\/2020\/08\/pagamentos_e_taxas_5.png\" width=\"822\" height=\"518\" \/><\/p>\n<p>A import\u00e2ncia da taxa nominal pode ser vista agora. No exemplo acima a taxa efetiva para capitaliza\u00e7\u00e3o mensal \u00e9 12,68%. Se a capitaliza\u00e7\u00e3o fosse di\u00e1ria, com a mesma taxa nominal podemos encontrar a taxa anual efetiva:<\/p>\n<p>EFETIVA = ( 1 + 0,12 \/ 252 )<sup>252<\/sup>\u00a0&#8211; 1\u00a0<i>=&gt; taxa efetiva 12,7464% ano<\/i><\/p>\n<p>Para resolver na planilha basta substituir 12 por 252 (dias efetivos no ano) na atividade anterior.<\/p>\n<p>Como podemos ver, para cada capitaliza\u00e7\u00e3o (valor\u00a0<i>m<\/i>) h\u00e1 uma taxa efetiva diferente. Por\u00e9m, todas estas taxas convergem para uma \u00fanica taxa nominal no ano. Isso facilita em muito o nosso c\u00e1lculo, pois temos apenas uma vari\u00e1vel para manipular. Imagine a situa\u00e7\u00e3o onde voc\u00ea deseja elaborar uma tabela de capitaliza\u00e7\u00e3o. Se voc\u00ea tivesse que definir uma taxa efetiva para cada per\u00edodo voc\u00ea teria mais trabalho do que definir uma taxa \u00fanica para o ano e proporcion\u00e1-la conforme surgir \u00e0 necessidade.<\/p>\n<p>Abaixo desenvolvemos algumas quest\u00f5es envolvendo taxas efetivas.<\/p>\n<p>1. Um investimento oferece uma taxa nominal 1% ao m\u00eas. Se este valor \u00e9 composto diariamente, qual a taxa efetiva para o m\u00eas? Assuma 21 dias \u00fateis no m\u00eas.<\/p>\n<p>Observe que a taxa \u00e9 cotada para o m\u00eas. Considerando um m\u00eas de 21 dias \u00fateis podemos facilmente encontrar a taxa efetiva para o m\u00eas:<\/p>\n<p><b>\u00a0 \u00a0 = EFETIVA(1%;21)<\/b><\/p>\n<p><b><img src=\"https:\/\/wp.ufpel.edu.br\/planilhasgoogle\/files\/2020\/08\/pagamentos_e_taxas_6.png\" width=\"822\" height=\"518\" \/><\/b><\/p>\n<p>Que tem o mesmo efeito que:<\/p>\n<p>( 1 + 0,01 \/ 21 )<sup>21<\/sup>\u00a0&#8211; 1<i>=&gt; taxa efetiva 1,0048% m\u00eas<\/i><\/p>\n<p>&nbsp;<\/p>\n<p>2. Um investimento oferece uma taxa di\u00e1ria de 0,075%. Qual a taxa efetivamente recebida na sexta-feira se o investimento foi feito na segunda-feira.<\/p>\n<p>A taxa nominal no per\u00edodo poder ser calculada como 0,075*5 (5 dias) = 0,375<\/p>\n<p><b>= EFETIVA(0,075%*5;5)<\/b><\/p>\n<p><b>\u00a0 \u00a0\u00a0<img src=\"https:\/\/wp.ufpel.edu.br\/planilhasgoogle\/files\/2020\/08\/pagamentos_e_taxas_7.png\" width=\"822\" height=\"518\" \/><\/b><\/p>\n<p>&nbsp;<\/p>\n<p>3. Um investimento inicial de R$1.000,00 dobra em tr\u00eas anos. Sabendo que a capitaliza\u00e7\u00e3o foi mensal, qual foi \u00e0 taxa efetiva anual?<\/p>\n<p>Para resolver essa atividade usamos a fun\u00e7\u00e3o TAXA(NPER;PGTO;VP;VF;Tipo;Estimativa).<\/p>\n<p><img src=\"https:\/\/wp.ufpel.edu.br\/planilhasgoogle\/files\/2020\/08\/pagamentos_e_taxas_8.png\" width=\"822\" height=\"518\" \/><\/p>\n<p>&nbsp;<\/p>\n<p>4. Voc\u00ea faz um empr\u00e9stimo pessoal de R$5.000,00 que ser\u00e1 liquidado em 36 parcelas de R$256,35. O gerente do banco informa que a taxa efetiva do empr\u00e9stimo \u00e9 de 45,33%. Esta informa\u00e7\u00e3o est\u00e1 correta?<\/p>\n<p>Utilizando a fun\u00e7\u00e3o TAXA para resolver o problema, temos:<\/p>\n<p><b>=TAXA(36;-256,35;5000;0;0)*12<\/b><\/p>\n<p><b>\u00a0 \u00a0 =EFETIVA_ADD(TAXA(36;-256,35;5000;0;0)*12;12)<\/b><\/p>\n<p><img src=\"https:\/\/wp.ufpel.edu.br\/planilhasgoogle\/files\/2020\/08\/pagamentos_e_taxas_9.png\" width=\"822\" height=\"518\" \/><\/p>\n<p>&nbsp;<\/p>\n<p>A taxa informada pelo gerente \u00e9 a taxa nominal, a taxa efetiva \u00e9 de 56,0435% ao ano.<\/p>\n<p>&nbsp;<\/p>\n<p>5. Um investimento qualquer paga uma taxa di\u00e1ria de 0,06%. Considerando um ano de 252 dias \u00fateis, qual a taxa efetivamente recebida no final de um ano?<\/p>\n<p><b>=EFETIVA(0,06%*252;252)<\/b><\/p>\n<p><b><img src=\"https:\/\/wp.ufpel.edu.br\/planilhasgoogle\/files\/2020\/08\/pagamentos_e_taxas_10.png\" width=\"822\" height=\"518\" \/><\/b><\/p>\n<p>&nbsp;<\/p>\n<p>&nbsp;<\/p>\n<\/div>\n<\/div>\n","protected":false},"excerpt":{"rendered":"<p>Per\u00edodo Como visto at\u00e9 o momento, a partir de certos par\u00e2metros podemos encontrar outros. \u00c0s vezes possu\u00edmos todos os par\u00e2metros necess\u00e1rios para encontrar o valor presente. Outras vezes, possu\u00edmos os par\u00e2metros necess\u00e1rios para encontra o valor futuro ou a taxa de juros aplicada.\u00a0O que voc\u00ea deve ter notado nos exemplos anteriores \u00e9 que os argumentos [&hellip;]<\/p>\n","protected":false},"author":667,"featured_media":0,"parent":345,"menu_order":0,"comment_status":"closed","ping_status":"closed","template":"","meta":{"jetpack_post_was_ever_published":false,"footnotes":""},"class_list":["post-677","page","type-page","status-publish","hentry"],"jetpack_sharing_enabled":true,"_links":{"self":[{"href":"https:\/\/wp.ufpel.edu.br\/planilhasgoogle\/wp-json\/wp\/v2\/pages\/677","targetHints":{"allow":["GET"]}}],"collection":[{"href":"https:\/\/wp.ufpel.edu.br\/planilhasgoogle\/wp-json\/wp\/v2\/pages"}],"about":[{"href":"https:\/\/wp.ufpel.edu.br\/planilhasgoogle\/wp-json\/wp\/v2\/types\/page"}],"author":[{"embeddable":true,"href":"https:\/\/wp.ufpel.edu.br\/planilhasgoogle\/wp-json\/wp\/v2\/users\/667"}],"replies":[{"embeddable":true,"href":"https:\/\/wp.ufpel.edu.br\/planilhasgoogle\/wp-json\/wp\/v2\/comments?post=677"}],"version-history":[{"count":4,"href":"https:\/\/wp.ufpel.edu.br\/planilhasgoogle\/wp-json\/wp\/v2\/pages\/677\/revisions"}],"predecessor-version":[{"id":702,"href":"https:\/\/wp.ufpel.edu.br\/planilhasgoogle\/wp-json\/wp\/v2\/pages\/677\/revisions\/702"}],"up":[{"embeddable":true,"href":"https:\/\/wp.ufpel.edu.br\/planilhasgoogle\/wp-json\/wp\/v2\/pages\/345"}],"wp:attachment":[{"href":"https:\/\/wp.ufpel.edu.br\/planilhasgoogle\/wp-json\/wp\/v2\/media?parent=677"}],"curies":[{"name":"wp","href":"https:\/\/api.w.org\/{rel}","templated":true}]}}