{"id":656,"date":"2020-08-27T23:33:37","date_gmt":"2020-08-28T02:33:37","guid":{"rendered":"https:\/\/wp.ufpel.edu.br\/planilhasgoogle\/?page_id=656"},"modified":"2020-08-27T23:35:39","modified_gmt":"2020-08-28T02:35:39","slug":"atividades-de-fixacao","status":"publish","type":"page","link":"https:\/\/wp.ufpel.edu.br\/planilhasgoogle\/modulo-avancado\/aula-1-funcoes-avancadas\/atividades-de-fixacao\/","title":{"rendered":"Atividades de Fixa\u00e7\u00e3o"},"content":{"rendered":"<h3>Propostas para praticar:<\/h3>\n<ul>\n<li>Realize a instala\u00e7\u00e3o destes plugins;<\/li>\n<li>Explore os exemplos pr\u00e1ticos que geralmente acompanham os plugins;<\/li>\n<li>Altere sem medo de ter problemas;<\/li>\n<li>Procure pensar em possibilidades para usar os plugins mencionados nesta se\u00e7\u00e3o.<\/li>\n<\/ul>\n","protected":false},"excerpt":{"rendered":"<p>Propostas para praticar: Realize a instala\u00e7\u00e3o destes plugins; Explore os exemplos pr\u00e1ticos que geralmente acompanham os plugins; Altere sem medo de ter problemas; Procure pensar em possibilidades para usar os plugins mencionados nesta se\u00e7\u00e3o.<\/p>\n","protected":false},"author":667,"featured_media":0,"parent":343,"menu_order":0,"comment_status":"closed","ping_status":"closed","template":"","meta":{"jetpack_post_was_ever_published":false,"footnotes":""},"class_list":["post-656","page","type-page","status-publish","hentry"],"jetpack_sharing_enabled":true,"_links":{"self":[{"href":"https:\/\/wp.ufpel.edu.br\/planilhasgoogle\/wp-json\/wp\/v2\/pages\/656","targetHints":{"allow":["GET"]}}],"collection":[{"href":"https:\/\/wp.ufpel.edu.br\/planilhasgoogle\/wp-json\/wp\/v2\/pages"}],"about":[{"href":"https:\/\/wp.ufpel.edu.br\/planilhasgoogle\/wp-json\/wp\/v2\/types\/page"}],"author":[{"embeddable":true,"href":"https:\/\/wp.ufpel.edu.br\/planilhasgoogle\/wp-json\/wp\/v2\/users\/667"}],"replies":[{"embeddable":true,"href":"https:\/\/wp.ufpel.edu.br\/planilhasgoogle\/wp-json\/wp\/v2\/comments?post=656"}],"version-history":[{"count":2,"href":"https:\/\/wp.ufpel.edu.br\/planilhasgoogle\/wp-json\/wp\/v2\/pages\/656\/revisions"}],"predecessor-version":[{"id":668,"href":"https:\/\/wp.ufpel.edu.br\/planilhasgoogle\/wp-json\/wp\/v2\/pages\/656\/revisions\/668"}],"up":[{"embeddable":true,"href":"https:\/\/wp.ufpel.edu.br\/planilhasgoogle\/wp-json\/wp\/v2\/pages\/343"}],"wp:attachment":[{"href":"https:\/\/wp.ufpel.edu.br\/planilhasgoogle\/wp-json\/wp\/v2\/media?parent=656"}],"curies":[{"name":"wp","href":"https:\/\/api.w.org\/{rel}","templated":true}]}}