{"id":654,"date":"2020-08-27T23:33:43","date_gmt":"2020-08-28T02:33:43","guid":{"rendered":"https:\/\/wp.ufpel.edu.br\/planilhasgoogle\/?page_id=654"},"modified":"2020-08-27T23:39:09","modified_gmt":"2020-08-28T02:39:09","slug":"convertendo-tabelas-para-latex","status":"publish","type":"page","link":"https:\/\/wp.ufpel.edu.br\/planilhasgoogle\/modulo-avancado\/aula-1-funcoes-avancadas\/convertendo-tabelas-para-latex\/","title":{"rendered":"Convertendo tabelas para LaTeX"},"content":{"rendered":"<h3>Latex<\/h3>\n<p>Embora o Latex tenha se popularizado nos \u00faltimos anos, principalmente nos cursos de ci\u00eancias exatas, ainda \u00e9 pouco utilizado no Brasil em compara\u00e7\u00e3o ao uso desta ferramenta em outros pa\u00edses, o LaTeX \u00e9 uma abrevia\u00e7\u00e3o de Lamport TeX, que \u00e9 um sistema de prepara\u00e7\u00e3o de documentos. Ao escrever, o escritor usa texto simples, ao inv\u00e9s do texto formatado encontrado em processadores de texto WYSIWYG como Microsoft Word ou Google Docs, LibreOffice Writer e Apple Pages. O escritor utiliza conven\u00e7\u00f5es de tagging de marca\u00e7\u00e3o para definir a estrutura\u00a0<a class=\"autolink\" title=\"Geral\" href=\"https:\/\/ava.ufpel.edu.br\/pre\/mod\/page\/view.php?id=174920\">geral<\/a>\u00a0do documento (como artigo, livro ou carta), para formatar o texto por todo um documento (como negrito e it\u00e1lico) e para adicionar cita\u00e7\u00f5es e refer\u00eancias cruzadas. Uma distribui\u00e7\u00e3o TeX tal como TeX Live ou MiKTeX \u00e9 usada para produzir um artigo de output (como PDF ou DVI) adequado para impress\u00e3o ou distribui\u00e7\u00e3o digital. Dentro do sistema de tipografia, seu nome \u00e9 estilizado como LATEX. Entretanto, tamb\u00e9m \u00e9 utilizado para produ\u00e7\u00e3o de cartas pessoais, artigos e livros sobre assuntos diversos.\u00a0A instala\u00e7\u00e3o do Plugin Latex Kit n\u00e3o dever\u00e1 ser um problema, de qualquer forma no v\u00eddeo abaixo exemplificamos essa instala\u00e7\u00e3o.<\/p>\n<p><span class=\"mediaplugin mediaplugin_html5video\"><video src=\"https:\/\/wp.ufpel.edu.br\/planilhasgoogle\/files\/2020\/08\/latex_instalando.mp4\" width=\"100%\" title=\"latex_instalando.mp4\" preload=\"metadata\" controls=\"controls\" data-mce-fragment=\"1\"><\/video><\/span><\/p>\n<p>&nbsp;<\/p>\n<p>Esta ferramenta pode ser usada tamb\u00e9m no docs ou em outras aplica\u00e7\u00f5es da suite Drive do Google, portanto em nossa exemplifica\u00e7\u00e3o destacamos a quest\u00e3o das tabelas. O formato de um arquivo LaTeX \u00e9 o .tex e notem no v\u00eddeo abaixo como \u00e9 simples gerar este arquivo e converter nossa tabela para este formato, o melhor editor para abrir esse tipo de arquivo \u00e9 o bloco de notas, na web temos alguns bons programas para abrir este tipo de formato, dentre estes, destaco o\u00a0www.overleaf.com . Abaixo temos um exemplo de como proceder para converter uma tabela em latex e alterar configura\u00e7\u00f5es do mesmo.<\/p>\n<p><span class=\"mediaplugin mediaplugin_html5video\"><video src=\"https:\/\/wp.ufpel.edu.br\/planilhasgoogle\/files\/2020\/08\/usando_o_latex.mp4\" width=\"100%\" title=\"usando_o_latex.mp4\" preload=\"metadata\" controls=\"controls\" data-mce-fragment=\"1\"><\/video><\/span><\/p>\n","protected":false},"excerpt":{"rendered":"<p>Latex Embora o Latex tenha se popularizado nos \u00faltimos anos, principalmente nos cursos de ci\u00eancias exatas, ainda \u00e9 pouco utilizado no Brasil em compara\u00e7\u00e3o ao uso desta ferramenta em outros pa\u00edses, o LaTeX \u00e9 uma abrevia\u00e7\u00e3o de Lamport TeX, que \u00e9 um sistema de prepara\u00e7\u00e3o de documentos. Ao escrever, o escritor usa texto simples, ao [&hellip;]<\/p>\n","protected":false},"author":667,"featured_media":0,"parent":343,"menu_order":0,"comment_status":"closed","ping_status":"closed","template":"","meta":{"jetpack_post_was_ever_published":false,"footnotes":""},"class_list":["post-654","page","type-page","status-publish","hentry"],"jetpack_sharing_enabled":true,"_links":{"self":[{"href":"https:\/\/wp.ufpel.edu.br\/planilhasgoogle\/wp-json\/wp\/v2\/pages\/654","targetHints":{"allow":["GET"]}}],"collection":[{"href":"https:\/\/wp.ufpel.edu.br\/planilhasgoogle\/wp-json\/wp\/v2\/pages"}],"about":[{"href":"https:\/\/wp.ufpel.edu.br\/planilhasgoogle\/wp-json\/wp\/v2\/types\/page"}],"author":[{"embeddable":true,"href":"https:\/\/wp.ufpel.edu.br\/planilhasgoogle\/wp-json\/wp\/v2\/users\/667"}],"replies":[{"embeddable":true,"href":"https:\/\/wp.ufpel.edu.br\/planilhasgoogle\/wp-json\/wp\/v2\/comments?post=654"}],"version-history":[{"count":3,"href":"https:\/\/wp.ufpel.edu.br\/planilhasgoogle\/wp-json\/wp\/v2\/pages\/654\/revisions"}],"predecessor-version":[{"id":675,"href":"https:\/\/wp.ufpel.edu.br\/planilhasgoogle\/wp-json\/wp\/v2\/pages\/654\/revisions\/675"}],"up":[{"embeddable":true,"href":"https:\/\/wp.ufpel.edu.br\/planilhasgoogle\/wp-json\/wp\/v2\/pages\/343"}],"wp:attachment":[{"href":"https:\/\/wp.ufpel.edu.br\/planilhasgoogle\/wp-json\/wp\/v2\/media?parent=654"}],"curies":[{"name":"wp","href":"https:\/\/api.w.org\/{rel}","templated":true}]}}