{"id":653,"date":"2020-08-27T23:33:46","date_gmt":"2020-08-28T02:33:46","guid":{"rendered":"https:\/\/wp.ufpel.edu.br\/planilhasgoogle\/?page_id=653"},"modified":"2020-08-27T23:38:45","modified_gmt":"2020-08-28T02:38:45","slug":"project-com-slick-gantt","status":"publish","type":"page","link":"https:\/\/wp.ufpel.edu.br\/planilhasgoogle\/modulo-avancado\/aula-1-funcoes-avancadas\/project-com-slick-gantt\/","title":{"rendered":"Project com Slick Gantt"},"content":{"rendered":"<div class=\"box generalbox center clearfix\">\n<div class=\"no-overflow\">\n<h3>Utilizando o Slick Gantt:<\/h3>\n<p>Nas Planilhas do Google existem diversas op\u00e7\u00f5es de plugin para a quest\u00e3o de gerenciamento de Projetos, um dos mais simples e f\u00e1ceis de usar \u00e9 o Slick Gantt, no v\u00eddeo abaixo fazemos a instala\u00e7\u00e3o deste plugin, al\u00e9m de demonstrar um pouco como funciona esse recurso. Vamos utilizar os dados de exemplo inicial para a demonstra\u00e7\u00e3o, no entanto \u00e9 poss\u00edvel fazer uma tabela do zero para utilizar esse recurso, basta que tenha os itens essenciais definido nas colunas. Note como \u00e9 simples criar tarefas apenas preenchendo algumas vari\u00e1veis, al\u00e9m disso, podemos controlar as depend\u00eancias entre uma tarefa ou outra apenas chamando o ID da tarefa pai. Tamb\u00e9m podemos ajustar a porcentagem que define o quanto uma tarefa foi conclu\u00edda e a posi\u00e7\u00e3o desta tarefa na tabela define a visualiza\u00e7\u00e3o da mesma. O v\u00eddeo abaixo exemplifica o uso acima citado.<\/p>\n<p><span class=\"mediaplugin mediaplugin_html5video\"><video src=\"https:\/\/wp.ufpel.edu.br\/planilhasgoogle\/files\/2020\/08\/instalando_e_exemplo_de_uso_do_slick_gantt.mp4\" width=\"100%\" title=\"instalando_e_exemplo_de_uso_do_slick_gantt.mp4\" preload=\"metadata\" controls=\"controls\" data-mce-fragment=\"1\"><\/video><\/span><\/p>\n<h3><\/h3>\n<\/div>\n<\/div>\n","protected":false},"excerpt":{"rendered":"<p>Utilizando o Slick Gantt: Nas Planilhas do Google existem diversas op\u00e7\u00f5es de plugin para a quest\u00e3o de gerenciamento de Projetos, um dos mais simples e f\u00e1ceis de usar \u00e9 o Slick Gantt, no v\u00eddeo abaixo fazemos a instala\u00e7\u00e3o deste plugin, al\u00e9m de demonstrar um pouco como funciona esse recurso. Vamos utilizar os dados de exemplo [&hellip;]<\/p>\n","protected":false},"author":667,"featured_media":0,"parent":343,"menu_order":0,"comment_status":"closed","ping_status":"closed","template":"","meta":{"jetpack_post_was_ever_published":false,"footnotes":""},"class_list":["post-653","page","type-page","status-publish","hentry"],"jetpack_sharing_enabled":true,"_links":{"self":[{"href":"https:\/\/wp.ufpel.edu.br\/planilhasgoogle\/wp-json\/wp\/v2\/pages\/653","targetHints":{"allow":["GET"]}}],"collection":[{"href":"https:\/\/wp.ufpel.edu.br\/planilhasgoogle\/wp-json\/wp\/v2\/pages"}],"about":[{"href":"https:\/\/wp.ufpel.edu.br\/planilhasgoogle\/wp-json\/wp\/v2\/types\/page"}],"author":[{"embeddable":true,"href":"https:\/\/wp.ufpel.edu.br\/planilhasgoogle\/wp-json\/wp\/v2\/users\/667"}],"replies":[{"embeddable":true,"href":"https:\/\/wp.ufpel.edu.br\/planilhasgoogle\/wp-json\/wp\/v2\/comments?post=653"}],"version-history":[{"count":3,"href":"https:\/\/wp.ufpel.edu.br\/planilhasgoogle\/wp-json\/wp\/v2\/pages\/653\/revisions"}],"predecessor-version":[{"id":674,"href":"https:\/\/wp.ufpel.edu.br\/planilhasgoogle\/wp-json\/wp\/v2\/pages\/653\/revisions\/674"}],"up":[{"embeddable":true,"href":"https:\/\/wp.ufpel.edu.br\/planilhasgoogle\/wp-json\/wp\/v2\/pages\/343"}],"wp:attachment":[{"href":"https:\/\/wp.ufpel.edu.br\/planilhasgoogle\/wp-json\/wp\/v2\/media?parent=653"}],"curies":[{"name":"wp","href":"https:\/\/api.w.org\/{rel}","templated":true}]}}