{"id":652,"date":"2020-08-27T23:33:50","date_gmt":"2020-08-28T02:33:50","guid":{"rendered":"https:\/\/wp.ufpel.edu.br\/planilhasgoogle\/?page_id=652"},"modified":"2020-08-27T23:38:23","modified_gmt":"2020-08-28T02:38:23","slug":"explorando-o-awesome-table","status":"publish","type":"page","link":"https:\/\/wp.ufpel.edu.br\/planilhasgoogle\/modulo-avancado\/aula-1-funcoes-avancadas\/explorando-o-awesome-table\/","title":{"rendered":"Explorando o Awesome Table"},"content":{"rendered":"<div class=\"box generalbox center clearfix\">\n<div class=\"no-overflow\">\n<h3>Instalando o Awesome Table<\/h3>\n<p>Esse \u00e9 um dos principais plugins dispon\u00edveis para Planilhas do Google na loja de complementos como voc\u00ea ver\u00e1 pelo n\u00famero de downloads e avalia\u00e7\u00f5es, trata-se de um plugin de apresenta\u00e7\u00e3o de dados, com ele \u00e9 poss\u00edvel evoluir a ideia de planilhas, al\u00e9m de mostrar dados \u00e9 poss\u00edvel tamb\u00e9m melhorar a quest\u00e3o do preenchimento das informa\u00e7\u00f5es al\u00e9m de oferecer outras possibilidades aos clientes ou consumidores das planilhas. No v\u00eddeo abaixo temos um exemplo da instala\u00e7\u00e3o deste plugin.<\/p>\n<p><span class=\"mediaplugin mediaplugin_html5video\"><video src=\"https:\/\/wp.ufpel.edu.br\/planilhasgoogle\/files\/2020\/08\/awesome_table_instalando.mp4\" width=\"100%\" title=\"awesome_table_instalando.mp4\" preload=\"metadata\" controls=\"controls\" data-mce-fragment=\"1\"><\/video><\/span><\/p>\n<p>&nbsp;<\/p>\n<h3>Visualizando os modelos<\/h3>\n<p>Diferentemente do plugin observado na se\u00e7\u00e3o anterior de mapas, este plugin possui apenas dois itens de menu, a explica\u00e7\u00e3o para isso \u00e9 simples, o plugin funciona com base em Modelos, no bot\u00e3o Start Awesome Table \u00e9 poss\u00edvel explorar estes modelos, clique em visualizar para ter uma ideia de como o sistema funciona na parte do cliente, ap\u00f3s encontrar o programa que se adapta as tuas necessidades selecione este, no v\u00eddeo abaixo temos um exemplo de como fazer isso.<\/p>\n<p><span class=\"mediaplugin mediaplugin_html5video\"><video src=\"https:\/\/wp.ufpel.edu.br\/planilhasgoogle\/files\/2020\/08\/awesome_table_explorando_os_menus_e_templates.mp4\" width=\"100%\" title=\"awesome_table_explorando_os_menus_e_templates.mp4\" preload=\"metadata\" controls=\"controls\" data-mce-fragment=\"1\"><\/video><\/span><\/p>\n<p>&nbsp;<\/p>\n<h3>Explorando um modelo<\/h3>\n<p>Vamos explorar um pouco o item Organograma, pois \u00e9 muito comum a necessidade da constru\u00e7\u00e3o de um organograma dentro das necessidades tanto administrativas quanto acad\u00eamicas da UFPel, notem no v\u00eddeo abaixo como \u00e9 simples construir e editar \u00e0 partir de um determinado exemplo, no v\u00eddeo abaixo exemplifico a cria\u00e7\u00e3o de um novo item de filtro de categoria.<\/p>\n<p><span class=\"mediaplugin mediaplugin_html5video\"><video src=\"https:\/\/wp.ufpel.edu.br\/planilhasgoogle\/files\/2020\/08\/exemplo_organograma.mp4\" width=\"100%\" title=\"exemplo_organograma.mp4\" preload=\"metadata\" controls=\"controls\" data-mce-fragment=\"1\"><\/video><\/span><\/p>\n<p>&nbsp;<\/p>\n<p>No v\u00eddeo abaixo exploramos um pouco um dos recursos mais utilizados desta ferramenta que \u00e9 a integra\u00e7\u00e3o de mapas com dados de forma muito mais visual do que o plugin voltado ao Google Maps observado anteriormente.<\/p>\n<p><span class=\"mediaplugin mediaplugin_html5video\"><video src=\"https:\/\/wp.ufpel.edu.br\/planilhasgoogle\/files\/2020\/08\/awesome_table_explorando_mapas_com_itens.mp4\" width=\"100%\" title=\"awesome_table_explorando_mapas_com_itens.mp4\" preload=\"metadata\" controls=\"controls\" data-mce-fragment=\"1\"><\/video><\/span><\/p>\n<p>&nbsp;<\/p>\n<p>&nbsp;<\/p>\n<p>&nbsp;<\/p>\n<p>&nbsp;<\/p>\n<p>&nbsp;<\/p>\n<p>&nbsp;<\/p>\n<\/div>\n<\/div>\n","protected":false},"excerpt":{"rendered":"<p>Instalando o Awesome Table Esse \u00e9 um dos principais plugins dispon\u00edveis para Planilhas do Google na loja de complementos como voc\u00ea ver\u00e1 pelo n\u00famero de downloads e avalia\u00e7\u00f5es, trata-se de um plugin de apresenta\u00e7\u00e3o de dados, com ele \u00e9 poss\u00edvel evoluir a ideia de planilhas, al\u00e9m de mostrar dados \u00e9 poss\u00edvel tamb\u00e9m melhorar a quest\u00e3o [&hellip;]<\/p>\n","protected":false},"author":667,"featured_media":0,"parent":343,"menu_order":0,"comment_status":"closed","ping_status":"closed","template":"","meta":{"jetpack_post_was_ever_published":false,"footnotes":""},"class_list":["post-652","page","type-page","status-publish","hentry"],"jetpack_sharing_enabled":true,"_links":{"self":[{"href":"https:\/\/wp.ufpel.edu.br\/planilhasgoogle\/wp-json\/wp\/v2\/pages\/652","targetHints":{"allow":["GET"]}}],"collection":[{"href":"https:\/\/wp.ufpel.edu.br\/planilhasgoogle\/wp-json\/wp\/v2\/pages"}],"about":[{"href":"https:\/\/wp.ufpel.edu.br\/planilhasgoogle\/wp-json\/wp\/v2\/types\/page"}],"author":[{"embeddable":true,"href":"https:\/\/wp.ufpel.edu.br\/planilhasgoogle\/wp-json\/wp\/v2\/users\/667"}],"replies":[{"embeddable":true,"href":"https:\/\/wp.ufpel.edu.br\/planilhasgoogle\/wp-json\/wp\/v2\/comments?post=652"}],"version-history":[{"count":3,"href":"https:\/\/wp.ufpel.edu.br\/planilhasgoogle\/wp-json\/wp\/v2\/pages\/652\/revisions"}],"predecessor-version":[{"id":673,"href":"https:\/\/wp.ufpel.edu.br\/planilhasgoogle\/wp-json\/wp\/v2\/pages\/652\/revisions\/673"}],"up":[{"embeddable":true,"href":"https:\/\/wp.ufpel.edu.br\/planilhasgoogle\/wp-json\/wp\/v2\/pages\/343"}],"wp:attachment":[{"href":"https:\/\/wp.ufpel.edu.br\/planilhasgoogle\/wp-json\/wp\/v2\/media?parent=652"}],"curies":[{"name":"wp","href":"https:\/\/api.w.org\/{rel}","templated":true}]}}