{"id":651,"date":"2020-08-27T23:33:53","date_gmt":"2020-08-28T02:33:53","guid":{"rendered":"https:\/\/wp.ufpel.edu.br\/planilhasgoogle\/?page_id=651"},"modified":"2020-08-27T23:37:34","modified_gmt":"2020-08-28T02:37:34","slug":"inserindo-mapa-do-google-maps","status":"publish","type":"page","link":"https:\/\/wp.ufpel.edu.br\/planilhasgoogle\/modulo-avancado\/aula-1-funcoes-avancadas\/inserindo-mapa-do-google-maps\/","title":{"rendered":"Inserindo mapa do Google Maps"},"content":{"rendered":"<div class=\"box generalbox center clearfix\">\n<div class=\"no-overflow\">\n<h3>Instalando o Maps for Sheets nas Planilhas do Google<\/h3>\n<p>A instala\u00e7\u00e3o deste plugin n\u00e3o apresenta muitas dificuldades, basta ir no menu Complementos, depois Instalar Complementos, usar a ferramenta de busca para encontrar o plugin Maps for Sheets e clicar no bot\u00e3o de instalar. Depois disso, basta escolher o usu\u00e1rio do Google em que voc\u00ea estar\u00e1 instalando o plugin e ir clicando em avan\u00e7ar e concordar para avan\u00e7ar no processo. O v\u00eddeo abaixo exemplifica este processo de instala\u00e7\u00e3o, recomendamos a visualiza\u00e7\u00e3o\u00a0geral\u00a0dos recursos que esta ferramenta disponibiliza.<\/p>\n<p><span class=\"mediaplugin mediaplugin_html5video\"><video src=\"https:\/\/wp.ufpel.edu.br\/planilhasgoogle\/files\/2020\/08\/instalando_o_maps_sheets.mp4\" width=\"100%\" title=\"instalando_o_maps_sheets.mp4\" preload=\"metadata\" controls=\"controls\" data-mce-fragment=\"1\"><\/video><\/span><\/p>\n<p>&nbsp;<\/p>\n<p>No menu Complementos veremos um item novo chamado de Maps for Sheets, neste item teremos uma lista de itens que formam um conjunto de ferramentas novas para serem utilizadas nas planilhas do Google, este conjunto de ferramentas \u00e9 voltado a duas coisas principais, gerenciamento de dados do Google Maps e exibi\u00e7\u00e3o de mapas, quanto ao gerenciamento do Google Maps teremos recursos que v\u00e3o da localiza\u00e7\u00e3o de latitude e longitude de endere\u00e7os, at\u00e9 o retorno de v\u00e1rios itens referentes a uma determinada coordenada, algo semelhante ao retorno quando pesquisamos algo no Google Maps. Quanto a exibi\u00e7\u00e3o de mapas temos com essa ferramenta diversas possibilidades, uma dessas \u00e9 a cria\u00e7\u00e3o de um mapa totalmente personalizado utilizando a pr\u00f3pria api do google.<\/p>\n<p>Segue abaixo os itens de menu e o que cont\u00e9m em cada um desses:<\/p>\n<ul>\n<li>Show ideas: Este menu \u00e9 respons\u00e1vel por demonstrar em exemplos o funcionamento do plugin, nele podemos observar diversas funcionalidades, que v\u00e3o da captura de informa\u00e7\u00f5es do Google Maps, at\u00e9 a cria\u00e7\u00e3o de mapas como o de Rotas, de Informa\u00e7\u00e3o, de Calor e etc.<\/li>\n<\/ul>\n<ul>\n<li>Insert: Este menu iremos utilizar depois de entender o funcionamento e os dados necess\u00e1rios para a cria\u00e7\u00e3o de determinado mapa. Trata-se de inserir em nosso projeto a funcionalidade deste plugin, nele \u00e9 poss\u00edvel encontrar visualmente o tipo de f\u00f3rmula ou objetivo que queremos alcan\u00e7ar e usar nossos dados, nossas informa\u00e7\u00f5es para criar nossas pr\u00f3prias solu\u00e7\u00f5es.<\/li>\n<\/ul>\n<ul>\n<li>Update formulas: Algumas das f\u00f3rmulas observadas acima nos permitem edi\u00e7\u00e3o futura do problema, outras no entanto n\u00e3o, nesse caso, devemos montar novamente. O recurso update formulas te permite atualizar dados dos problemas que permitem edi\u00e7\u00e3o.<\/li>\n<\/ul>\n<ul>\n<li>Replace formulas with values: Recurso semelhante ao observado em Update formulas, no entanto, ele dever\u00e1 atualizar o recurso baseado na altera\u00e7\u00e3o de dados, portanto, se seus dados foram alterados esta ferramenta ir\u00e1 atualizar sua ferramenta baseada nos dados novos informados.<\/li>\n<\/ul>\n<ul>\n<li>Settings: Este item de menu ser\u00e1 respons\u00e1vel pela configura\u00e7\u00e3o\u00a0geral\u00a0do seu plugin, trata-se de recurso mais t\u00e9cnico de personaliza\u00e7\u00e3o e identifica\u00e7\u00e3o do usu\u00e1rio para os recursos do Google Maps, neste item \u00e9 poss\u00edvel a identifica\u00e7\u00e3o da aplica\u00e7\u00e3o em si (para estilizar o mapa por exemplo) al\u00e9m de especificar a chave de API que ser\u00e1 utilizada para obter as informa\u00e7\u00f5es do google maps.<\/li>\n<\/ul>\n<ul>\n<li>Subscriptions: Trata-se da ferramenta do plugin Maps for Sheets em que \u00e9 poss\u00edvel atualizar a chave de API (que dura um dia na vers\u00e3o gratuita), al\u00e9m da possibilidade de comprar chaves, que duram per\u00edodos entre 1 ano ou ilimitado. Recomendamos o uso gratuito da ferramenta, a principal dificuldade no uso deste recurso ser\u00e1 ter que atualizar a api toda vez que pretender usar a ferramenta.<\/li>\n<\/ul>\n<p><span class=\"mediaplugin mediaplugin_html5video\"><video src=\"https:\/\/wp.ufpel.edu.br\/planilhasgoogle\/files\/2020\/08\/menus.mp4\" width=\"100%\" title=\"menus.mp4\" preload=\"metadata\" controls=\"controls\" data-mce-fragment=\"1\"><\/video><\/span><\/p>\n<p>&nbsp;<\/p>\n<p>Ap\u00f3s a instala\u00e7\u00e3o do mesmo, vamos precisar usar nesta, recursos do Google Maps, estes recursos s\u00e3o gratuitos para pequenos projetos, ou seja, aqueles que n\u00e3o tem muitas solicita\u00e7\u00f5es de informa\u00e7\u00f5es aos servidores do Google, se voc\u00ea est\u00e1 pensando algo como, ser\u00e1 se eu me encaixo na vers\u00e3o gratuita? Com certeza voc\u00ea n\u00e3o se encaixa no plano pago, trata-se de opera\u00e7\u00f5es de empresas com muito acesso, que necessitam de muita consulta de dados da plataforma do Google Maps, no v\u00eddeo abaixo temos a cria\u00e7\u00e3o de uma conta no Google Console da API do Google Maps e a solicita\u00e7\u00e3o de um endere\u00e7o de API que ser\u00e1 utilizado no menu Settings deste plugin.<\/p>\n<p><span class=\"mediaplugin mediaplugin_html5video\"><video src=\"https:\/\/wp.ufpel.edu.br\/planilhasgoogle\/files\/2020\/08\/google_maps_api_key.mp4\" width=\"100%\" title=\"google_maps_api_key.mp4\" preload=\"metadata\" controls=\"controls\" data-mce-fragment=\"1\"><\/video><\/span><\/p>\n<p>&nbsp;<\/p>\n<p>No v\u00eddeo abaixo exemplificamos o uso de diversas ferramentas, explore os exemplos passados nos itens show ideas para ter uma vis\u00e3o mais clara e aprofundada do que essa ferramenta tem a oferecer, normalmente quando temos como atributos vari\u00e1veis de endere\u00e7o, cidades, pa\u00edses, ou seja, quando temos dados\u00a0geolocalizados o uso de um mapa melhora e facilita e muito a visualiza\u00e7\u00e3o da informa\u00e7\u00e3o e s\u00e3o altamente recomend\u00e1veis.<\/p>\n<p>Criando um Mapa de Calor:<\/p>\n<p><span class=\"mediaplugin mediaplugin_html5video\"><video src=\"https:\/\/wp.ufpel.edu.br\/planilhasgoogle\/files\/2020\/08\/criando_um_mapa_de_calor.mp4\" width=\"100%\" title=\"criando_um_mapa_de_calor.mp4\" preload=\"metadata\" controls=\"controls\" data-mce-fragment=\"1\"><\/video><\/span><\/p>\n<p>&nbsp;<\/p>\n<p>Criando Rotas:<\/p>\n<p><span class=\"mediaplugin mediaplugin_html5video\"><video src=\"https:\/\/wp.ufpel.edu.br\/planilhasgoogle\/files\/2020\/08\/criando_um_route.mp4\" width=\"100%\" title=\"criando_um_route.mp4\" preload=\"metadata\" controls=\"controls\"  data-mce-fragment=\"1\"><\/video><\/span><\/p>\n<p>&nbsp;<\/p>\n<\/div>\n<\/div>\n","protected":false},"excerpt":{"rendered":"<p>Instalando o Maps for Sheets nas Planilhas do Google A instala\u00e7\u00e3o deste plugin n\u00e3o apresenta muitas dificuldades, basta ir no menu Complementos, depois Instalar Complementos, usar a ferramenta de busca para encontrar o plugin Maps for Sheets e clicar no bot\u00e3o de instalar. Depois disso, basta escolher o usu\u00e1rio do Google em que voc\u00ea estar\u00e1 [&hellip;]<\/p>\n","protected":false},"author":667,"featured_media":0,"parent":343,"menu_order":0,"comment_status":"closed","ping_status":"closed","template":"","meta":{"jetpack_post_was_ever_published":false,"footnotes":""},"class_list":["post-651","page","type-page","status-publish","hentry"],"jetpack_sharing_enabled":true,"_links":{"self":[{"href":"https:\/\/wp.ufpel.edu.br\/planilhasgoogle\/wp-json\/wp\/v2\/pages\/651","targetHints":{"allow":["GET"]}}],"collection":[{"href":"https:\/\/wp.ufpel.edu.br\/planilhasgoogle\/wp-json\/wp\/v2\/pages"}],"about":[{"href":"https:\/\/wp.ufpel.edu.br\/planilhasgoogle\/wp-json\/wp\/v2\/types\/page"}],"author":[{"embeddable":true,"href":"https:\/\/wp.ufpel.edu.br\/planilhasgoogle\/wp-json\/wp\/v2\/users\/667"}],"replies":[{"embeddable":true,"href":"https:\/\/wp.ufpel.edu.br\/planilhasgoogle\/wp-json\/wp\/v2\/comments?post=651"}],"version-history":[{"count":3,"href":"https:\/\/wp.ufpel.edu.br\/planilhasgoogle\/wp-json\/wp\/v2\/pages\/651\/revisions"}],"predecessor-version":[{"id":672,"href":"https:\/\/wp.ufpel.edu.br\/planilhasgoogle\/wp-json\/wp\/v2\/pages\/651\/revisions\/672"}],"up":[{"embeddable":true,"href":"https:\/\/wp.ufpel.edu.br\/planilhasgoogle\/wp-json\/wp\/v2\/pages\/343"}],"wp:attachment":[{"href":"https:\/\/wp.ufpel.edu.br\/planilhasgoogle\/wp-json\/wp\/v2\/media?parent=651"}],"curies":[{"name":"wp","href":"https:\/\/api.w.org\/{rel}","templated":true}]}}