{"id":602,"date":"2020-08-27T23:14:13","date_gmt":"2020-08-28T02:14:13","guid":{"rendered":"https:\/\/wp.ufpel.edu.br\/planilhasgoogle\/?page_id=602"},"modified":"2020-08-27T23:16:26","modified_gmt":"2020-08-28T02:16:26","slug":"montando-seus-dados-para-graficos","status":"publish","type":"page","link":"https:\/\/wp.ufpel.edu.br\/planilhasgoogle\/modulo-intermediario\/aula-6-trabalhando-com-graficos\/montando-seus-dados-para-graficos\/","title":{"rendered":"Montando seus dados para Gr\u00e1ficos"},"content":{"rendered":"<p>Existem diferentes tipos de\u00a0gr\u00e1ficos\u00a0estat\u00edsticos. Compreend\u00ea-los e escolher o formato ideal \u00e9 essencial para realizar a leitura corretamente.\u00a0Entender o que s\u00e3o\u00a0gr\u00e1ficos\u00a0e quais os formatos ideais para a representa\u00e7\u00e3o dos dados s\u00e3o quest\u00f5es essenciais para qualquer profissional ou estudante que trabalhe com a gera\u00e7\u00e3o de informa\u00e7\u00e3o.<\/p>\n<p>Eles facilitam a visualiza\u00e7\u00e3o de alguns dados,\u00a0tornando-os mais claros e informativos.\u00a0Mas, para que a interpreta\u00e7\u00e3o destes dados seja feita da forma correta, \u00e9 preciso saber qual o tipo de gr\u00e1fico \u00e9 indicado para cada situa\u00e7\u00e3o.\u00a0Essa quest\u00e3o ser\u00e1 abordada com detalhes nesta se\u00e7\u00e3o. Saiba identificar quais s\u00e3o os principais tipos de\u00a0gr\u00e1ficos, quais s\u00e3o os tipos de\u00a0gr\u00e1ficos\u00a0recomendados para cada necessidade e ainda, o que o Google te possibilita fazer na ferramenta das Planilhas do Google.<\/p>\n<p>&nbsp;<\/p>\n<p>O que s\u00e3o\u00a0gr\u00e1ficos?<\/p>\n<p>Inicialmente, vamos padronizar e conceitualizar o que s\u00e3o\u00a0gr\u00e1ficos, entendemos que estes, nada mais s\u00e3o do que representa\u00e7\u00f5es visuais utilizadas para exibir informa\u00e7\u00f5es ou valores num\u00e9ricos. Eles s\u00e3o utilizados por diversas \u00e1reas de estudos. Servem para\u00a0demonstrar padr\u00f5es, tend\u00eancias, comparar informa\u00e7\u00f5es\u00a0qualitativas e quantitativas, em um determinado espa\u00e7o de tempo e muito mais.<\/p>\n<p>&nbsp;<\/p>\n<p>Tipos de\u00a0gr\u00e1ficos\u00a0e suas funcionalidades<\/p>\n<p>Como voc\u00ea j\u00e1 deve ter reparado, \u00e9 muito comum nos esbarrarmos com\u00a0gr\u00e1ficos\u00a0em diversas situa\u00e7\u00f5es cotidianas.\u00a0Os encontramos vendo um notici\u00e1rio, checando um relat\u00f3rio de trabalho, fazendo uma pesquisa acad\u00eamica, eles est\u00e3o por todos os lados, e aparecem nas mais diversas formas.\u00a0Entretanto, o seu emprego, em cada uma dessas situa\u00e7\u00f5es, \u00e9 motivado por um objetivo espec\u00edfico.<\/p>\n<p>Apesar de existirem diversos tipos de\u00a0gr\u00e1ficos,\u00a0nem todos eles podem ser usados em qualquer situa\u00e7\u00e3o, justamente por isso, entender as motiva\u00e7\u00f5es, ou os porqu\u00eas destas escolhas, \u00e9 fundamental para evitar confus\u00f5es e erros na interpreta\u00e7\u00e3o dos dados.\u00a0Para que voc\u00ea possa entender melhor cada tipo de gr\u00e1fico, fizemos uma sele\u00e7\u00e3o dos mais usuais.\u00a0Conhe\u00e7a as fun\u00e7\u00f5es dos diferentes tipos de\u00a0gr\u00e1ficos\u00a0para analisar e interpretar dados, veremos com mais detalhes nas pr\u00e1ticas eles nas aulas \u00e0 seguir.<\/p>\n<p>&nbsp;<\/p>\n<h3>Gr\u00e1fico de barra<\/h3>\n<p>Os\u00a0gr\u00e1ficos\u00a0de barra s\u00e3o perfeitos para criar um ranking comparativo, como uma lista dos cinco melhores, por exemplo. Ele \u00e9 recomendado quando \u00e9 preciso trabalhar com r\u00f3tulos de dados muito longos, ou quando os eixos utilizados est\u00e3o relacionados ao tempo empregado em determinada situa\u00e7\u00e3o.<\/p>\n<p>&nbsp;<\/p>\n<h3>Gr\u00e1fico de linha<\/h3>\n<p>Os\u00a0gr\u00e1ficos\u00a0de linhas t\u00eam a fun\u00e7\u00e3o de revelar tend\u00eancias e progressos ao longo do tempo. Deve ser utilizado quando estiver tra\u00e7ando um conjunto de dados cont\u00ednuos. E eles funcionam muito bem quando voc\u00ea estiver trabalhando com muitas categorias diferentes de dados.<\/p>\n<p>&nbsp;<\/p>\n<p>Gr\u00e1fico de pizza<\/p>\n<p>Os\u00a0gr\u00e1ficos\u00a0de pizza s\u00e3o tamb\u00e9m conhecidos como\u00a0gr\u00e1ficos\u00a0de torta. Eles servem para mostrar um n\u00famero est\u00e1tico e como as categorias representam parte de um todo. Ele deve representar seus valores em percentuais e a soma total de todas as categorias precisa ser igual a 100%.<\/p>\n<p>&nbsp;<\/p>\n<h3>Gr\u00e1fico de dispers\u00e3o<\/h3>\n<p>Os\u00a0gr\u00e1ficos\u00a0de dispers\u00e3o s\u00e3o tamb\u00e9m conhecidos como\u00a0gr\u00e1ficos\u00a0de Scatter. Eles servem para mostrar a rela\u00e7\u00e3o entre duas vari\u00e1veis, ou revelar as tend\u00eancias da distribui\u00e7\u00e3o. Devem ser usados quando voc\u00ea tem muitos pontos de dados diferentes e voc\u00ea deseja real\u00e7ar as semelhan\u00e7as nos conjuntos de dados.<\/p>\n<p>&nbsp;<\/p>\n<h3>Como escolher o formato ideal?<\/h3>\n<p>Agora que voc\u00ea j\u00e1 conhece alguns dos principais tipos de\u00a0gr\u00e1ficos\u00a0e suas fun\u00e7\u00f5es, como saber como escolher o formato ideal entre cada um deles.\u00a0Para chegar a esta conclus\u00e3o, voc\u00ea precisa responder a\u00a0tr\u00eas pontos essenciais, que servir\u00e3o de guia para suas escolhas. A\u00ed est\u00e3o elas:<\/p>\n<ol>\n<li>O que voc\u00ea pretende mostrar com o seu gr\u00e1fico?<\/li>\n<li>Quantas vari\u00e1veis, itens ou categorias seu gr\u00e1fico ir\u00e1 mostrar?<\/li>\n<li>Quem \u00e9 o p\u00fablico que vai ler os seus\u00a0gr\u00e1ficos?<\/li>\n<\/ol>\n<p>Com estes dados em mente ficar\u00e1 mais f\u00e1cil chegar no gr\u00e1fico ideal para o seu projeto, fa\u00e7a sua escolha levando em conta o seu objetivo, ou seja, o que voc\u00ea pretende mostrar, mas tamb\u00e9m,\u00a0o entendimento de quem vai ler o gr\u00e1fico. Ou seja,\u00a0n\u00e3o basta que a informa\u00e7\u00e3o esteja dispon\u00edvel, ela precisa ser entendida para ser \u00fatil e lembre-se tamb\u00e9m que muitas informa\u00e7\u00f5es, ou muitas vari\u00e1veis, itens ou categorias podem enriquecer o gr\u00e1fico, mas tamb\u00e9m podem\u00a0fazer voc\u00ea pecar pelo excesso de informa\u00e7\u00e3o, e\u00a0gr\u00e1ficos\u00a0polu\u00eddos dificultam a leitura e compreens\u00e3o da informa\u00e7\u00e3o tanto quanto uma tabela mal feita como j\u00e1 vimos em se\u00e7\u00f5es anteriores. Ent\u00e3o, para n\u00e3o errar neste processo lembre-se de tudo o que falamos at\u00e9 aqui, tenha em mente as fun\u00e7\u00f5es de cada gr\u00e1fico, suas inten\u00e7\u00f5es, o n\u00famero de vari\u00e1veis e o p\u00fablico que vai interpret\u00e1-lo, isso tornar\u00e1 a cria\u00e7\u00e3o do gr\u00e1fico muito mais simples.<\/p>\n<p>&nbsp;<\/p>\n<p>Gr\u00e1ficos\u00a0ideais para comparar valores<\/p>\n<p>Alguns tipos de\u00a0gr\u00e1ficos\u00a0funcionam melhor quando o interesse \u00e9 comparar valores. Isso porque eles conseguem destacar melhor valores altos e baixos para ilustrar a compara\u00e7\u00e3o.\u00a0Se o interesse for o de confrontar valores ao longo do tempo ou entre v\u00e1rias categorias,\u00a0prefira os\u00a0gr\u00e1ficos\u00a0de Barras, Linhas e de Dispers\u00e3o.\u00a0Entre estes, avalie o que se encaixa melhor \u00e0 sua necessidade. Se voc\u00ea vai comparar muitos ou poucos itens. Se voc\u00ea tem muitos elementos, costumam funcionar melhor com os\u00a0gr\u00e1ficos\u00a0de dispers\u00e3o e de bolhas.<\/p>\n<p>&nbsp;<\/p>\n<h3>Gr\u00e1ficos\u00a0ideais para mostrar a composi\u00e7\u00e3o de algo<\/h3>\n<p>Se voc\u00ea deseja mostrar os componentes de um todo, saiba que existem\u00a0gr\u00e1ficos\u00a0espec\u00edficos para isso.\u00a0Eles ajudam, quem for ler o gr\u00e1fico, a ter uma no\u00e7\u00e3o exata das quantidades referentes \u00e0s categorias inseridas na tabela.\u00a0Se este \u00e9 o seu objetivo, as melhores escolhas s\u00e3o os\u00a0gr\u00e1ficos\u00a0de pizza e de barras.\u00a0Mas, leve em conta o n\u00famero de categorias que voc\u00ea est\u00e1 usando em seu projeto. Se forem menores do que quatro, por exemplo, sugerimos que voc\u00ea utilize\u00a0gr\u00e1ficos\u00a0de pizza.<\/p>\n<p>&nbsp;<\/p>\n<h3>Gr\u00e1ficos\u00a0ideais para entender a distribui\u00e7\u00e3o dos dados<\/h3>\n<p>Agora, se seu interesse \u00e9 mostrar a frequ\u00eancia com que determinados dados ocorrem, os seguintes dados s\u00e3o os mais indicados: Gr\u00e1fico de dispers\u00e3o, de Linha e Barras.\u00a0Neste caso, levar em conta o n\u00famero de vari\u00e1veis que voc\u00ea tem a disposi\u00e7\u00e3o tamb\u00e9m \u00e9 importante. Se voc\u00ea tem m\u00faltiplas vari\u00e1veis, os\u00a0gr\u00e1ficos\u00a0de dispers\u00e3o funcionam melhor.<\/p>\n<p>&nbsp;<\/p>\n<h3>Gr\u00e1ficos\u00a0ideais para analisar a tend\u00eancia dos dados<\/h3>\n<p>Caso se tenha interesse em acompanhar, como os dados se comportam ao longo de um per\u00edodo, para acompanhar as tend\u00eancias, as escolhas ideais s\u00e3o os\u00a0gr\u00e1ficos\u00a0de Linha.\u00a0Se estivermos trabalhando com apenas uma categoria, eles funcionam ainda melhor.<\/p>\n<p>&nbsp;<\/p>\n<h3>Gr\u00e1ficos\u00a0ideais para entender a rela\u00e7\u00e3o entre conjunto de dados<\/h3>\n<p>Por \u00faltimo, se voc\u00ea deseja mostrar a interdepend\u00eancia entre vari\u00e1veis, sua escolha ideal s\u00e3o os\u00a0gr\u00e1ficos\u00a0de Dispers\u00e3o e de Linhas. Estes tipos de\u00a0gr\u00e1ficos\u00a0podem detectar se h\u00e1 alguma rela\u00e7\u00e3o entre os dados e ainda, se essa correla\u00e7\u00e3o \u00e9 positiva ou n\u00e3o.<\/p>\n","protected":false},"excerpt":{"rendered":"<p>Existem diferentes tipos de\u00a0gr\u00e1ficos\u00a0estat\u00edsticos. Compreend\u00ea-los e escolher o formato ideal \u00e9 essencial para realizar a leitura corretamente.\u00a0Entender o que s\u00e3o\u00a0gr\u00e1ficos\u00a0e quais os formatos ideais para a representa\u00e7\u00e3o dos dados s\u00e3o quest\u00f5es essenciais para qualquer profissional ou estudante que trabalhe com a gera\u00e7\u00e3o de informa\u00e7\u00e3o. Eles facilitam a visualiza\u00e7\u00e3o de alguns dados,\u00a0tornando-os mais claros e informativos.\u00a0Mas, [&hellip;]<\/p>\n","protected":false},"author":667,"featured_media":0,"parent":335,"menu_order":0,"comment_status":"closed","ping_status":"closed","template":"","meta":{"jetpack_post_was_ever_published":false,"footnotes":""},"class_list":["post-602","page","type-page","status-publish","hentry"],"jetpack_sharing_enabled":true,"_links":{"self":[{"href":"https:\/\/wp.ufpel.edu.br\/planilhasgoogle\/wp-json\/wp\/v2\/pages\/602","targetHints":{"allow":["GET"]}}],"collection":[{"href":"https:\/\/wp.ufpel.edu.br\/planilhasgoogle\/wp-json\/wp\/v2\/pages"}],"about":[{"href":"https:\/\/wp.ufpel.edu.br\/planilhasgoogle\/wp-json\/wp\/v2\/types\/page"}],"author":[{"embeddable":true,"href":"https:\/\/wp.ufpel.edu.br\/planilhasgoogle\/wp-json\/wp\/v2\/users\/667"}],"replies":[{"embeddable":true,"href":"https:\/\/wp.ufpel.edu.br\/planilhasgoogle\/wp-json\/wp\/v2\/comments?post=602"}],"version-history":[{"count":3,"href":"https:\/\/wp.ufpel.edu.br\/planilhasgoogle\/wp-json\/wp\/v2\/pages\/602\/revisions"}],"predecessor-version":[{"id":613,"href":"https:\/\/wp.ufpel.edu.br\/planilhasgoogle\/wp-json\/wp\/v2\/pages\/602\/revisions\/613"}],"up":[{"embeddable":true,"href":"https:\/\/wp.ufpel.edu.br\/planilhasgoogle\/wp-json\/wp\/v2\/pages\/335"}],"wp:attachment":[{"href":"https:\/\/wp.ufpel.edu.br\/planilhasgoogle\/wp-json\/wp\/v2\/media?parent=602"}],"curies":[{"name":"wp","href":"https:\/\/api.w.org\/{rel}","templated":true}]}}