{"id":600,"date":"2020-08-27T23:14:17","date_gmt":"2020-08-28T02:14:17","guid":{"rendered":"https:\/\/wp.ufpel.edu.br\/planilhasgoogle\/?page_id=600"},"modified":"2020-08-27T23:23:55","modified_gmt":"2020-08-28T02:23:55","slug":"graficos-de-barras-colunas-e-linhas","status":"publish","type":"page","link":"https:\/\/wp.ufpel.edu.br\/planilhasgoogle\/modulo-intermediario\/aula-6-trabalhando-com-graficos\/graficos-de-barras-colunas-e-linhas\/","title":{"rendered":"Gr\u00e1ficos de Barras, Colunas e Linhas"},"content":{"rendered":"<div class=\"box generalbox center clearfix\">\n<div class=\"no-overflow\">\n<h3>Gr\u00e1ficos\u00a0de Barras e Colunas<\/h3>\n<p>Embora estejam em grupos diferentes, ambos os\u00a0gr\u00e1ficos\u00a0possuem muito em comum e tem por finalidade exibir de forma distinta dados normalmente separados por categorias descritivas. No v\u00eddeo abaixo exemplificamos o uso com o gr\u00e1fico de Barras, nesse caso, n\u00e3o ter\u00edamos muitas diferen\u00e7as na visualiza\u00e7\u00e3o do gr\u00e1fico de colunas, a principal distin\u00e7\u00e3o destes est\u00e1 na \u00e1rea dispon\u00edvel para a exibi\u00e7\u00e3o dos dados, quando temos uma dimens\u00e3o horizontal maior do que a vertical, recomenda-se utilizar\u00a0gr\u00e1ficos\u00a0de barras, j\u00e1 quando a dimens\u00e3o vertical dispon\u00edvel \u00e9 maior do que a horizontal recomendamos utilizar o gr\u00e1fico de colunas.<\/p>\n<p>No v\u00eddeo abaixo, a primeira coisa que fazemos \u00e9 ocultar as linhas com dados que n\u00e3o vamos utilizar nos\u00a0gr\u00e1ficos, um ponto a ressaltar nisso \u00e9 que os\u00a0gr\u00e1ficos\u00a0das Planilhas do Google n\u00e3o reconhecem linhas ou colunas ocultas e isso \u00e9 bem interessante, pois muitas vezes \u00e9 mais f\u00e1cil trabalhar com t\u00edtulos que n\u00e3o estejam nas tabelas pois s\u00e3o mais f\u00e1ceis de ajustar.<\/p>\n<p>Ent\u00e3o, ap\u00f3s termos nossos dados como queremos utilizar, inicialmente clicamos em uma c\u00e9lula vazia e clicamos em Inserir -&gt; Gr\u00e1fico. Devemos ent\u00e3o escolher o formato adequado para o gr\u00e1fico que vamos utilizar, o ideal \u00e9 ter bem definido o tipo de gr\u00e1fico que queremos montar e com quais informa\u00e7\u00f5es, dessa forma voc\u00ea evitar\u00e1 retrabalho.<\/p>\n<p>As principais escolhas para os\u00a0gr\u00e1ficos\u00a0de Colunas ou Barras est\u00e3o no Eixo X e na S\u00e9rie, o Eixo X trata-se das categorias que nossos dados v\u00e3o retratar, no exemplo do v\u00eddeo abaixo selecionamos o nome de algumas cidades. Na S\u00e9rie devemos adicionar uma ou mais sequ\u00eancia de dados, lembre-se que a quantidade de dados deve sempre ser exatamente o mesmo n\u00famero de c\u00e9lulas selecionadas no Eixo X para que o Google possa construir o gr\u00e1fico de maneira correta.<\/p>\n<p>\u00c9 poss\u00edvel adicionar v\u00e1rias s\u00e9ries nesse tipo de gr\u00e1fico, cada s\u00e9rie implementar\u00e1 uma nova cor e barra nesse gr\u00e1fico e seu comportamento vai depender do tipo escolhido, que poder\u00e1 ser de colunas simples, com s\u00e9ries de dados empilhados ou com s\u00e9rie de dados empilhados em porcentagem.<\/p>\n<p><span class=\"mediaplugin mediaplugin_html5video\"><video title=\"grafico_barras.mp4\" src=\"https:\/\/wp.ufpel.edu.br\/planilhasgoogle\/files\/2020\/08\/grafico_barras.mp4\" preload=\"metadata\" controls=\"controls\" width=\"100%\" ><\/video><\/span><\/p>\n<p>&nbsp;<\/p>\n<h3>Gr\u00e1ficos\u00a0de Linhas<\/h3>\n<p>Os\u00a0gr\u00e1ficos\u00a0de linhas s\u00e3o ideais em\u00a0gr\u00e1ficos\u00a0onde as categorias s\u00e3o ordinais ou num\u00e9ricas, pois diferentemente do gr\u00e1fico de barras e colunas a ideia destes\u00a0gr\u00e1ficos\u00a0ser\u00e1 demonstrar como uma determinada vari\u00e1vel se comportou ao longo de um per\u00edodo espec\u00edfico de tempo ou atrav\u00e9s de outras vari\u00e1veis.<\/p>\n<p>Um exemplo bem comum deste tipo de gr\u00e1fico observamos em per\u00edodo eleitoral, onde os candidatos possuem as vari\u00e1veis de intens\u00e3o de votos em rela\u00e7\u00e3o aos outros candidatos em N pesquisas e normalmente quando se refere a uma \u00fanica pesquisa \u00e9 observado atrav\u00e9s do gr\u00e1fico de colunas, no entanto, quando s\u00e3o demonstrado os dados com muitas pesquisas ao longo de um determinado tempo o gr\u00e1fico de linhas \u00e9 o que melhor representa as linhas de tend\u00eancia criadas pelas pesquisas.<\/p>\n<p>No v\u00eddeo abaixo fizemos uso deste gr\u00e1fico para projetar os dados de Sintomas de Febre ao longo das semanas pelas diferentes Cidades trabalhadas. Esse tipo de gr\u00e1fico \u00e9 ideal para esse tipo de situa\u00e7\u00e3o, pois temos uma ideia de fluxo, conseguimos ver de maneira extremamente clara as evolu\u00e7\u00f5es dos dados ao longo do per\u00edodo e pode ser usado para se sobrepor outros dados em que se observe rela\u00e7\u00f5es determinantes.<\/p>\n<p><span class=\"mediaplugin mediaplugin_html5video\"><video title=\"grafico_de_linhas.mp4\" src=\"https:\/\/wp.ufpel.edu.br\/planilhasgoogle\/files\/2020\/08\/grafico_de_linhas.mp4\" preload=\"metadata\" controls=\"controls\" width=\"100%\" ><\/video><\/span><\/p>\n<p>&nbsp;<\/p>\n<\/div>\n<\/div>\n","protected":false},"excerpt":{"rendered":"<p>Gr\u00e1ficos\u00a0de Barras e Colunas Embora estejam em grupos diferentes, ambos os\u00a0gr\u00e1ficos\u00a0possuem muito em comum e tem por finalidade exibir de forma distinta dados normalmente separados por categorias descritivas. No v\u00eddeo abaixo exemplificamos o uso com o gr\u00e1fico de Barras, nesse caso, n\u00e3o ter\u00edamos muitas diferen\u00e7as na visualiza\u00e7\u00e3o do gr\u00e1fico de colunas, a principal distin\u00e7\u00e3o destes [&hellip;]<\/p>\n","protected":false},"author":667,"featured_media":0,"parent":335,"menu_order":0,"comment_status":"closed","ping_status":"closed","template":"","meta":{"jetpack_post_was_ever_published":false,"footnotes":""},"class_list":["post-600","page","type-page","status-publish","hentry"],"jetpack_sharing_enabled":true,"_links":{"self":[{"href":"https:\/\/wp.ufpel.edu.br\/planilhasgoogle\/wp-json\/wp\/v2\/pages\/600","targetHints":{"allow":["GET"]}}],"collection":[{"href":"https:\/\/wp.ufpel.edu.br\/planilhasgoogle\/wp-json\/wp\/v2\/pages"}],"about":[{"href":"https:\/\/wp.ufpel.edu.br\/planilhasgoogle\/wp-json\/wp\/v2\/types\/page"}],"author":[{"embeddable":true,"href":"https:\/\/wp.ufpel.edu.br\/planilhasgoogle\/wp-json\/wp\/v2\/users\/667"}],"replies":[{"embeddable":true,"href":"https:\/\/wp.ufpel.edu.br\/planilhasgoogle\/wp-json\/wp\/v2\/comments?post=600"}],"version-history":[{"count":5,"href":"https:\/\/wp.ufpel.edu.br\/planilhasgoogle\/wp-json\/wp\/v2\/pages\/600\/revisions"}],"predecessor-version":[{"id":628,"href":"https:\/\/wp.ufpel.edu.br\/planilhasgoogle\/wp-json\/wp\/v2\/pages\/600\/revisions\/628"}],"up":[{"embeddable":true,"href":"https:\/\/wp.ufpel.edu.br\/planilhasgoogle\/wp-json\/wp\/v2\/pages\/335"}],"wp:attachment":[{"href":"https:\/\/wp.ufpel.edu.br\/planilhasgoogle\/wp-json\/wp\/v2\/media?parent=600"}],"curies":[{"name":"wp","href":"https:\/\/api.w.org\/{rel}","templated":true}]}}