{"id":599,"date":"2020-08-27T23:14:21","date_gmt":"2020-08-28T02:14:21","guid":{"rendered":"https:\/\/wp.ufpel.edu.br\/planilhasgoogle\/?page_id=599"},"modified":"2020-08-27T23:23:31","modified_gmt":"2020-08-28T02:23:31","slug":"graficos-de-area-e-pizza","status":"publish","type":"page","link":"https:\/\/wp.ufpel.edu.br\/planilhasgoogle\/modulo-intermediario\/aula-6-trabalhando-com-graficos\/graficos-de-area-e-pizza\/","title":{"rendered":"Gr\u00e1ficos de \u00c1rea e Pizza"},"content":{"rendered":"<div class=\"box generalbox center clearfix\">\n<div class=\"no-overflow\">\n<h3>Gr\u00e1ficos\u00a0de \u00c1rea<\/h3>\n<p>Esse tipo de gr\u00e1fico possui diversos formatos, dentre os mais comuns temos os de \u00e1rea quadrada e de radar, trata-se de um recurso que devemos utilizar quando queremos demonstrar o quanto um determinado dado \u00e9 maior do que outro, usamos estes\u00a0gr\u00e1ficos\u00a0quando queremos explorar o senso anal\u00edtico de quem est\u00e1 observando o gr\u00e1fico de forma que a pr\u00f3pria sensa\u00e7\u00e3o de volume j\u00e1 \u00e9 o efeito que queremos demonstrar.<\/p>\n<p>No v\u00eddeo abaixo exemplificaremos o gr\u00e1fico de Radar, nele \u00e9 poss\u00edvel comparar de forma cont\u00ednua o quanto um determinado dado tem mais influ\u00eancia sobre uma ou outra categoria, no exemplo \u00e0 seguir ressaltamos o quanto as vari\u00e1veis de sintomas de Febre, Tosse, Garganta e Dispneia est\u00e3o dispostos nas cidades estudadas, claro que em um gr\u00e1fico para demonstrar isso o ideal seria realizar a propor\u00e7\u00e3o pela popula\u00e7\u00e3o de cada cidade e ainda analisar de acordo com a quantidade de Casos detectados de Covid 19 em cada munic\u00edpio, mas como estamos apenas querendo demonstrar os dados t\u00e9cnicos dos\u00a0gr\u00e1ficos, vamos utilizar estes dados para ter uma ideia de como construir e visualizar esse gr\u00e1fico.<\/p>\n<p>Primeiro definimos o Eixo X, que no nosso caso ser\u00e1 as cidades (Categoria que queremos destacar nesse gr\u00e1fico) e em seguida adicionamos as s\u00e9ries de dados, que s\u00e3o os dados em si que queremos analisar. Adicionamos os diferentes sintomas para termos uma possibilidade de compara\u00e7\u00e3o entre as vari\u00e1veis.<\/p>\n<p><span class=\"mediaplugin mediaplugin_html5video\"><video title=\"grafico_de_radar.mp4\" src=\"https:\/\/wp.ufpel.edu.br\/planilhasgoogle\/files\/2020\/08\/grafico_de_radar.mp4\" preload=\"metadata\" controls=\"controls\" width=\"100%\" ><\/video><\/span><\/p>\n<p>&nbsp;<\/p>\n<h3>Gr\u00e1ficos\u00a0de Pizza<\/h3>\n<p>Se a sua ideia \u00e9 mostrar algum dado onde o que importa \u00e9 analisar a propor\u00e7\u00e3o em rela\u00e7\u00e3o as outras vari\u00e1veis esse tipo de gr\u00e1fico \u00e9 o ideal, nenhum outro gr\u00e1fico representa tanto a ideia de 100% do que o gr\u00e1fico de Pizza. O ideal \u00e9 utiliz\u00e1-lo quando temos poucas vari\u00e1veis, sen\u00e3o, corremos o risco de fragmentar tanto os peda\u00e7os que fica dif\u00edcil absorver sua informa\u00e7\u00e3o.<\/p>\n<p>No exemplo observado no v\u00eddeo abaixo, temos a constru\u00e7\u00e3o de um gr\u00e1fico apenas com os dados totais das cidades em rela\u00e7\u00e3o apenas a um sintoma, que no caso foi o de febre. Notem que dados cujo valor seja 0 como temos no caso da cidade do Chu\u00ed, n\u00e3o s\u00e3o exibidos neste tipo de gr\u00e1fico, pois seria necess\u00e1rio compor ao menos um peda\u00e7o, por menor que fosse da fatia total para serem exibidos, \u00e9 poss\u00edvel adicionar esse tipo de informa\u00e7\u00e3o no rodap\u00e9 para que as pessoas n\u00e3o pensem que algum dado foi perdido.<\/p>\n<p>No final do v\u00eddeo abaixo exemplificamos algumas altera\u00e7\u00f5es nas apar\u00eancias dos\u00a0gr\u00e1ficos\u00a0atrav\u00e9s do meno Personalizar dispon\u00edvel no editor de\u00a0gr\u00e1ficos.<\/p>\n<p>&nbsp;<\/p>\n<p><span class=\"mediaplugin mediaplugin_html5video\"><video title=\"grafico_de_pizza.mp4\" src=\"https:\/\/wp.ufpel.edu.br\/planilhasgoogle\/files\/2020\/08\/grafico_de_pizza.mp4\" preload=\"metadata\" controls=\"controls\" width=\"100%\" ><\/video><\/span><\/p>\n<p>&nbsp;<\/p>\n<p>&nbsp;<\/p>\n<\/div>\n<\/div>\n","protected":false},"excerpt":{"rendered":"<p>Gr\u00e1ficos\u00a0de \u00c1rea Esse tipo de gr\u00e1fico possui diversos formatos, dentre os mais comuns temos os de \u00e1rea quadrada e de radar, trata-se de um recurso que devemos utilizar quando queremos demonstrar o quanto um determinado dado \u00e9 maior do que outro, usamos estes\u00a0gr\u00e1ficos\u00a0quando queremos explorar o senso anal\u00edtico de quem est\u00e1 observando o gr\u00e1fico de [&hellip;]<\/p>\n","protected":false},"author":667,"featured_media":0,"parent":335,"menu_order":0,"comment_status":"closed","ping_status":"closed","template":"","meta":{"jetpack_post_was_ever_published":false,"footnotes":""},"class_list":["post-599","page","type-page","status-publish","hentry"],"jetpack_sharing_enabled":true,"_links":{"self":[{"href":"https:\/\/wp.ufpel.edu.br\/planilhasgoogle\/wp-json\/wp\/v2\/pages\/599","targetHints":{"allow":["GET"]}}],"collection":[{"href":"https:\/\/wp.ufpel.edu.br\/planilhasgoogle\/wp-json\/wp\/v2\/pages"}],"about":[{"href":"https:\/\/wp.ufpel.edu.br\/planilhasgoogle\/wp-json\/wp\/v2\/types\/page"}],"author":[{"embeddable":true,"href":"https:\/\/wp.ufpel.edu.br\/planilhasgoogle\/wp-json\/wp\/v2\/users\/667"}],"replies":[{"embeddable":true,"href":"https:\/\/wp.ufpel.edu.br\/planilhasgoogle\/wp-json\/wp\/v2\/comments?post=599"}],"version-history":[{"count":5,"href":"https:\/\/wp.ufpel.edu.br\/planilhasgoogle\/wp-json\/wp\/v2\/pages\/599\/revisions"}],"predecessor-version":[{"id":627,"href":"https:\/\/wp.ufpel.edu.br\/planilhasgoogle\/wp-json\/wp\/v2\/pages\/599\/revisions\/627"}],"up":[{"embeddable":true,"href":"https:\/\/wp.ufpel.edu.br\/planilhasgoogle\/wp-json\/wp\/v2\/pages\/335"}],"wp:attachment":[{"href":"https:\/\/wp.ufpel.edu.br\/planilhasgoogle\/wp-json\/wp\/v2\/media?parent=599"}],"curies":[{"name":"wp","href":"https:\/\/api.w.org\/{rel}","templated":true}]}}