{"id":597,"date":"2020-08-27T23:14:30","date_gmt":"2020-08-28T02:14:30","guid":{"rendered":"https:\/\/wp.ufpel.edu.br\/planilhasgoogle\/?page_id=597"},"modified":"2020-08-27T23:18:40","modified_gmt":"2020-08-28T02:18:40","slug":"atividades-de-fixacao","status":"publish","type":"page","link":"https:\/\/wp.ufpel.edu.br\/planilhasgoogle\/modulo-intermediario\/aula-6-trabalhando-com-graficos\/atividades-de-fixacao\/","title":{"rendered":"Atividades de Fixa\u00e7\u00e3o"},"content":{"rendered":"<h3>Propostas para praticar:<\/h3>\n<ul>\n<li>Baixe o CSV dos dados de 2019-1 dispon\u00edvel no link:\u00a0<a href=\"http:\/\/dados.ufpel.edu.br\/dataset\/alunos-de-graduacao\">http:\/\/dados.ufpel.edu.br\/dataset\/alunos-de-graduacao<\/a>\n<ul>\n<li>Para realizar o procedimento acima, clique em Explorar e depois em Baixar<\/li>\n<\/ul>\n<\/li>\n<li>Fa\u00e7a a importa\u00e7\u00e3o do arquivo CSV e na op\u00e7\u00e3o Tipo de separador altere o padr\u00e3o detectar automaticamente e clique em Personalizado e defina o ponto e v\u00edrgula (;) como separador.<\/li>\n<li>Abra o arquivo e inicialmente vamos entender o que se trata este arquivo:\n<ul>\n<li>Temos a lista de totais de alunos de gradua\u00e7\u00e3o da universidade, separado e organizado por Curso\/Ano\/Per\u00edodo;<\/li>\n<li>Nessa lista temos dados como total de ingressantes, total de matriculados, total de formados, total de trancamentos e total de alunos do curso em mobilidade acad\u00eamica;<\/li>\n<\/ul>\n<\/li>\n<li>Vamos fazer uma subtabela com os totais das coluna ingressantes, matriculados, formados, trancamentos e mobilidade;<\/li>\n<li>Teremos algo como:\n<ul>\n<li>\n<table dir=\"ltr\" border=\"1\" cellspacing=\"0\" cellpadding=\"0\">\n<colgroup>\n<col width=\"100\" \/>\n<col width=\"100\" \/>\n<col width=\"100\" \/>\n<col width=\"100\" \/><\/colgroup>\n<tbody>\n<tr>\n<td data-sheets-value=\"{&quot;1&quot;:2,&quot;2&quot;:&quot;ingressantes&quot;}\" data-sheets-formula=\"='alunos_graduacao_2019-1'!R[0]C[12]\">ingressantes<\/td>\n<td data-sheets-value=\"{&quot;1&quot;:2,&quot;2&quot;:&quot;matriculados&quot;}\" data-sheets-formula=\"='alunos_graduacao_2019-1'!R[0]C[12]\">matriculados<\/td>\n<td data-sheets-value=\"{&quot;1&quot;:2,&quot;2&quot;:&quot;formados&quot;}\" data-sheets-formula=\"='alunos_graduacao_2019-1'!R[0]C[12]\">formados<\/td>\n<td data-sheets-value=\"{&quot;1&quot;:2,&quot;2&quot;:&quot;trancamentos&quot;}\" data-sheets-formula=\"='alunos_graduacao_2019-1'!R[0]C[12]\">trancamentos<\/td>\n<\/tr>\n<tr>\n<td data-sheets-value=\"{&quot;1&quot;:3,&quot;3&quot;:3318}\" data-sheets-formula=\"=SOMA('alunos_graduacao_2019-1'!R[0]C[12]:R[294]C[12])\">3318<\/td>\n<td data-sheets-value=\"{&quot;1&quot;:3,&quot;3&quot;:16371}\" data-sheets-formula=\"=SOMA('alunos_graduacao_2019-1'!R[0]C[12]:R[294]C[12])\">16371<\/td>\n<td data-sheets-value=\"{&quot;1&quot;:3,&quot;3&quot;:187}\" data-sheets-formula=\"=SOMA('alunos_graduacao_2019-1'!R[0]C[12]:R[294]C[12])\">187<\/td>\n<td data-sheets-value=\"{&quot;1&quot;:3,&quot;3&quot;:668}\" data-sheets-formula=\"=SOMA('alunos_graduacao_2019-1'!R[0]C[12]:R[294]C[12])\">668<\/td>\n<\/tr>\n<\/tbody>\n<\/table>\n<\/li>\n<\/ul>\n<\/li>\n<li>Esse tipo de dado \u00e9 perfeito para um gr\u00e1fico de Pizza e \u00e9 isso que voc\u00ea far\u00e1 inicialmente;<\/li>\n<li>Como todos os\u00a0gr\u00e1ficos\u00a0presentes s\u00e3o referentes ao mesmo per\u00edodo e ano, fazer\u00a0gr\u00e1ficos\u00a0de barras, de linhas ou de dispers\u00e3o \u00e9 uma tarefa bem dif\u00edcil, pois normalmente utilizamos dados em rela\u00e7\u00e3o a tempo para estes dados, mas vamos fazer cruzando diferentes cursos com os totais da vari\u00e1vel Ingressantes.<\/li>\n<li>Selecione 5 cursos que tenham alunos ingressantes na tabela principal;\n<ul>\n<li>Ex. cursos de bacharelado presenciais do Institutos de Ci\u00eancias Humanas\n<ul>\n<li>(6020) Antropologia<\/li>\n<li>(4800) Ci\u00eancias Econ\u00f4micas<\/li>\n<li>(5900) Conserva\u00e7\u00e3o e Restaura\u00e7\u00e3o de Bens Culturais M\u00f3veis<\/li>\n<li>(3010) Hist\u00f3ria<\/li>\n<li>(5400) Museologia<\/li>\n<\/ul>\n<\/li>\n<li>\n<table dir=\"ltr\" border=\"1\" cellspacing=\"0\" cellpadding=\"0\">\n<tbody>\n<tr>\n<td data-sheets-value=\"{&quot;1&quot;:2,&quot;2&quot;:&quot;cod_curso&quot;}\">cod_curso<\/td>\n<td data-sheets-value=\"{&quot;1&quot;:2,&quot;2&quot;:&quot;curso&quot;}\">curso<\/td>\n<td data-sheets-value=\"{&quot;1&quot;:2,&quot;2&quot;:&quot;ingressantes&quot;}\">ingressantes<\/td>\n<\/tr>\n<tr>\n<td data-sheets-value=\"{&quot;1&quot;:3,&quot;3&quot;:6020}\" data-sheets-formula=\"='alunos_graduacao_2019-1'!R[2]C[-1]\">6020<\/td>\n<td data-sheets-value=\"{&quot;1&quot;:2,&quot;2&quot;:&quot;Antropologia&quot;}\" data-sheets-formula=\"='alunos_graduacao_2019-1'!R[2]C[-1]\">Antropologia<\/td>\n<td data-sheets-value=\"{&quot;1&quot;:3,&quot;3&quot;:54}\" data-sheets-formula=\"='alunos_graduacao_2019-1'!R[2]C[6]\">54<\/td>\n<\/tr>\n<tr>\n<td data-sheets-value=\"{&quot;1&quot;:3,&quot;3&quot;:4800}\" data-sheets-formula=\"='alunos_graduacao_2019-1'!R[18]C[-1]\">4800<\/td>\n<td data-sheets-value=\"{&quot;1&quot;:2,&quot;2&quot;:&quot;Ci\u00eancias Econ\u00f4micas &quot;}\" data-sheets-formula=\"='alunos_graduacao_2019-1'!R[18]C[-1]\">Ci\u00eancias Econ\u00f4micas<\/td>\n<td data-sheets-value=\"{&quot;1&quot;:3,&quot;3&quot;:67}\" data-sheets-formula=\"='alunos_graduacao_2019-1'!R[18]C[6]\">67<\/td>\n<\/tr>\n<tr>\n<td data-sheets-value=\"{&quot;1&quot;:3,&quot;3&quot;:5900}\" data-sheets-formula=\"='alunos_graduacao_2019-1'!R[24]C[-1]\">5900<\/td>\n<td data-sheets-value=\"{&quot;1&quot;:2,&quot;2&quot;:&quot;Conserva\u00e7\u00e3o e Restaura\u00e7\u00e3o de Bens Culturais M\u00f3veis&quot;}\" data-sheets-formula=\"='alunos_graduacao_2019-1'!R[24]C[-1]\">Conserva\u00e7\u00e3o e Restaura\u00e7\u00e3o de Bens Culturais M\u00f3veis<\/td>\n<td data-sheets-value=\"{&quot;1&quot;:3,&quot;3&quot;:40}\" data-sheets-formula=\"='alunos_graduacao_2019-1'!R[24]C[6]\">40<\/td>\n<\/tr>\n<tr>\n<td data-sheets-value=\"{&quot;1&quot;:3,&quot;3&quot;:3010}\" data-sheets-formula=\"='alunos_graduacao_2019-1'!R[135]C[-1]\">3010<\/td>\n<td data-sheets-value=\"{&quot;1&quot;:2,&quot;2&quot;:&quot;Hist\u00f3ria &quot;}\" data-sheets-formula=\"='alunos_graduacao_2019-1'!R[135]C[-1]\">Hist\u00f3ria<\/td>\n<td data-sheets-value=\"{&quot;1&quot;:3,&quot;3&quot;:51}\" data-sheets-formula=\"='alunos_graduacao_2019-1'!R[135]C[6]\">51<\/td>\n<\/tr>\n<tr>\n<td data-sheets-value=\"{&quot;1&quot;:3,&quot;3&quot;:5400}\" data-sheets-formula=\"='alunos_graduacao_2019-1'!R[227]C[-1]\">5400<\/td>\n<td data-sheets-value=\"{&quot;1&quot;:2,&quot;2&quot;:&quot;Museologia&quot;}\" data-sheets-formula=\"='alunos_graduacao_2019-1'!R[227]C[-1]\">Museologia<\/td>\n<td data-sheets-value=\"{&quot;1&quot;:3,&quot;3&quot;:25}\" data-sheets-formula=\"='alunos_graduacao_2019-1'!R[227]C[6]\">25<\/td>\n<\/tr>\n<\/tbody>\n<\/table>\n<\/li>\n<\/ul>\n<\/li>\n<li>Agora que temos dados com totais crie um gr\u00e1fico de Colunas, ou de Barras com o nome de curso como Label;<\/li>\n<li>Agora pegue os dados apenas de um curso, tal como\n<ul>\n<li>\n<table dir=\"ltr\" border=\"1\" cellspacing=\"0\" cellpadding=\"0\">\n<colgroup>\n<col width=\"56\" \/>\n<col width=\"340\" \/>\n<col width=\"100\" \/>\n<col width=\"100\" \/>\n<col width=\"100\" \/>\n<col width=\"100\" \/>\n<col width=\"100\" \/><\/colgroup>\n<tbody>\n<tr>\n<td data-sheets-value=\"{&quot;1&quot;:2,&quot;2&quot;:&quot;cod_curso&quot;}\">cod_curso<\/td>\n<td data-sheets-value=\"{&quot;1&quot;:2,&quot;2&quot;:&quot;curso&quot;}\">curso<\/td>\n<td data-sheets-value=\"{&quot;1&quot;:2,&quot;2&quot;:&quot;ingressantes&quot;}\">ingressantes<\/td>\n<td data-sheets-value=\"{&quot;1&quot;:2,&quot;2&quot;:&quot;matriculados&quot;}\">matriculados<\/td>\n<td data-sheets-value=\"{&quot;1&quot;:2,&quot;2&quot;:&quot;formados&quot;}\">formados<\/td>\n<td data-sheets-value=\"{&quot;1&quot;:2,&quot;2&quot;:&quot;trancamentos&quot;}\">trancamentos<\/td>\n<td data-sheets-value=\"{&quot;1&quot;:2,&quot;2&quot;:&quot;mobilidade&quot;}\">mobilidade<\/td>\n<\/tr>\n<tr>\n<td data-sheets-value=\"{&quot;1&quot;:3,&quot;3&quot;:3010}\" data-sheets-formula=\"='alunos_graduacao_2019-1'!R[135]C[-1]\">3010<\/td>\n<td data-sheets-value=\"{&quot;1&quot;:2,&quot;2&quot;:&quot;Hist\u00f3ria &quot;}\" data-sheets-formula=\"='alunos_graduacao_2019-1'!R[135]C[-1]\">Hist\u00f3ria<\/td>\n<td data-sheets-value=\"{&quot;1&quot;:3,&quot;3&quot;:51}\" data-sheets-formula=\"='alunos_graduacao_2019-1'!R[135]C[6]\">51<\/td>\n<td data-sheets-value=\"{&quot;1&quot;:3,&quot;3&quot;:153}\" data-sheets-formula=\"='alunos_graduacao_2019-1'!R[135]C[6]\">153<\/td>\n<td data-sheets-value=\"{&quot;1&quot;:3,&quot;3&quot;:1}\" data-sheets-formula=\"='alunos_graduacao_2019-1'!R[135]C[6]\">1<\/td>\n<td data-sheets-value=\"{&quot;1&quot;:3,&quot;3&quot;:7}\" data-sheets-formula=\"='alunos_graduacao_2019-1'!R[135]C[6]\">7<\/td>\n<td data-sheets-value=\"{&quot;1&quot;:3,&quot;3&quot;:0}\" data-sheets-formula=\"='alunos_graduacao_2019-1'!R[135]C[6]\">0<\/td>\n<\/tr>\n<\/tbody>\n<\/table>\n<\/li>\n<\/ul>\n<\/li>\n<li>E crie um gr\u00e1fico de Radar com estes dados.<\/li>\n<\/ul>\n","protected":false},"excerpt":{"rendered":"<p>Propostas para praticar: Baixe o CSV dos dados de 2019-1 dispon\u00edvel no link:\u00a0http:\/\/dados.ufpel.edu.br\/dataset\/alunos-de-graduacao Para realizar o procedimento acima, clique em Explorar e depois em Baixar Fa\u00e7a a importa\u00e7\u00e3o do arquivo CSV e na op\u00e7\u00e3o Tipo de separador altere o padr\u00e3o detectar automaticamente e clique em Personalizado e defina o ponto e v\u00edrgula (;) como separador. [&hellip;]<\/p>\n","protected":false},"author":667,"featured_media":0,"parent":335,"menu_order":0,"comment_status":"closed","ping_status":"closed","template":"","meta":{"jetpack_post_was_ever_published":false,"footnotes":""},"class_list":["post-597","page","type-page","status-publish","hentry"],"jetpack_sharing_enabled":true,"_links":{"self":[{"href":"https:\/\/wp.ufpel.edu.br\/planilhasgoogle\/wp-json\/wp\/v2\/pages\/597","targetHints":{"allow":["GET"]}}],"collection":[{"href":"https:\/\/wp.ufpel.edu.br\/planilhasgoogle\/wp-json\/wp\/v2\/pages"}],"about":[{"href":"https:\/\/wp.ufpel.edu.br\/planilhasgoogle\/wp-json\/wp\/v2\/types\/page"}],"author":[{"embeddable":true,"href":"https:\/\/wp.ufpel.edu.br\/planilhasgoogle\/wp-json\/wp\/v2\/users\/667"}],"replies":[{"embeddable":true,"href":"https:\/\/wp.ufpel.edu.br\/planilhasgoogle\/wp-json\/wp\/v2\/comments?post=597"}],"version-history":[{"count":3,"href":"https:\/\/wp.ufpel.edu.br\/planilhasgoogle\/wp-json\/wp\/v2\/pages\/597\/revisions"}],"predecessor-version":[{"id":619,"href":"https:\/\/wp.ufpel.edu.br\/planilhasgoogle\/wp-json\/wp\/v2\/pages\/597\/revisions\/619"}],"up":[{"embeddable":true,"href":"https:\/\/wp.ufpel.edu.br\/planilhasgoogle\/wp-json\/wp\/v2\/pages\/335"}],"wp:attachment":[{"href":"https:\/\/wp.ufpel.edu.br\/planilhasgoogle\/wp-json\/wp\/v2\/media?parent=597"}],"curies":[{"name":"wp","href":"https:\/\/api.w.org\/{rel}","templated":true}]}}