{"id":580,"date":"2020-08-27T23:06:51","date_gmt":"2020-08-28T02:06:51","guid":{"rendered":"https:\/\/wp.ufpel.edu.br\/planilhasgoogle\/?page_id=580"},"modified":"2020-08-27T23:13:03","modified_gmt":"2020-08-28T02:13:03","slug":"explorando-os-recursos-das-tabelas-dinamicas","status":"publish","type":"page","link":"https:\/\/wp.ufpel.edu.br\/planilhasgoogle\/modulo-intermediario\/aula-5-trabalhando-com-tabelas-dinamicas\/explorando-os-recursos-das-tabelas-dinamicas\/","title":{"rendered":"Explorando os Recursos das Tabelas Din\u00e2micas"},"content":{"rendered":"<div id=\"yui_3_17_2_1_1598580852500_433\" class=\"box generalbox center clearfix\">\n<div id=\"yui_3_17_2_1_1598580852500_432\" class=\"no-overflow\">\n<p id=\"yui_3_17_2_1_1598580852500_431\">\u00a0 \u00a0 Uma das principais vantagens das tabelas din\u00e2micas \u00e9 a sincroniza\u00e7\u00e3o dos dados brutos com as tabelas din\u00e2micas, no caso de adicionarmos novas linhas ou colunas, bastar\u00e1 incluir essas linhas ou colunas novas na\u00a0tabela din\u00e2mica\u00a0para manter os dados atualizados, uma altera\u00e7\u00e3o nos dados brutos reflete automaticamente os dados nas tabelas din\u00e2micas o que simplifica e muito o trabalho. No v\u00eddeo abaixo vamos incluir mais algumas colunas em nossa tabela para facilitar a visualiza\u00e7\u00e3o. Al\u00e9m disso, como temos cinco meses de dados, vamos relembrar a f\u00f3rmula de transforma\u00e7\u00e3o de Data em Semana do Ano para condensar e agrupar os dados em menos break points. Um outro recurso utilizado no v\u00eddeo abaixo \u00e9 o de esconder linhas, de forma que a linha superior fique exatamente como queremos, o que n\u00e3o seria poss\u00edvel alterar na\u00a0tabela din\u00e2mica\u00a0em si.<\/p>\n<p><span class=\"mediaplugin mediaplugin_html5video\"><video src=\"https:\/\/wp.ufpel.edu.br\/planilhasgoogle\/files\/2020\/08\/fazendo_a_evolucao_ser_por_semana_e_alterando_titulos.mp4\" width=\"100%\" title=\"fazendo_a_evolu%C3%A7%C3%A3o_ser_por_semana_e_alterando_titulos.mp4\" preload=\"metadata\" controls=\"controls\" ><\/video><\/span><\/p>\n<p>&nbsp;<\/p>\n<p>Agora que fizemos nossa primeira\u00a0tabela din\u00e2mica, cabe a pergunta, porqu\u00ea fazer uma\u00a0Tabela Din\u00e2mica? Em outras palavras, pela possibilidade de analisar dados de uma planilha, porqu\u00ea facilita e auxilia no processo de tomada de decis\u00e3o (veremos adiante no curso como isso \u00e9 importante ao estudarmos Intelig\u00eancia de Neg\u00f3cios e Ci\u00eancia de Dados), al\u00e9m disso, esse recurso permite resumir e explorar seus dados de maneira qualitativa, por isso transformamos os SIM e N\u00c3O em 1 e 0. Auxilia tamb\u00e9m, nas atividades de c\u00e1lculo e an\u00e1lise dos dados. Com ela, \u00e9 poss\u00edvel ter uma melhor vis\u00e3o sobre poss\u00edveis padr\u00f5es, compara\u00e7\u00f5es e muito mais sobre os dados na planilha.<\/p>\n<p>Vimos portanto, que apesar de ser constantemente vinculada como um recurso complicado e avan\u00e7ado, a\u00a0tabela din\u00e2mica\u00a0\u00e9 um recurso de f\u00e1cil utiliza\u00e7\u00e3o, que rapidamente pode ser aprendida. Resumindo, a\u00a0tabela din\u00e2mica\u00a0\u00e9 uma tabela interativa na qual podemos resumir facilmente uma grande fonte de dados. Com ela, voc\u00ea pode mover as linhas e as colunas de forma a ver diferentes resumos. Al\u00e9m disso, \u00e9 poss\u00edvel filtrar os dados ou exibir detalhes das \u00e1reas de interesse. A\u00a0tabela din\u00e2mica\u00a0\u00e9 recomendada quando desejamos obter outra vis\u00e3o sobre os totais e m\u00e9dias relacionados. \u00c9 muito \u00fatil quando a base de dados apresenta grande n\u00famero de informa\u00e7\u00f5es repetidas. Com esta, podemos suprir de forma excepcional casos em que poder\u00edamos utilizar em diversos lugares fun\u00e7\u00f5es como SOMASE, CONT.SE, CONT.SES e outras vistas anteriormente. Trata-se da forma mais f\u00e1cil e r\u00e1pida de reduzir uma grande quantidade de dados em dados aproveit\u00e1veis em\u00a0Gr\u00e1ficos\u00a0como veremos na pr\u00f3xima aula. No v\u00eddeo abaixo vamos observar como \u00e9 simples clonar nossa tabela e criar outras \u00e0 partir dos dados desta.<\/p>\n<p><span class=\"mediaplugin mediaplugin_html5video\"><video src=\"https:\/\/wp.ufpel.edu.br\/planilhasgoogle\/files\/2020\/08\/duplicando_facilmente_as_tabelas_dinamicas.mp4\" width=\"100%\" title=\"duplicando_facilmente_as_tabelas_dinamicas.mp4\" preload=\"metadata\" controls=\"controls\" ><\/video><\/span><\/p>\n<p>&nbsp;<\/p>\n<p>&nbsp;<\/p>\n<\/div>\n<\/div>\n","protected":false},"excerpt":{"rendered":"<p>\u00a0 \u00a0 Uma das principais vantagens das tabelas din\u00e2micas \u00e9 a sincroniza\u00e7\u00e3o dos dados brutos com as tabelas din\u00e2micas, no caso de adicionarmos novas linhas ou colunas, bastar\u00e1 incluir essas linhas ou colunas novas na\u00a0tabela din\u00e2mica\u00a0para manter os dados atualizados, uma altera\u00e7\u00e3o nos dados brutos reflete automaticamente os dados nas tabelas din\u00e2micas o que simplifica [&hellip;]<\/p>\n","protected":false},"author":667,"featured_media":0,"parent":332,"menu_order":0,"comment_status":"closed","ping_status":"closed","template":"","meta":{"jetpack_post_was_ever_published":false,"footnotes":""},"class_list":["post-580","page","type-page","status-publish","hentry"],"jetpack_sharing_enabled":true,"_links":{"self":[{"href":"https:\/\/wp.ufpel.edu.br\/planilhasgoogle\/wp-json\/wp\/v2\/pages\/580","targetHints":{"allow":["GET"]}}],"collection":[{"href":"https:\/\/wp.ufpel.edu.br\/planilhasgoogle\/wp-json\/wp\/v2\/pages"}],"about":[{"href":"https:\/\/wp.ufpel.edu.br\/planilhasgoogle\/wp-json\/wp\/v2\/types\/page"}],"author":[{"embeddable":true,"href":"https:\/\/wp.ufpel.edu.br\/planilhasgoogle\/wp-json\/wp\/v2\/users\/667"}],"replies":[{"embeddable":true,"href":"https:\/\/wp.ufpel.edu.br\/planilhasgoogle\/wp-json\/wp\/v2\/comments?post=580"}],"version-history":[{"count":4,"href":"https:\/\/wp.ufpel.edu.br\/planilhasgoogle\/wp-json\/wp\/v2\/pages\/580\/revisions"}],"predecessor-version":[{"id":595,"href":"https:\/\/wp.ufpel.edu.br\/planilhasgoogle\/wp-json\/wp\/v2\/pages\/580\/revisions\/595"}],"up":[{"embeddable":true,"href":"https:\/\/wp.ufpel.edu.br\/planilhasgoogle\/wp-json\/wp\/v2\/pages\/332"}],"wp:attachment":[{"href":"https:\/\/wp.ufpel.edu.br\/planilhasgoogle\/wp-json\/wp\/v2\/media?parent=580"}],"curies":[{"name":"wp","href":"https:\/\/api.w.org\/{rel}","templated":true}]}}