{"id":579,"date":"2020-08-27T23:06:56","date_gmt":"2020-08-28T02:06:56","guid":{"rendered":"https:\/\/wp.ufpel.edu.br\/planilhasgoogle\/?page_id=579"},"modified":"2020-08-27T23:12:16","modified_gmt":"2020-08-28T02:12:16","slug":"criando-uma-tabela-dinamica","status":"publish","type":"page","link":"https:\/\/wp.ufpel.edu.br\/planilhasgoogle\/modulo-intermediario\/aula-5-trabalhando-com-tabelas-dinamicas\/criando-uma-tabela-dinamica\/","title":{"rendered":"Criando uma Tabela Din\u00e2mica"},"content":{"rendered":"<div id=\"yui_3_17_2_1_1598580763281_442\" class=\"box generalbox center clearfix\">\n<div id=\"yui_3_17_2_1_1598580763281_441\" class=\"no-overflow\">\n<p id=\"yui_3_17_2_1_1598580763281_440\">\u00a0 \u00a0 Uma\u00a0Tabela Din\u00e2mica\u00a0\u00e9 uma ferramenta poderosa para calcular, resumir e analisar os dados que lhe permitem ver compara\u00e7\u00f5es, padr\u00f5es e tend\u00eancias nos dados. Os campos selecionados s\u00e3o adicionados a suas \u00e1reas padr\u00e3o: os campos n\u00e3o num\u00e9ricos s\u00e3o adicionados a Linhas, as hierarquias de data e hora ou categorias por exemplo s\u00e3o adicionadas a Colunas e os campos de valores normalmente s\u00e3o os dados que queremos visualizar alguma evolu\u00e7\u00e3o.<\/p>\n<p>\u00a0 \u00a0 As tabelas din\u00e2micas permitem resumir dados em poucos cliques. Trata-se de um recurso muito flex\u00edvel e ideal para ajudar na an\u00e1lise de planilhas com grande quantidade de informa\u00e7\u00f5es. O usu\u00e1rio pode alternar os valores entre colunas e linhas em tempo real. As modifica\u00e7\u00f5es s\u00e3o aplicadas e exibidas instantaneamente, permitindo que voc\u00ea chegue no resultado esperado com maior facilidade.<\/p>\n<p>Antes de criarmos nossa\u00a0tabela din\u00e2mica, vamos importar o conte\u00fado do site\u00a0http:\/\/ti.saude.rs.gov.br\/covid19\/ que j\u00e1 andamos utilizando nas aulas, o recurso est\u00e1 dispon\u00edvel na direta do site no item DADOS CSV, dispon\u00edvel tamb\u00e9m no link\u00a0https:\/\/ti.saude.rs.gov.br\/covid19\/download o v\u00eddeo abaixo demonstra como fazer esta importa\u00e7\u00e3o no caso de voc\u00ea estar tendo dificuldades para encontrar dados para praticar, no arquivo em quest\u00e3o temos dados padronizados de todos os que foram detectados com COVID 19 no Estado do Rio Grande do Sul at\u00e9 a \u00faltima atualiza\u00e7\u00e3o do dia.<\/p>\n<p><span class=\"mediaplugin mediaplugin_html5video\"><video src=\"https:\/\/wp.ufpel.edu.br\/planilhasgoogle\/files\/2020\/08\/importando_dados.mp4\" width=\"100%\" title=\"importando_dados.mp4\" preload=\"metadata\" controls=\"controls\" ><\/video><\/span><\/p>\n<p>&nbsp;<\/p>\n<p>As tabelas din\u00e2micas s\u00e3o, sem d\u00favidas, uma das melhores inven\u00e7\u00f5es criadas pelos desenvolvedores destas Planilhas do Google, pois com elas n\u00f3s realmente podemos criar relat\u00f3rios incr\u00edveis em quest\u00e3o de segundos usando os mais diversos filtros poss\u00edveis em nossas tabelas. Diferentemente das fun\u00e7\u00f5es abordadas at\u00e9 aqui, esta funciona praticamente com cliques, mas claro, n\u00e3o existe\u00a0tabela din\u00e2mica\u00a0que salve dados mal formatados, como veremos nos dados importados da Secretaria de Sa\u00fade do Rio Grande do Sul.<\/p>\n<p>No v\u00eddeo abaixo \u00e9 poss\u00edvel visualizar\u00a0a transforma\u00e7\u00e3o dos dados importados em uma\u00a0tabela din\u00e2mica, o objetivo desta tabela ser\u00e1 de criar tabelas din\u00e2micas com a evolu\u00e7\u00e3o ao longo do tempo dos sintomas apresentados pelos pacientes infectados pelo COVID 19 nas cidades do sul do Rio Grande do Sul. Inicialmente vamos preparar nossos dados pelas datas, os v\u00eddeos ser\u00e3o um pouco longos, mas \u00e9 altamente recomendado que sejam assistidos na totalidade, pois como se trata de muito recurso de clique \u00e9 dif\u00edcil apontar todos os passos fora do recurso visual.<\/p>\n<p><span class=\"mediaplugin mediaplugin_html5video\"><video src=\"https:\/\/wp.ufpel.edu.br\/planilhasgoogle\/files\/2020\/08\/tabelas_dinamicas_geral_1.mp4\" width=\"100%\" title=\"tabelas_dinamicas_geral_1.mp4\" preload=\"metadata\" controls=\"controls\" ><\/video><\/span><\/p>\n<p>&nbsp;<\/p>\n<p>&nbsp;<\/p>\n<p>Tanto em linhas quanto em colunas temos a possibilidade de ordena\u00e7\u00e3o e classifica\u00e7\u00e3o dos dados, ordenando por crescente ou decrescente e classificando de acordo com o dado da coluna ou com os valores, no v\u00eddeo abaixo vamos alterar entender como definir uma ordena\u00e7\u00e3o, devemos lembrar que os dados s\u00e3o classificados de acordo com o tipo de dados, em nosso caso, como na importa\u00e7\u00e3o n\u00e3o selecionamos altera\u00e7\u00e3o do tipo de forma autom\u00e1tica, ent\u00e3o todos os nossos dados foram importados como texto e por este motivo, j\u00e1 que o objetivo ser\u00e1 ordenar as datas, ent\u00e3o precisaremos definir estas datas como sendo objetos do tipo DATA. Vejamos no v\u00eddeo abaixo como fica o resultado.<\/p>\n<p><span class=\"mediaplugin mediaplugin_html5video\"><video src=\"https:\/\/wp.ufpel.edu.br\/planilhasgoogle\/files\/2020\/08\/ordenando_os_dados.mp4\" width=\"100%\" title=\"ordenando_os_dados.mp4\" preload=\"metadata\" controls=\"controls\" ><\/video><\/span><\/p>\n<p>&nbsp;<\/p>\n<\/div>\n<\/div>\n","protected":false},"excerpt":{"rendered":"<p>\u00a0 \u00a0 Uma\u00a0Tabela Din\u00e2mica\u00a0\u00e9 uma ferramenta poderosa para calcular, resumir e analisar os dados que lhe permitem ver compara\u00e7\u00f5es, padr\u00f5es e tend\u00eancias nos dados. Os campos selecionados s\u00e3o adicionados a suas \u00e1reas padr\u00e3o: os campos n\u00e3o num\u00e9ricos s\u00e3o adicionados a Linhas, as hierarquias de data e hora ou categorias por exemplo s\u00e3o adicionadas a Colunas [&hellip;]<\/p>\n","protected":false},"author":667,"featured_media":0,"parent":332,"menu_order":0,"comment_status":"closed","ping_status":"closed","template":"","meta":{"jetpack_post_was_ever_published":false,"footnotes":""},"class_list":["post-579","page","type-page","status-publish","hentry"],"jetpack_sharing_enabled":true,"_links":{"self":[{"href":"https:\/\/wp.ufpel.edu.br\/planilhasgoogle\/wp-json\/wp\/v2\/pages\/579","targetHints":{"allow":["GET"]}}],"collection":[{"href":"https:\/\/wp.ufpel.edu.br\/planilhasgoogle\/wp-json\/wp\/v2\/pages"}],"about":[{"href":"https:\/\/wp.ufpel.edu.br\/planilhasgoogle\/wp-json\/wp\/v2\/types\/page"}],"author":[{"embeddable":true,"href":"https:\/\/wp.ufpel.edu.br\/planilhasgoogle\/wp-json\/wp\/v2\/users\/667"}],"replies":[{"embeddable":true,"href":"https:\/\/wp.ufpel.edu.br\/planilhasgoogle\/wp-json\/wp\/v2\/comments?post=579"}],"version-history":[{"count":4,"href":"https:\/\/wp.ufpel.edu.br\/planilhasgoogle\/wp-json\/wp\/v2\/pages\/579\/revisions"}],"predecessor-version":[{"id":594,"href":"https:\/\/wp.ufpel.edu.br\/planilhasgoogle\/wp-json\/wp\/v2\/pages\/579\/revisions\/594"}],"up":[{"embeddable":true,"href":"https:\/\/wp.ufpel.edu.br\/planilhasgoogle\/wp-json\/wp\/v2\/pages\/332"}],"wp:attachment":[{"href":"https:\/\/wp.ufpel.edu.br\/planilhasgoogle\/wp-json\/wp\/v2\/media?parent=579"}],"curies":[{"name":"wp","href":"https:\/\/api.w.org\/{rel}","templated":true}]}}