{"id":562,"date":"2020-08-27T23:00:02","date_gmt":"2020-08-28T02:00:02","guid":{"rendered":"https:\/\/wp.ufpel.edu.br\/planilhasgoogle\/?page_id=562"},"modified":"2020-08-27T23:01:42","modified_gmt":"2020-08-28T02:01:42","slug":"atividades-de-fixacao","status":"publish","type":"page","link":"https:\/\/wp.ufpel.edu.br\/planilhasgoogle\/modulo-intermediario\/aula-4-funcoes-estatisticas-com-condicionais\/atividades-de-fixacao\/","title":{"rendered":"Atividades de Fixa\u00e7\u00e3o"},"content":{"rendered":"<h3>Propostas para praticar:<\/h3>\n<ul>\n<li>Vamos trabalhar um pouco mais com o\u00a0Solver, ent\u00e3o imagine que voc\u00ea t\u00eam uma empresa que ter\u00e1 um lucro mensal de 300 mil reais em Janeiro de 2021 e voc\u00ea pretende lucrar ao final do ano um montante de 10 milh\u00f5es de reais, ent\u00e3o vamos usar o\u00a0Solver\u00a0para estipular quanto deve ser o crescimento mensal da sua empresa para chegar nesse lucro final.<\/li>\n<li>Crie em uma linha os meses do ano ao longo das colunas;<\/li>\n<li>Crie em uma segunda linha o lucro obtido no m\u00eas, inicialmente, coloque 300,000.00 em todas as colunas;<\/li>\n<li>Crie uma terceira linha colocando 1 em todas as colunas dos meses;<\/li>\n<li>O 1 significar\u00e1 100%, para isso, selecione a c\u00e9lula abaixo de fevereiro e insira a f\u00f3rmula da c\u00e9lula abaixo de Janeiro que Multiplica a c\u00e9lula abaixo da c\u00e9lula selecionada;<\/li>\n<li>Se voc\u00ea alterar agora o valor de 1 abaixo do valor de fevereiro para 1.2 por exemplo, o valor de fevereiro vai ficar em 360 mil reais, pois aumentamos 20% do valor inicial que era de 300,000.00;<\/li>\n<li>Fa\u00e7a o mesmo para as c\u00e9lulas em baixo de mar\u00e7o.. at\u00e9 as de baixo de dezembro, selecione a de fevereiro e arraste pelo canto para replicar a l\u00f3gica;<\/li>\n<li>Agora em um campo abaixo vamos colocar uma f\u00f3rmula que some os campos previstos acima em baixo de cada m\u00eas;<\/li>\n<li>O resultado \u00e9 exatamente a c\u00e9lula que iremos manipular no\u00a0Solver, ou seja, o\u00a0<strong>Set Objective:<\/strong>\u00a0do\u00a0solver.<\/li>\n<li>Ent\u00e3o vamos l\u00e1, agora ao\u00a0Solver, inicialmente definimos o Set Objective como essa c\u00e9lula que tem o somat\u00f3rio dos meses ao longo do ano.<\/li>\n<li>No item To vamos selecionar o \u00faltimo item, Value Of: e vamos determinar 10000000 (10 milh\u00f5es);<\/li>\n<li>No item\u00a0By Changing: que se trata das c\u00e9lulas em que vamos deixar o sistema alterar, vamos escolher as c\u00e9lulas de porcentagem, ou seja, os itens da terceira linha, excluindo Janeiro;<\/li>\n<li>No item Subject To: inicialmente vamos deixar em branco e no Solving Method vamos deixar o padr\u00e3o &#8220;Standard LSGRG Nonlinear&#8221;;<\/li>\n<li>Clique em\u00a0Solver\u00a0e veja o resultado;<\/li>\n<li>\u00c0 partir do resultado encontrado, tente adicionar algumas regras, como algo do tipo.. o crescimento em Junho e Julho deve ser maior do que Janeiro e Fevereiro e outras regras desse tipo e veja os novos resultados de incremento da porcentagem de crescimento do neg\u00f3cio para atingir o valor desejado.<\/li>\n<\/ul>\n","protected":false},"excerpt":{"rendered":"<p>Propostas para praticar: Vamos trabalhar um pouco mais com o\u00a0Solver, ent\u00e3o imagine que voc\u00ea t\u00eam uma empresa que ter\u00e1 um lucro mensal de 300 mil reais em Janeiro de 2021 e voc\u00ea pretende lucrar ao final do ano um montante de 10 milh\u00f5es de reais, ent\u00e3o vamos usar o\u00a0Solver\u00a0para estipular quanto deve ser o crescimento [&hellip;]<\/p>\n","protected":false},"author":667,"featured_media":0,"parent":329,"menu_order":0,"comment_status":"closed","ping_status":"closed","template":"","meta":{"jetpack_post_was_ever_published":false,"footnotes":""},"class_list":["post-562","page","type-page","status-publish","hentry"],"jetpack_sharing_enabled":true,"_links":{"self":[{"href":"https:\/\/wp.ufpel.edu.br\/planilhasgoogle\/wp-json\/wp\/v2\/pages\/562","targetHints":{"allow":["GET"]}}],"collection":[{"href":"https:\/\/wp.ufpel.edu.br\/planilhasgoogle\/wp-json\/wp\/v2\/pages"}],"about":[{"href":"https:\/\/wp.ufpel.edu.br\/planilhasgoogle\/wp-json\/wp\/v2\/types\/page"}],"author":[{"embeddable":true,"href":"https:\/\/wp.ufpel.edu.br\/planilhasgoogle\/wp-json\/wp\/v2\/users\/667"}],"replies":[{"embeddable":true,"href":"https:\/\/wp.ufpel.edu.br\/planilhasgoogle\/wp-json\/wp\/v2\/comments?post=562"}],"version-history":[{"count":3,"href":"https:\/\/wp.ufpel.edu.br\/planilhasgoogle\/wp-json\/wp\/v2\/pages\/562\/revisions"}],"predecessor-version":[{"id":572,"href":"https:\/\/wp.ufpel.edu.br\/planilhasgoogle\/wp-json\/wp\/v2\/pages\/562\/revisions\/572"}],"up":[{"embeddable":true,"href":"https:\/\/wp.ufpel.edu.br\/planilhasgoogle\/wp-json\/wp\/v2\/pages\/329"}],"wp:attachment":[{"href":"https:\/\/wp.ufpel.edu.br\/planilhasgoogle\/wp-json\/wp\/v2\/media?parent=562"}],"curies":[{"name":"wp","href":"https:\/\/api.w.org\/{rel}","templated":true}]}}