{"id":560,"date":"2020-08-27T23:00:05","date_gmt":"2020-08-28T02:00:05","guid":{"rendered":"https:\/\/wp.ufpel.edu.br\/planilhasgoogle\/?page_id=560"},"modified":"2020-08-27T23:03:45","modified_gmt":"2020-08-28T02:03:45","slug":"solver","status":"publish","type":"page","link":"https:\/\/wp.ufpel.edu.br\/planilhasgoogle\/modulo-intermediario\/aula-4-funcoes-estatisticas-com-condicionais\/solver\/","title":{"rendered":"Solver"},"content":{"rendered":"<h3>Instalando o Solver<\/h3>\n<p>Inicialmente vamos alterar o idioma de nossa Planilha do Google, pois ela necessita que o idioma seja ingl\u00eas para um funcionamento mais correto, o problema neste plugin \u00e9 que a separa\u00e7\u00e3o de casas decimais \u00e9 definida pelo ponto (.) enquanto na l\u00edngua portuguesa este \u00e9 definido pela v\u00edrgula (,). O v\u00eddeo abaixo exemplifica essa altera\u00e7\u00e3o e tamb\u00e9m demonstra a instala\u00e7\u00e3o deste plugin.<\/p>\n<p><span class=\"mediaplugin mediaplugin_html5video\"><video src=\"https:\/\/wp.ufpel.edu.br\/planilhasgoogle\/files\/2020\/08\/instalando_solver.mp4\" width=\"100%\" title=\"instalando_solver.mp4\" preload=\"metadata\" controls=\"controls\" ><\/video><\/span><\/p>\n<p>&nbsp;<\/p>\n<p>Aula pr\u00e1tica<\/p>\n<p>O v\u00eddeo abaixo demonstra um exemplo de uso bastante comum do Solver que \u00e9 o de definir em um sistema de produ\u00e7\u00e3o quanto devemos produzir de cada pe\u00e7a ou equipamento, levando em conta insumos e lucro por cada equipamento, al\u00e9m disso, muitas vezes tamb\u00e9m necessitamos definir uma quantidade m\u00ednima de pe\u00e7as a serem produzidas de cada produto. Este \u00e9 s\u00f3 um exemplo b\u00e1sico do uso do Solver, existem muitas vari\u00e1veis a serem exploradas neste programa, assim como funcionalidades a serem utilizadas, vamos ver o v\u00eddeo abaixo para tentar entender, ele ficou um pouco grande em rela\u00e7\u00e3o aos outros, mas trata-se de um conte\u00fado dif\u00edcil de se dividir.<\/p>\n<p><span class=\"mediaplugin mediaplugin_html5video\"><video src=\"https:\/\/wp.ufpel.edu.br\/planilhasgoogle\/files\/2020\/08\/projetando_lucro_maximo.mp4\" width=\"100%\" title=\"projetando_lucro_maximo.mp4\" preload=\"metadata\" controls=\"controls\" ><\/video><\/span><\/p>\n<p>&nbsp;<\/p>\n<p>&nbsp;<\/p>\n","protected":false},"excerpt":{"rendered":"<p>Instalando o Solver Inicialmente vamos alterar o idioma de nossa Planilha do Google, pois ela necessita que o idioma seja ingl\u00eas para um funcionamento mais correto, o problema neste plugin \u00e9 que a separa\u00e7\u00e3o de casas decimais \u00e9 definida pelo ponto (.) enquanto na l\u00edngua portuguesa este \u00e9 definido pela v\u00edrgula (,). O v\u00eddeo abaixo [&hellip;]<\/p>\n","protected":false},"author":667,"featured_media":0,"parent":329,"menu_order":0,"comment_status":"closed","ping_status":"closed","template":"","meta":{"jetpack_post_was_ever_published":false,"footnotes":""},"class_list":["post-560","page","type-page","status-publish","hentry"],"jetpack_sharing_enabled":true,"_links":{"self":[{"href":"https:\/\/wp.ufpel.edu.br\/planilhasgoogle\/wp-json\/wp\/v2\/pages\/560","targetHints":{"allow":["GET"]}}],"collection":[{"href":"https:\/\/wp.ufpel.edu.br\/planilhasgoogle\/wp-json\/wp\/v2\/pages"}],"about":[{"href":"https:\/\/wp.ufpel.edu.br\/planilhasgoogle\/wp-json\/wp\/v2\/types\/page"}],"author":[{"embeddable":true,"href":"https:\/\/wp.ufpel.edu.br\/planilhasgoogle\/wp-json\/wp\/v2\/users\/667"}],"replies":[{"embeddable":true,"href":"https:\/\/wp.ufpel.edu.br\/planilhasgoogle\/wp-json\/wp\/v2\/comments?post=560"}],"version-history":[{"count":3,"href":"https:\/\/wp.ufpel.edu.br\/planilhasgoogle\/wp-json\/wp\/v2\/pages\/560\/revisions"}],"predecessor-version":[{"id":576,"href":"https:\/\/wp.ufpel.edu.br\/planilhasgoogle\/wp-json\/wp\/v2\/pages\/560\/revisions\/576"}],"up":[{"embeddable":true,"href":"https:\/\/wp.ufpel.edu.br\/planilhasgoogle\/wp-json\/wp\/v2\/pages\/329"}],"wp:attachment":[{"href":"https:\/\/wp.ufpel.edu.br\/planilhasgoogle\/wp-json\/wp\/v2\/media?parent=560"}],"curies":[{"name":"wp","href":"https:\/\/api.w.org\/{rel}","templated":true}]}}