{"id":559,"date":"2020-08-27T23:00:07","date_gmt":"2020-08-28T02:00:07","guid":{"rendered":"https:\/\/wp.ufpel.edu.br\/planilhasgoogle\/?page_id=559"},"modified":"2020-08-27T23:04:38","modified_gmt":"2020-08-28T02:04:38","slug":"funcoes-cont-se-cont-ses-somase-somases-media-se","status":"publish","type":"page","link":"https:\/\/wp.ufpel.edu.br\/planilhasgoogle\/modulo-intermediario\/aula-4-funcoes-estatisticas-com-condicionais\/funcoes-cont-se-cont-ses-somase-somases-media-se\/","title":{"rendered":"Fun\u00e7\u00f5es CONT.SE, CONT.SES, SOMASE, SOMASES, MEDIA.SE"},"content":{"rendered":"<div id=\"yui_3_17_2_1_1598580439364_433\" class=\"box generalbox center clearfix\">\n<div id=\"yui_3_17_2_1_1598580439364_432\" class=\"no-overflow\">\n<p>\u00a0 \u00a0 Nesta se\u00e7\u00e3o veremos as principais fun\u00e7\u00f5es do menu de Matem\u00e1tica e Estat\u00edstica voltados a compara\u00e7\u00f5es, estes recursos s\u00e3o muito \u00fateis para limpar dados e efetuar c\u00e1lculos quando ocorrerem situa\u00e7\u00f5es espec\u00edficas, por exemplo, se estamos querendo calcular dados apenas de um sexo em uma tabela, poder\u00edamos criar uma sub-tabela para isso, ou ent\u00e3o efetuarmos c\u00e1lculos com condicionais como veremos adiante.<\/p>\n<p>&nbsp;<\/p>\n<h3>CONT.SE<\/h3>\n<p>A fun\u00e7\u00e3o CONT.SE retorna uma contagem condicional em um intervalo, s\u00f3 pode executar contagens condicionais com um \u00fanico crit\u00e9rio. Para usar v\u00e1rios crit\u00e9rios devemos utilizar o CONT.SES ou as fun\u00e7\u00f5es de banco de dados BDCONTAR ou BDCONTARA que veremos mais adiante. Basicamente \u00e9 uma fun\u00e7\u00e3o que nos faz verificar se dentro de um determinado intervalo temos a condi\u00e7\u00e3o descrita no segundo par\u00e2metro, que como podemos observar no v\u00eddeo abaixo pode ser de diversas formas.<\/p>\n<p>A f\u00f3rmula para se utilizar o CONT.SE \u00e9 dada pela seguinte sintaxe:\u00a0CONT.SE(intervalo; criterio), onde o\u00a0intervalo \u00e9 o intervalo sobre o qual \u00e9 testado crit\u00e9rio, que por sua vez \u00e9 o padr\u00e3o ou teste a ser aplicado no intervalo. Se o intervalo contiver texto para verifica\u00e7\u00e3o, o crit\u00e9rio dever\u00e1 ser um texto (String). O crit\u00e9rio\u00a0poder\u00e1 conter caracteres curinga, inclusive (?) para corresponder a qualquer caractere individual e (*) para corresponder a zero ou mais caracteres adjacentes. Para fazer correspond\u00eancia com um ponto de interroga\u00e7\u00e3o ou asterisco, adicione o prefixo (~) (por exemplo, ~? e ~*). Um crit\u00e9rio para string deve ficar entre aspas. O crit\u00e9rio\u00a0\u00e9 conferido em cada c\u00e9lula no intervalo em busca de igualdade (ou correspond\u00eancia, se caracteres curinga forem usados).<\/p>\n<p>Se intervalo contiver n\u00fameros para verifica\u00e7\u00e3o, crit\u00e9rio\u00a0poder\u00e1 ser string ou n\u00famero. Se um n\u00famero for fornecido, o crit\u00e9rio\u00a0ser\u00e1 conferido em todas as c\u00e9lulas do intervalo em busca de igualdade. Caso contr\u00e1rio,\u00a0crit\u00e9rio\u00a0 pode ser uma string que cont\u00e9m um n\u00famero (que tamb\u00e9m \u00e9 sujeito a verifica\u00e7\u00f5es de igualdade) ou um n\u00famero prefixado por qualquer um dos seguintes operadores: =, &gt;, &gt;=, &lt; ou &lt;=, que verifica se a c\u00e9lula do intervalo \u00e9 igual a, maior que, maior que ou igual a, menor que ou menor que ou igual ao valor de crit\u00e9rio, respectivamente.<\/p>\n<p>Trata-se de um recurso extremamente \u00fatil quando queremos contar linhas de acordo com alguma coisa espec\u00edfica, no v\u00eddeo abaixo observamos alguns exemplos deste uso.<\/p>\n<p><span class=\"mediaplugin mediaplugin_html5video\"><video src=\"https:\/\/wp.ufpel.edu.br\/planilhasgoogle\/files\/2020\/08\/contse.mp4\" width=\"100%\" title=\"contse.mp4\" preload=\"metadata\" controls=\"controls\" ><\/video><\/span><\/p>\n<p>&nbsp;<\/p>\n<p>&nbsp;<\/p>\n<p>CONT.SES<\/p>\n<p>Esta fun\u00e7\u00e3o \u00e9 muito semelhante ao CONT.SE a diferen\u00e7a \u00e9 que permite v\u00e1rias hip\u00f3teses de verifica\u00e7\u00f5es, enquanto o CONT.SE s\u00f3 permite uma, a forma e os caracteres usados para esta compara\u00e7\u00e3o s\u00e3o exatamente as mesmas, no entanto, temos a possibilidade de fazer verifica\u00e7\u00f5es em v\u00e1rios registros com vetores e verifica\u00e7\u00f5es diferentes, ou seja, retorna a contagem de um intervalo, dependendo de v\u00e1rios crit\u00e9rios. A forma deste se d\u00e1 por<br \/>\nCONT.SES(intervalo_de_crit\u00e9rios1; crit\u00e9rios1; [intervalo_de_crit\u00e9rios2; crit\u00e9rios2; &#8230;]) onde\u00a0intervalo_de_crit\u00e9rios1 \u00e9 o intervalo no qual desejamos verificar os crit\u00e9rios1, que por sua vez \u00e9 o\u00a0padr\u00e3o ou teste a ser aplicado em intervalo_crit\u00e9rios1 e o\u00a0intervalo_de_crit\u00e9rios2 est\u00e1 para crit\u00e9rios2 da mesma forma que outros\u00a0intervalos\u00a0estar\u00e3o para os seus crit\u00e9rios como pode ser visto no v\u00eddeo abaixo.<\/p>\n<p>&nbsp;<\/p>\n<p><span class=\"mediaplugin mediaplugin_html5video\"><video src=\"https:\/\/wp.ufpel.edu.br\/planilhasgoogle\/files\/2020\/08\/contses.mp4\" width=\"100%\" title=\"contses.mp4\" preload=\"metadata\" controls=\"controls\" ><\/video><\/span><\/p>\n<p>&nbsp;<\/p>\n<h3>SOMASE<\/h3>\n<p>A fun\u00e7\u00e3o SOMASE possui um funcionamento bem semelhante ao CONT.SE no entanto temos um par\u00e2metro a mais na fun\u00e7\u00e3o que \u00e9 o do intervalo que devemos somar, enquanto o CONT.SE conta o n\u00famero de c\u00e9lulas onde foi VERDADEIRO na rela\u00e7\u00e3o com o crit\u00e9rio o SOMASE tem como o resultado a soma destes valores, esta fun\u00e7\u00e3o possui a seguinte forma SOMASE(intervalo; crit\u00e9rio; [intervalo_da_soma]), onde\u00a0temos o intervalo sobre o qual \u00e9 testado crit\u00e9rio, o padr\u00e3o ou teste a ser aplicado em intervalo que chamamos de crit\u00e9rio e por fim, como opcional o intervalo que queremos somar, quando n\u00e3o colocamos este \u00e9 porqu\u00ea desejamos somar o pr\u00f3prio intervalo que estamos selecionando. Vejamos no v\u00eddeo abaixo um exemplo deste uso.<\/p>\n<p>&nbsp;<\/p>\n<p><span class=\"mediaplugin mediaplugin_html5video\"><video src=\"https:\/\/wp.ufpel.edu.br\/planilhasgoogle\/files\/2020\/08\/somase.mp4\" width=\"100%\" title=\"somase.mp4\" preload=\"metadata\" controls=\"controls\" ><\/video><\/span><\/p>\n<p>&nbsp;<\/p>\n<p>SOMASES<\/p>\n<p>O SOMASES tem a mesma rela\u00e7\u00e3o para o SOMASE que o CONT.SES tem para o CONT.SE, \u00e9 poss\u00edvel somar os\u00a0intervalos\u00a0\u00e0 partir de v\u00e1rios crit\u00e9rios, no entanto, devemos ter em mente que o intervalo da soma \u00e9 o primeiro par\u00e2metro que devemos passar, a sintaxe de sua f\u00f3rmula se d\u00e1 por:\u00a0SOMASES(intervalo_da_soma; intervalo_de_crit\u00e9rios1; crit\u00e9rio1, [intervalo_de_crit\u00e9rios2; crit\u00e9rio2; &#8230;]), onde\u00a0intervalo_da_soma \u00e9 o intervalo a ser somado, em seguida passamos o intervalo_de_crit\u00e9rios1, que \u00e9 o intervalo no qual verificar o crit\u00e9rio1, que por sua vez \u00e9 o\u00a0padr\u00e3o ou teste a ser aplicado em intervalo_de_crit\u00e9rios1 e assim por diante. Vejamos no v\u00eddeo abaixo um exemplo deste uso:<\/p>\n<p><span class=\"mediaplugin mediaplugin_html5video\"><video src=\"https:\/\/wp.ufpel.edu.br\/planilhasgoogle\/files\/2020\/08\/somases.mp4\" width=\"100%\" title=\"somases.mp4\" preload=\"metadata\" controls=\"controls\" ><\/video><\/span><\/p>\n<p>&nbsp;<\/p>\n<p>&nbsp;<\/p>\n<h3>MEDIA.SE<\/h3>\n<p>A MEDIA.SE tem o mesmo de funcionamento das fun\u00e7\u00f5es observadas acima, podemos utilizar tamb\u00e9m a fun\u00e7\u00e3o AVERAGEIF que diferentemente dos de cima, que retornam uma soma, ou de linhas ou de valores, este retorna a m\u00e9dia de um intervalo dependendo dos crit\u00e9rios, possui sintaxe id\u00eantica as opera\u00e7\u00f5es vistas anteriormente, com\u00a0intervalos\u00a0de crit\u00e9rio, crit\u00e9rio e o intervalo que ser\u00e1 calculado, basicamente \u00e9 uma mistura entre o CONT.SE e o SOMASE, pois o resultado \u00e9 a opera\u00e7\u00e3o do SOMASE dividido pelo CONT.SE, se d\u00e1 pela forma AVERAGEIF(intervalo_de_criterios; criterio; [intervalo_da_media]). Podemos observar seu uso no v\u00eddeo abaixo:<\/p>\n<p><span class=\"mediaplugin mediaplugin_html5video\"><video src=\"https:\/\/wp.ufpel.edu.br\/planilhasgoogle\/files\/2020\/08\/mediase.mp4\" width=\"100%\" title=\"mediase.mp4\" preload=\"metadata\" controls=\"controls\" ><\/video><\/span><\/p>\n<\/div>\n<\/div>\n","protected":false},"excerpt":{"rendered":"<p>\u00a0 \u00a0 Nesta se\u00e7\u00e3o veremos as principais fun\u00e7\u00f5es do menu de Matem\u00e1tica e Estat\u00edstica voltados a compara\u00e7\u00f5es, estes recursos s\u00e3o muito \u00fateis para limpar dados e efetuar c\u00e1lculos quando ocorrerem situa\u00e7\u00f5es espec\u00edficas, por exemplo, se estamos querendo calcular dados apenas de um sexo em uma tabela, poder\u00edamos criar uma sub-tabela para isso, ou ent\u00e3o efetuarmos [&hellip;]<\/p>\n","protected":false},"author":667,"featured_media":0,"parent":329,"menu_order":0,"comment_status":"closed","ping_status":"closed","template":"","meta":{"jetpack_post_was_ever_published":false,"footnotes":""},"class_list":["post-559","page","type-page","status-publish","hentry"],"jetpack_sharing_enabled":true,"_links":{"self":[{"href":"https:\/\/wp.ufpel.edu.br\/planilhasgoogle\/wp-json\/wp\/v2\/pages\/559","targetHints":{"allow":["GET"]}}],"collection":[{"href":"https:\/\/wp.ufpel.edu.br\/planilhasgoogle\/wp-json\/wp\/v2\/pages"}],"about":[{"href":"https:\/\/wp.ufpel.edu.br\/planilhasgoogle\/wp-json\/wp\/v2\/types\/page"}],"author":[{"embeddable":true,"href":"https:\/\/wp.ufpel.edu.br\/planilhasgoogle\/wp-json\/wp\/v2\/users\/667"}],"replies":[{"embeddable":true,"href":"https:\/\/wp.ufpel.edu.br\/planilhasgoogle\/wp-json\/wp\/v2\/comments?post=559"}],"version-history":[{"count":3,"href":"https:\/\/wp.ufpel.edu.br\/planilhasgoogle\/wp-json\/wp\/v2\/pages\/559\/revisions"}],"predecessor-version":[{"id":577,"href":"https:\/\/wp.ufpel.edu.br\/planilhasgoogle\/wp-json\/wp\/v2\/pages\/559\/revisions\/577"}],"up":[{"embeddable":true,"href":"https:\/\/wp.ufpel.edu.br\/planilhasgoogle\/wp-json\/wp\/v2\/pages\/329"}],"wp:attachment":[{"href":"https:\/\/wp.ufpel.edu.br\/planilhasgoogle\/wp-json\/wp\/v2\/media?parent=559"}],"curies":[{"name":"wp","href":"https:\/\/api.w.org\/{rel}","templated":true}]}}