{"id":537,"date":"2020-08-27T22:52:43","date_gmt":"2020-08-28T01:52:43","guid":{"rendered":"https:\/\/wp.ufpel.edu.br\/planilhasgoogle\/?page_id=537"},"modified":"2020-08-27T22:55:15","modified_gmt":"2020-08-28T01:55:15","slug":"pesquisas-e-deslocamentos","status":"publish","type":"page","link":"https:\/\/wp.ufpel.edu.br\/planilhasgoogle\/modulo-intermediario\/aula-3-funcoes-de-busca\/pesquisas-e-deslocamentos\/","title":{"rendered":"Pesquisas e Deslocamentos"},"content":{"rendered":"<div class=\"box generalbox center clearfix\">\n<div class=\"no-overflow\">\n<h3>Pesquisas<\/h3>\n<p>Os itens de pesquisas est\u00e3o no mesmo grupo das\u00a0<a class=\"autolink\" title=\"Consultas\" href=\"https:\/\/ava.ufpel.edu.br\/pre\/mod\/page\/view.php?id=174937\">consultas<\/a>, trata-se de fun\u00e7\u00f5es que retornam determinados campos ao pesquisarmos por uma chave, como um c\u00f3digo ou um nome por exemplo. Imagine que voc\u00ea tem uma tabela com milhares de dados de usu\u00e1rios e pretende fazer uma subtabela desta apenas com dados de alguns usu\u00e1rios, normalmente, utilizar\u00edamos o recurso de busca do navegador e ent\u00e3o utilizar\u00edamos os recursos de copiar e colar. Esta forma, al\u00e9m de ser trabalhosa, tem todas as garantias poss\u00edveis pra dar errado. Imaginemos que ap\u00f3s um tempo precisamos atualizar um determinado dado na tabela do usu\u00e1rio, o mesmo item n\u00e3o seria replicado as subtabelas, al\u00e9m disso, ao copiar e colar, as chances de copiar algo como uma f\u00f3rmula que est\u00e1 associado a determinada posi\u00e7\u00e3o \u00e9 muito grande em uma tabela nas Planilhas Eletr\u00f4nicas em\u00a0<a class=\"autolink\" title=\"Geral\" href=\"https:\/\/ava.ufpel.edu.br\/pre\/mod\/page\/view.php?id=174920\">geral<\/a>.<\/p>\n<p>Para evitar este problema, utilizamos os recursos de PROCH (HLOOKUP) e PROCV (VLOOKUP), para isso, utilizamos como par\u00e2metros chave_de_pesquisa, que significa o campo em que est\u00e1 ou diretamente o valor a ser pesquisado, al\u00e9m disso, precisamos definir o intervalo de dados que estamos trabalhando, o \u00edndice, que \u00e9 a linha ou coluna a ser pesquisada e o item classificado que obriga a passarmos o valor correto correspondente ao \u00edndice ou ent\u00e3o o item n\u00e3o ser\u00e1 exibido.<\/p>\n<p><span class=\"mediaplugin mediaplugin_html5video\"><video src=\"https:\/\/wp.ufpel.edu.br\/planilhasgoogle\/files\/2020\/08\/procv.mp4\" width=\"100%\" title=\"procv.mp4\" preload=\"metadata\" controls=\"controls\" ><\/video><\/span><\/p>\n<p>DESLOC(OFFSET) \u00e9 um recurso que busca valores dentro de uma determinada \u00e1rea, trata-se de um recurso muito utilizado para a cria\u00e7\u00e3o de subtabelas pela facilidade que ele nos d\u00e1 em retornar valores espec\u00edficos dentro de um conjunto de dados, podemos definir este conjunto no primeiro par\u00e2metro e em seguida devemos dizer a quantas linhas e quantas colunas este item dever\u00e1 come\u00e7ar a obter valores e posteriormente, \u00e0 partir deste ponto inicial, quantas linhas e colunas devemos obter deste vetor. O v\u00eddeo abaixo exemplifica melhor este uso.<\/p>\n<p><span class=\"mediaplugin mediaplugin_html5video\"><video src=\"https:\/\/wp.ufpel.edu.br\/planilhasgoogle\/files\/2020\/08\/desloc.mp4\" width=\"100%\" title=\"desloc.mp4\" preload=\"metadata\" controls=\"controls\" ><\/video><\/span><\/p>\n<p>&nbsp;<\/p>\n<p>O item \u00cdNDICE(INDEX) retorna o valor de um campo em uma posi\u00e7\u00e3o espec\u00edfica em um intervalo, para isso, devemos passar a refer\u00eancia, que \u00e9 a lista ou sele\u00e7\u00e3o que queremos encontrar o item e em seguida a posi\u00e7\u00e3o definida pela linha e coluna dentro desta sele\u00e7\u00e3o. \u00c9 um recurso muito interessante a se utilizar quando desconhecemos o tamanho de um determinado dado e precisamos pegar posi\u00e7\u00f5es espec\u00edficas deste, como o primeiro item da segunda coluna, ou o primeiro item da primeira linha. Podemos observar o uso desta fun\u00e7\u00e3o no v\u00eddeo abaixo.<\/p>\n<p><span class=\"mediaplugin mediaplugin_html5video\"><video src=\"https:\/\/wp.ufpel.edu.br\/planilhasgoogle\/files\/2020\/08\/indice.mp4\" width=\"100%\" title=\"indice.mp4\" preload=\"metadata\" controls=\"controls\" ><\/video><\/span><\/p>\n<p>&nbsp;<\/p>\n<p>CORRESP(MATCH) \u00e9 outro recurso auxiliar para montagem de planilhas, trata-se de uma fun\u00e7\u00e3o que retorna a posi\u00e7\u00e3o relativa de um item em um intervalo que corresponde ao valor especificado, este item possui tr\u00eas par\u00e2metros, sendo o \u00faltimo destes opcional. S\u00e3o eles a chave_de_pesquisa, o intervalo e o tipo_de_referencia, o primeiro par\u00e2metro serve para definirmos qual o valor que desejamos pesquisar, o segundo \u00e9 o intervalo que pode ser retirado diretamente da tabela ou atrav\u00e9s de intervalo nomeado e o terceiro par\u00e2metro \u00e9 relativo ao tipo de refer\u00eancia que estamos precisando passar, no v\u00eddeo abaixo temos um exemplo para visualizar melhor este recurso.<\/p>\n<p><span class=\"mediaplugin mediaplugin_html5video\"><video src=\"https:\/\/wp.ufpel.edu.br\/planilhasgoogle\/files\/2020\/08\/Corresp-1.m4v\" width=\"100%\" title=\"Corresp-1.m4v\" preload=\"metadata\" controls=\"controls\" ><\/video><\/span><\/p>\n<p>&nbsp;<\/p>\n<\/div>\n<\/div>\n","protected":false},"excerpt":{"rendered":"<p>Pesquisas Os itens de pesquisas est\u00e3o no mesmo grupo das\u00a0consultas, trata-se de fun\u00e7\u00f5es que retornam determinados campos ao pesquisarmos por uma chave, como um c\u00f3digo ou um nome por exemplo. Imagine que voc\u00ea tem uma tabela com milhares de dados de usu\u00e1rios e pretende fazer uma subtabela desta apenas com dados de alguns usu\u00e1rios, normalmente, [&hellip;]<\/p>\n","protected":false},"author":667,"featured_media":0,"parent":326,"menu_order":0,"comment_status":"closed","ping_status":"closed","template":"","meta":{"jetpack_post_was_ever_published":false,"footnotes":""},"class_list":["post-537","page","type-page","status-publish","hentry"],"jetpack_sharing_enabled":true,"_links":{"self":[{"href":"https:\/\/wp.ufpel.edu.br\/planilhasgoogle\/wp-json\/wp\/v2\/pages\/537","targetHints":{"allow":["GET"]}}],"collection":[{"href":"https:\/\/wp.ufpel.edu.br\/planilhasgoogle\/wp-json\/wp\/v2\/pages"}],"about":[{"href":"https:\/\/wp.ufpel.edu.br\/planilhasgoogle\/wp-json\/wp\/v2\/types\/page"}],"author":[{"embeddable":true,"href":"https:\/\/wp.ufpel.edu.br\/planilhasgoogle\/wp-json\/wp\/v2\/users\/667"}],"replies":[{"embeddable":true,"href":"https:\/\/wp.ufpel.edu.br\/planilhasgoogle\/wp-json\/wp\/v2\/comments?post=537"}],"version-history":[{"count":3,"href":"https:\/\/wp.ufpel.edu.br\/planilhasgoogle\/wp-json\/wp\/v2\/pages\/537\/revisions"}],"predecessor-version":[{"id":550,"href":"https:\/\/wp.ufpel.edu.br\/planilhasgoogle\/wp-json\/wp\/v2\/pages\/537\/revisions\/550"}],"up":[{"embeddable":true,"href":"https:\/\/wp.ufpel.edu.br\/planilhasgoogle\/wp-json\/wp\/v2\/pages\/326"}],"wp:attachment":[{"href":"https:\/\/wp.ufpel.edu.br\/planilhasgoogle\/wp-json\/wp\/v2\/media?parent=537"}],"curies":[{"name":"wp","href":"https:\/\/api.w.org\/{rel}","templated":true}]}}