{"id":536,"date":"2020-08-27T22:52:34","date_gmt":"2020-08-28T01:52:34","guid":{"rendered":"https:\/\/wp.ufpel.edu.br\/planilhasgoogle\/?page_id=536"},"modified":"2020-08-27T22:59:05","modified_gmt":"2020-08-28T01:59:05","slug":"query","status":"publish","type":"page","link":"https:\/\/wp.ufpel.edu.br\/planilhasgoogle\/modulo-intermediario\/aula-3-funcoes-de-busca\/query\/","title":{"rendered":"Query"},"content":{"rendered":"<h3>Recurso Query<\/h3>\n<p>O QUERY \u00e9 um dos recursos mais poderosos que voc\u00eas ver\u00e3o nas Planilhas do Google, trata-se de uma ferramenta que integra todas as outras formas de\u00a0consultas\u00a0vistas at\u00e9 aqui, quem j\u00e1 trabalhou com banco de dados de padr\u00f5es SQL n\u00e3o ter\u00e1 grandes dificuldades para trabalhar com este recurso e quem nunca trabalhou a forma como foi implementada essa funcionalidade \u00e9 t\u00e3o simples que o aprendizado dela torna-se muito r\u00e1pido.<\/p>\n<p>Este recurso possui dois par\u00e2metros principais, o primeiro \u00e9 o conjunto de dados onde queremos pesquisar, este pode ser passado manualmente ou utilizar os\u00a0Intervalos\u00a0Nomeados. E o segundo par\u00e2metro \u00e9 a\u00a0<strong>query<\/strong>\u00a0propriamente dita, que \u00e9 o comando ou os comandos que reduzem a nossa consulta aos dados que queremos demonstrar. No v\u00eddeo abaixo \u00e9 poss\u00edvel visualizar alguns usos de forma\u00a0geral\u00a0desta query.<\/p>\n<p><span class=\"mediaplugin mediaplugin_html5video\"><video title=\"query.mp4\" src=\"https:\/\/wp.ufpel.edu.br\/planilhasgoogle\/files\/2020\/08\/query.mp4\" preload=\"metadata\" controls=\"controls\" width=\"100%\" ><\/video><\/span><\/p>\n<p>&nbsp;<\/p>\n<p>Os dados observados no v\u00eddeo acima s\u00e3o de todos os casos de Covid registrados at\u00e9 o momento no Rio Grande do Sul, restringimos em nossa consulta os dados a apenas os casos de Pelotas, posteriormente, restringimos os casos apenas aos que est\u00e3o em acompanhamento, ou seja, os casos ativos de Covid na cidade de Pelotas, em seguida, restringimos ainda mais os dados ao selecionarmos apenas os casos em que os pacientes est\u00e3o hospitalizados. Posteriormente, selecionamos apenas os casos de risco, observando os dados, vimos que tinham 2 casos de pacientes entre 30 e 39 e ent\u00e3o retiramos estes usando os sinais &lt;&gt; que significa DIFERENTE, e depois restringimos os casos aos que os sintomas ocorreram ap\u00f3s 1 de Junho.<\/p>\n<p>Vimos tamb\u00e9m no v\u00eddeo acima a utiliza\u00e7\u00e3o da fun\u00e7\u00e3o COUNT(A) que retorna a quantidade de linhas de um resultado, assim como a fun\u00e7\u00e3o date que converte um texto em uma data para facilitar processos de compara\u00e7\u00e3o entre datas. Muitos outros recursos ainda est\u00e3o dispon\u00edveis com esta fun\u00e7\u00e3o e ser\u00e3o observados mais adiante, enquanto isso, quem tiver interesse em se aprofundar no conhecimento desse recurso, segue o link da documenta\u00e7\u00e3o:<\/p>\n<p><a href=\"https:\/\/developers.google.com\/chart\/interactive\/docs\/querylanguage\">https:\/\/developers.google.com\/chart\/interactive\/docs\/querylanguage<\/a><\/p>\n","protected":false},"excerpt":{"rendered":"<p>Recurso Query O QUERY \u00e9 um dos recursos mais poderosos que voc\u00eas ver\u00e3o nas Planilhas do Google, trata-se de uma ferramenta que integra todas as outras formas de\u00a0consultas\u00a0vistas at\u00e9 aqui, quem j\u00e1 trabalhou com banco de dados de padr\u00f5es SQL n\u00e3o ter\u00e1 grandes dificuldades para trabalhar com este recurso e quem nunca trabalhou a forma [&hellip;]<\/p>\n","protected":false},"author":667,"featured_media":0,"parent":326,"menu_order":0,"comment_status":"closed","ping_status":"closed","template":"","meta":{"jetpack_post_was_ever_published":false,"footnotes":""},"class_list":["post-536","page","type-page","status-publish","hentry"],"jetpack_sharing_enabled":true,"_links":{"self":[{"href":"https:\/\/wp.ufpel.edu.br\/planilhasgoogle\/wp-json\/wp\/v2\/pages\/536","targetHints":{"allow":["GET"]}}],"collection":[{"href":"https:\/\/wp.ufpel.edu.br\/planilhasgoogle\/wp-json\/wp\/v2\/pages"}],"about":[{"href":"https:\/\/wp.ufpel.edu.br\/planilhasgoogle\/wp-json\/wp\/v2\/types\/page"}],"author":[{"embeddable":true,"href":"https:\/\/wp.ufpel.edu.br\/planilhasgoogle\/wp-json\/wp\/v2\/users\/667"}],"replies":[{"embeddable":true,"href":"https:\/\/wp.ufpel.edu.br\/planilhasgoogle\/wp-json\/wp\/v2\/comments?post=536"}],"version-history":[{"count":5,"href":"https:\/\/wp.ufpel.edu.br\/planilhasgoogle\/wp-json\/wp\/v2\/pages\/536\/revisions"}],"predecessor-version":[{"id":557,"href":"https:\/\/wp.ufpel.edu.br\/planilhasgoogle\/wp-json\/wp\/v2\/pages\/536\/revisions\/557"}],"up":[{"embeddable":true,"href":"https:\/\/wp.ufpel.edu.br\/planilhasgoogle\/wp-json\/wp\/v2\/pages\/326"}],"wp:attachment":[{"href":"https:\/\/wp.ufpel.edu.br\/planilhasgoogle\/wp-json\/wp\/v2\/media?parent=536"}],"curies":[{"name":"wp","href":"https:\/\/api.w.org\/{rel}","templated":true}]}}