{"id":521,"date":"2020-08-27T22:46:11","date_gmt":"2020-08-28T01:46:11","guid":{"rendered":"https:\/\/wp.ufpel.edu.br\/planilhasgoogle\/?page_id=521"},"modified":"2020-08-27T22:50:07","modified_gmt":"2020-08-28T01:50:07","slug":"formatacao-condicional","status":"publish","type":"page","link":"https:\/\/wp.ufpel.edu.br\/planilhasgoogle\/modulo-intermediario\/aula-2-formatacao-condicional-e-filtro-de-dados\/formatacao-condicional\/","title":{"rendered":"Formata\u00e7\u00e3o Condicional"},"content":{"rendered":"<h3>Formata\u00e7\u00e3o\u00a0Condicional<\/h3>\n<p>O recurso de\u00a0Formata\u00e7\u00e3o\u00a0Condicional deixa uma tabela bem mais interessante, pois \u00e9 poss\u00edvel com alguns poucos comandos passar muita informa\u00e7\u00e3o para a tabela, ressaltando valores para quem estiver lendo. Em uma tabela simples todos os valores normalmente possuem a mesma cor de fundo, a mesma cor de fonte, as mesmas caracter\u00edsticas em\u00a0geral, no entanto, quando utilizamos o recurso de\u00a0formata\u00e7\u00e3o\u00a0condicional somos capazes de introduzir ideias do que queremos destacar. No exemplo observado no v\u00eddeo abaixo, queremos ressaltar o n\u00famero de mortes por Covid, queremos dar uma ideia de periculosidade para as cidades em fun\u00e7\u00e3o do n\u00famero de \u00f3bitos. Ao usar o recurso de\u00a0formata\u00e7\u00e3o\u00a0condicional podemos estabelecer uma cor para o valor m\u00ednimo, uma cor para o valor m\u00e1ximo e uma cor para um valor intermedi\u00e1rio que podemos controlar, automaticamente os elementos que estiverem entre estes valores v\u00e3o receber cores intermedi\u00e1rias entre estas.<\/p>\n<p>\u00c9 poss\u00edvel inserir v\u00e1rias regras de\u00a0formata\u00e7\u00e3o\u00a0condicional nos mesmos dados, no entanto, \u00e9 preciso ter em mente que as regras de cima sempre ter\u00e3o prefer\u00eancia sobre as que estiverem em baixo, desta forma, crie as regras de acordo com a forma como voc\u00ea quer que seja exibido, se a ordem escolhida n\u00e3o ficou legal, \u00e9 poss\u00edvel arrastar e alterar a ordem.<\/p>\n<p><span class=\"mediaplugin mediaplugin_html5video\"><video src=\"https:\/\/wp.ufpel.edu.br\/planilhasgoogle\/files\/2020\/08\/formatacao_condicional.mp4\" width=\"100%\" title=\"formatacao_condicional.mp4\" preload=\"metadata\" controls=\"controls\" data-mce-fragment=\"1\"><\/video><\/span><\/p>\n<p>&nbsp;<\/p>\n","protected":false},"excerpt":{"rendered":"<p>Formata\u00e7\u00e3o\u00a0Condicional O recurso de\u00a0Formata\u00e7\u00e3o\u00a0Condicional deixa uma tabela bem mais interessante, pois \u00e9 poss\u00edvel com alguns poucos comandos passar muita informa\u00e7\u00e3o para a tabela, ressaltando valores para quem estiver lendo. Em uma tabela simples todos os valores normalmente possuem a mesma cor de fundo, a mesma cor de fonte, as mesmas caracter\u00edsticas em\u00a0geral, no entanto, quando [&hellip;]<\/p>\n","protected":false},"author":667,"featured_media":0,"parent":323,"menu_order":0,"comment_status":"closed","ping_status":"closed","template":"","meta":{"jetpack_post_was_ever_published":false,"footnotes":""},"class_list":["post-521","page","type-page","status-publish","hentry"],"jetpack_sharing_enabled":true,"_links":{"self":[{"href":"https:\/\/wp.ufpel.edu.br\/planilhasgoogle\/wp-json\/wp\/v2\/pages\/521","targetHints":{"allow":["GET"]}}],"collection":[{"href":"https:\/\/wp.ufpel.edu.br\/planilhasgoogle\/wp-json\/wp\/v2\/pages"}],"about":[{"href":"https:\/\/wp.ufpel.edu.br\/planilhasgoogle\/wp-json\/wp\/v2\/types\/page"}],"author":[{"embeddable":true,"href":"https:\/\/wp.ufpel.edu.br\/planilhasgoogle\/wp-json\/wp\/v2\/users\/667"}],"replies":[{"embeddable":true,"href":"https:\/\/wp.ufpel.edu.br\/planilhasgoogle\/wp-json\/wp\/v2\/comments?post=521"}],"version-history":[{"count":3,"href":"https:\/\/wp.ufpel.edu.br\/planilhasgoogle\/wp-json\/wp\/v2\/pages\/521\/revisions"}],"predecessor-version":[{"id":532,"href":"https:\/\/wp.ufpel.edu.br\/planilhasgoogle\/wp-json\/wp\/v2\/pages\/521\/revisions\/532"}],"up":[{"embeddable":true,"href":"https:\/\/wp.ufpel.edu.br\/planilhasgoogle\/wp-json\/wp\/v2\/pages\/323"}],"wp:attachment":[{"href":"https:\/\/wp.ufpel.edu.br\/planilhasgoogle\/wp-json\/wp\/v2\/media?parent=521"}],"curies":[{"name":"wp","href":"https:\/\/api.w.org\/{rel}","templated":true}]}}