{"id":519,"date":"2020-08-27T22:45:53","date_gmt":"2020-08-28T01:45:53","guid":{"rendered":"https:\/\/wp.ufpel.edu.br\/planilhasgoogle\/?page_id=519"},"modified":"2020-08-27T22:51:26","modified_gmt":"2020-08-28T01:51:26","slug":"limpeza-de-dados","status":"publish","type":"page","link":"https:\/\/wp.ufpel.edu.br\/planilhasgoogle\/modulo-intermediario\/aula-2-formatacao-condicional-e-filtro-de-dados\/limpeza-de-dados\/","title":{"rendered":"Limpeza de Dados"},"content":{"rendered":"<div class=\"box generalbox center clearfix\">\n<div class=\"no-overflow\">\n<h3>Cores Alternadas<\/h3>\n<p>As cores alternadas podem ser feitas de diversas maneiras e s\u00e3o extremamente \u00fateis quando temos um conjunto de dados muito grande pois separam as linhas com cores de forma a destacar umas das outras, normalmente, recomendamos o uso das bordas para separar as linhas, mas quando estas n\u00e3o s\u00e3o suficientes devemos utilizar as cores alternadas, segue no v\u00eddeo abaixo um exemplo de como utilizar, voc\u00ea deve selecionar os campos que deseja tornar as cores alternadas, clicar em Formatar e selecionar a op\u00e7\u00e3o Cores Alternadas.<\/p>\n<p><span class=\"mediaplugin mediaplugin_html5video\"><video src=\"https:\/\/wp.ufpel.edu.br\/planilhasgoogle\/files\/2020\/08\/cores_alternadas.mp4\" width=\"100%\" title=\"cores_alternadas.mp4\" preload=\"metadata\" controls=\"controls\" data-mce-fragment=\"1\"><\/video><\/span><\/p>\n<p>&nbsp;<\/p>\n<h3>Remover C\u00f3pias<\/h3>\n<p>Muitas vezes acabamos recebendo dados duplicados, que podem estar em um campo espec\u00edfico ou v\u00e1rios, para isso, podemos utilizar o comando Remover C\u00f3pias que est\u00e1 dispon\u00edvel no item de menu Dados, caso voc\u00ea selecione apenas uma coluna, os dados removidos ser\u00e3o apenas desta, os demais conjuntos de linhas dos lados permanecer\u00e3o intactos, caso o objetivo seja remover linhas duplicadas voc\u00ea pode selecionar todo o programa que ele remover\u00e1 as linhas inteiras onde as informa\u00e7\u00f5es foram duplicados. O v\u00eddeo abaixo ilustra o uso desta ferramenta de extrema import\u00e2ncia, principalmente quando trabalhamos com dados externos e n\u00e3o temos tempo para ler todas as informa\u00e7\u00f5es contidas nas tabelas.<\/p>\n<p><span class=\"mediaplugin mediaplugin_html5video\"><video src=\"https:\/\/wp.ufpel.edu.br\/planilhasgoogle\/files\/2020\/08\/remover_copias.mp4\" width=\"100%\" title=\"remover_copias.mp4\" preload=\"metadata\" controls=\"controls\" data-mce-fragment=\"1\"><\/video><\/span><\/p>\n<p>&nbsp;<\/p>\n<h3>Remover Espa\u00e7o em Branco<\/h3>\n<p>Um outro recurso extremamente \u00fatil na limpeza de dados \u00e9 o de remover espa\u00e7os em branco, as Planilhas do Google entendem espa\u00e7o em branco como espa\u00e7os no in\u00edcio ou no final do conte\u00fado de uma c\u00e9lula e estende ainda para m\u00faltiplos espa\u00e7os no meio do conte\u00fado de uma determinada c\u00e9lula, sendo assim, &#8216;Porto Alegre\u00a0 \u00a0 &#8216; por exemplo, possui espa\u00e7os no final que v\u00e3o ser removidos, no entanto, o espa\u00e7o entre uma palavra ou outra v\u00e3o permanecer, j\u00e1 &#8216;\u00a0 \u00a0 Passo Fundo&#8217; ter\u00e1 seus espa\u00e7os antes do nome da cidade removidos, j\u00e1 &#8216;Bento\u00a0 \u00a0 Gon\u00e7alves&#8217; ter\u00e1 3 dos 4 espa\u00e7os entre o primeiro e o segundo nome removidos. Para isso, devemos selecionar as c\u00e9lulas que queremos remover e em seguida acessar o item de menu Dados e clicar no bot\u00e3o Cortar espa\u00e7os em branco, como podemos observar no v\u00eddeo abaixo.<\/p>\n<p><span class=\"mediaplugin mediaplugin_html5video\"><video src=\"https:\/\/wp.ufpel.edu.br\/planilhasgoogle\/files\/2020\/08\/cortar_espacos_em_branco.mp4\" width=\"100%\" title=\"cortar_espacos_em_branco.mp4\" preload=\"metadata\" controls=\"controls\"  data-mce-fragment=\"1\"><\/video><\/span><\/p>\n<p>&nbsp;<\/p>\n<h3>Dividir texto em colunas<\/h3>\n<p>Muitas vezes recebemos dados em uma \u00fanica coluna e isso al\u00e9m de prejudicar a leitura, dificultaria e muito os c\u00e1lculos a serem realizados nestes dados, como uma sa\u00edda f\u00e1cil o Google disp\u00f5em de uma ferramenta para dividir texto em colunas, por padr\u00e3o ele verifica a string que mais vezes \u00e9 repetido entre as informa\u00e7\u00f5es e tenta a separa\u00e7\u00e3o de colunas com esta, no entanto, \u00e0s vezes precisamos especificar o elemento separador, de qualquer forma \u00e9 muito simples de se fazer, basta selecionar os itens, clicar em Dados e depois em Dividir texto em colunas, ao fazer isso podemos deixar o Google escolher o caractere separador ou podemos especificar o ou os caracteres desejados. Vejamos no v\u00eddeo abaixo um exemplo deste uso. Ressaltando que devemos deixar os campos ao lado vazios pois se tiver algum conte\u00fado ser\u00e1 sobrescrito.<\/p>\n<p>&nbsp;<\/p>\n<p><span class=\"mediaplugin mediaplugin_html5video\"><video src=\"https:\/\/wp.ufpel.edu.br\/planilhasgoogle\/files\/2020\/08\/dividir_textos_em_colunas.mp4\" width=\"100%\" title=\"dividir_textos_em_colunas.mp4\" preload=\"metadata\" controls=\"controls\" data-mce-fragment=\"1\"><\/video><\/span><\/p>\n<p>&nbsp;<\/p>\n<p>&nbsp;<\/p>\n<\/div>\n<\/div>\n","protected":false},"excerpt":{"rendered":"<p>Cores Alternadas As cores alternadas podem ser feitas de diversas maneiras e s\u00e3o extremamente \u00fateis quando temos um conjunto de dados muito grande pois separam as linhas com cores de forma a destacar umas das outras, normalmente, recomendamos o uso das bordas para separar as linhas, mas quando estas n\u00e3o s\u00e3o suficientes devemos utilizar as [&hellip;]<\/p>\n","protected":false},"author":667,"featured_media":0,"parent":323,"menu_order":0,"comment_status":"closed","ping_status":"closed","template":"","meta":{"jetpack_post_was_ever_published":false,"footnotes":""},"class_list":["post-519","page","type-page","status-publish","hentry"],"jetpack_sharing_enabled":true,"_links":{"self":[{"href":"https:\/\/wp.ufpel.edu.br\/planilhasgoogle\/wp-json\/wp\/v2\/pages\/519","targetHints":{"allow":["GET"]}}],"collection":[{"href":"https:\/\/wp.ufpel.edu.br\/planilhasgoogle\/wp-json\/wp\/v2\/pages"}],"about":[{"href":"https:\/\/wp.ufpel.edu.br\/planilhasgoogle\/wp-json\/wp\/v2\/types\/page"}],"author":[{"embeddable":true,"href":"https:\/\/wp.ufpel.edu.br\/planilhasgoogle\/wp-json\/wp\/v2\/users\/667"}],"replies":[{"embeddable":true,"href":"https:\/\/wp.ufpel.edu.br\/planilhasgoogle\/wp-json\/wp\/v2\/comments?post=519"}],"version-history":[{"count":3,"href":"https:\/\/wp.ufpel.edu.br\/planilhasgoogle\/wp-json\/wp\/v2\/pages\/519\/revisions"}],"predecessor-version":[{"id":534,"href":"https:\/\/wp.ufpel.edu.br\/planilhasgoogle\/wp-json\/wp\/v2\/pages\/519\/revisions\/534"}],"up":[{"embeddable":true,"href":"https:\/\/wp.ufpel.edu.br\/planilhasgoogle\/wp-json\/wp\/v2\/pages\/323"}],"wp:attachment":[{"href":"https:\/\/wp.ufpel.edu.br\/planilhasgoogle\/wp-json\/wp\/v2\/media?parent=519"}],"curies":[{"name":"wp","href":"https:\/\/api.w.org\/{rel}","templated":true}]}}