{"id":510,"date":"2020-08-27T22:40:18","date_gmt":"2020-08-28T01:40:18","guid":{"rendered":"https:\/\/wp.ufpel.edu.br\/planilhasgoogle\/?page_id=510"},"modified":"2020-08-27T22:41:02","modified_gmt":"2020-08-28T01:41:02","slug":"atividades-de-fixacao","status":"publish","type":"page","link":"https:\/\/wp.ufpel.edu.br\/planilhasgoogle\/modulo-intermediario\/aula-1-funcoes-logicas\/atividades-de-fixacao\/","title":{"rendered":"Atividades de Fixa\u00e7\u00e3o"},"content":{"rendered":"<h3>Propostas para praticar:<\/h3>\n<ul>\n<li>Crie uma lista com 5 (cinco) nomes de cidades de A1 \u00e0 A5.\n<ul>\n<li>Ex.[Pelotas, Cap\u00e3o do Le\u00e3o,\u00a0Rio Grande, S\u00e3o Jos\u00e9 do Norte e Cangu\u00e7u]<\/li>\n<\/ul>\n<\/li>\n<li>Nas c\u00e9lulas B1, C1 e D1 deixe reservado para fazer testes;<\/li>\n<li>Crie uma fun\u00e7\u00e3o SE() em B2 comparando B1 com cada uma das cidades de A1 at\u00e9 A5, utilize a fun\u00e7\u00e3o OU() por fora do SE()<\/li>\n<li>Crie uma fun\u00e7\u00e3o IFS() em C2 comparando C1 com cada uma das cidades de A1 at\u00e9 A5, utilize apenas o IFS() para fazer esse processo;<\/li>\n<li>Crie uma fun\u00e7\u00e3o SWITCH() em D2 comparando D1 com cada uma das cidades de A1 at\u00e9 A5, utilize apenas o SWITCH() para realizar essa opera\u00e7\u00e3o.<\/li>\n<\/ul>\n<p>&nbsp;<\/p>\n<p>Obs.: Nas fun\u00e7\u00f5es observadas acima, coloque um retorno como algo do tipo &#8220;encontrou&#8221; para caso VERDADEIRO e &#8220;n\u00e3o encontrou&#8221; para FALSO;<\/p>\n","protected":false},"excerpt":{"rendered":"<p>Propostas para praticar: Crie uma lista com 5 (cinco) nomes de cidades de A1 \u00e0 A5. Ex.[Pelotas, Cap\u00e3o do Le\u00e3o,\u00a0Rio Grande, S\u00e3o Jos\u00e9 do Norte e Cangu\u00e7u] Nas c\u00e9lulas B1, C1 e D1 deixe reservado para fazer testes; Crie uma fun\u00e7\u00e3o SE() em B2 comparando B1 com cada uma das cidades de A1 at\u00e9 A5, [&hellip;]<\/p>\n","protected":false},"author":667,"featured_media":0,"parent":320,"menu_order":0,"comment_status":"closed","ping_status":"closed","template":"page-sem-sidebar.php","meta":{"jetpack_post_was_ever_published":false,"footnotes":""},"class_list":["post-510","page","type-page","status-publish","hentry"],"jetpack_sharing_enabled":true,"_links":{"self":[{"href":"https:\/\/wp.ufpel.edu.br\/planilhasgoogle\/wp-json\/wp\/v2\/pages\/510","targetHints":{"allow":["GET"]}}],"collection":[{"href":"https:\/\/wp.ufpel.edu.br\/planilhasgoogle\/wp-json\/wp\/v2\/pages"}],"about":[{"href":"https:\/\/wp.ufpel.edu.br\/planilhasgoogle\/wp-json\/wp\/v2\/types\/page"}],"author":[{"embeddable":true,"href":"https:\/\/wp.ufpel.edu.br\/planilhasgoogle\/wp-json\/wp\/v2\/users\/667"}],"replies":[{"embeddable":true,"href":"https:\/\/wp.ufpel.edu.br\/planilhasgoogle\/wp-json\/wp\/v2\/comments?post=510"}],"version-history":[{"count":1,"href":"https:\/\/wp.ufpel.edu.br\/planilhasgoogle\/wp-json\/wp\/v2\/pages\/510\/revisions"}],"predecessor-version":[{"id":512,"href":"https:\/\/wp.ufpel.edu.br\/planilhasgoogle\/wp-json\/wp\/v2\/pages\/510\/revisions\/512"}],"up":[{"embeddable":true,"href":"https:\/\/wp.ufpel.edu.br\/planilhasgoogle\/wp-json\/wp\/v2\/pages\/320"}],"wp:attachment":[{"href":"https:\/\/wp.ufpel.edu.br\/planilhasgoogle\/wp-json\/wp\/v2\/media?parent=510"}],"curies":[{"name":"wp","href":"https:\/\/api.w.org\/{rel}","templated":true}]}}