{"id":507,"date":"2020-08-27T22:39:09","date_gmt":"2020-08-28T01:39:09","guid":{"rendered":"https:\/\/wp.ufpel.edu.br\/planilhasgoogle\/?page_id=507"},"modified":"2020-08-28T00:26:10","modified_gmt":"2020-08-28T03:26:10","slug":"senaodisp-seerro-verdadeiro-e-falso","status":"publish","type":"page","link":"https:\/\/wp.ufpel.edu.br\/planilhasgoogle\/modulo-intermediario\/aula-1-funcoes-logicas\/senaodisp-seerro-verdadeiro-e-falso\/","title":{"rendered":"SEN\u00c3ODISP, SEERRO, VERDADEIRO E FALSO"},"content":{"rendered":"<div class=\"box generalbox center clearfix\">\n<div class=\"no-overflow\">\n<h3>Outras fun\u00e7\u00f5es l\u00f3gicas:<\/h3>\n<p>&nbsp;<\/p>\n<p>A fun\u00e7\u00e3o SEN\u00c3ODISP() \u00e9 expressa da seguinte forma: SEN\u00c3ODISP(valor; valor_se_n\u00e3o_dispon\u00edvel).\u00a0A fun\u00e7\u00e3o SEN\u00c3ODISP avalia um valor. Se o valor for um erro #N\/A, retornar\u00e1 o valor especificado. Se valor ou valor_se_n\u00e3o_dispon\u00edvel for uma c\u00e9lula vazia, SEN\u00c3ODISP tratar\u00e1 o valor da c\u00e9lula como uma string vazia (&#8220;&#8221;). Se valor for uma refer\u00eancia de intervalo, SEN\u00c3ODISP retornar\u00e1 um resultado de f\u00f3rmula de matriz com uma entrada para a refer\u00eancia no intervalo. Sendo que:<\/p>\n<p>valor Obrigat\u00f3rio. O valor para verificar se ocorreu um erro #N\/A.<br \/>\nvalor_se_n\u00e3o_dispon\u00edvel Obrigat\u00f3rio. O valor que ser\u00e1 retornado se o primeiro argumento for um erro #N\/A.<\/p>\n<p>&nbsp;<\/p>\n<p>Detalhe importante, embora a documenta\u00e7\u00e3o trabalhe com o SEN\u00c3ODISP() recomendo utilizar o IFNA() primeiro por ser abreviado e segundo porqu\u00ea dependendo do tipo de campo que tu tem a vers\u00e3o em portugu\u00eas n\u00e3o funciona.<\/p>\n<p>Vejamos no v\u00eddeo abaixo alguns exemplos de uso do SEN\u00c3ODISP (IFNA):<\/p>\n<p><span class=\"mediaplugin mediaplugin_html5video\"><video title=\"ifna.mp4\" src=\"https:\/\/wp.ufpel.edu.br\/planilhasgoogle\/files\/2020\/08\/ifna.mp4\" preload=\"metadata\" controls=\"controls\" width=\"100%\" ><\/video><\/span><\/p>\n<p>&nbsp;<\/p>\n<p>A fun\u00e7\u00e3o SEERRO() \u00e9 expressa da seguinte forma: SEERRO(valor; [valor_se_erro]). Que retorna o primeiro argumento se n\u00e3o for um valor de erro. Caso contr\u00e1rio, retorna o segundo argumento (se presente) ou um valor vazio se o segundo argumento n\u00e3o existir. SEERRO(exp1;exp2) equivale logicamente a SE(N\u00c3O(SEERRO(exp1));exp1;exp2). Certifique-se de que esse seja o comportamento desejado.\u00a0Sendo que:<\/p>\n<p>valor &#8211; O valor a ser retornado se o pr\u00f3prio valor n\u00e3o for um erro.<\/p>\n<p>valor_se_erro &#8211; [ OPCIONAL &#8211; em branco por padr\u00e3o ] &#8211; O valor que a fun\u00e7\u00e3o retornar se valor for um erro.<\/p>\n<p>&nbsp;<\/p>\n<p>Vejamos no v\u00eddeo abaixo alguns exemplos de uso do SEERRO:<\/p>\n<p><span class=\"mediaplugin mediaplugin_html5video\"><video title=\"seerro.mp4\" src=\"https:\/\/wp.ufpel.edu.br\/planilhasgoogle\/files\/2020\/08\/seerro.mp4\" preload=\"metadata\" controls=\"controls\" width=\"100%\" ><\/video><\/span><\/p>\n<p>&nbsp;<\/p>\n<p>A fun\u00e7\u00e3o VERDADEIRO() \u00e9 expressa da seguinte forma: VERDADEIRO(). Que retorna o valor l\u00f3gico &#8220;TRUE&#8221;. Na maioria dos casos, o Editor de planilhas do Google converter\u00e1 automaticamente o literal VERDADEIRO no valor VERDADEIRO l\u00f3gico, equivalente para esta fun\u00e7\u00e3o.<\/p>\n<p>Vejamos no v\u00eddeo abaixo alguns exemplos de uso do VERDADEIRO:<\/p>\n<p><span class=\"mediaplugin mediaplugin_html5video\"><video title=\"verdadeiro.mp4\" src=\"https:\/\/wp.ufpel.edu.br\/planilhasgoogle\/files\/2020\/08\/verdadeiro.mp4\" preload=\"metadata\" controls=\"controls\" width=\"100%\" ><\/video><\/span><\/p>\n<p>&nbsp;<\/p>\n<p>A fun\u00e7\u00e3o FALSO() \u00e9 expressa da seguinte forma: FALSO(). Que retorna o valor l\u00f3gico &#8220;FALSE&#8221;. Na maioria dos casos, o Editor de planilhas do Google converter\u00e1 automaticamente o literal FALSO no valor FALSO l\u00f3gico, equivalente para esta fun\u00e7\u00e3o.<\/p>\n<p>Vejamos no v\u00eddeo abaixo alguns exemplos de uso do FALSO:<\/p>\n<p><span class=\"mediaplugin mediaplugin_html5video\"><video title=\"falso.mp4\" src=\"https:\/\/wp.ufpel.edu.br\/planilhasgoogle\/files\/2020\/08\/falso.mp4\" preload=\"metadata\" controls=\"controls\" width=\"100%\" ><\/video><\/span><\/p>\n<\/div>\n<\/div>\n","protected":false},"excerpt":{"rendered":"<p>Outras fun\u00e7\u00f5es l\u00f3gicas: &nbsp; A fun\u00e7\u00e3o SEN\u00c3ODISP() \u00e9 expressa da seguinte forma: SEN\u00c3ODISP(valor; valor_se_n\u00e3o_dispon\u00edvel).\u00a0A fun\u00e7\u00e3o SEN\u00c3ODISP avalia um valor. Se o valor for um erro #N\/A, retornar\u00e1 o valor especificado. Se valor ou valor_se_n\u00e3o_dispon\u00edvel for uma c\u00e9lula vazia, SEN\u00c3ODISP tratar\u00e1 o valor da c\u00e9lula como uma string vazia (&#8220;&#8221;). Se valor for uma refer\u00eancia de [&hellip;]<\/p>\n","protected":false},"author":667,"featured_media":0,"parent":320,"menu_order":0,"comment_status":"closed","ping_status":"closed","template":"","meta":{"jetpack_post_was_ever_published":false,"footnotes":""},"class_list":["post-507","page","type-page","status-publish","hentry"],"jetpack_sharing_enabled":true,"_links":{"self":[{"href":"https:\/\/wp.ufpel.edu.br\/planilhasgoogle\/wp-json\/wp\/v2\/pages\/507","targetHints":{"allow":["GET"]}}],"collection":[{"href":"https:\/\/wp.ufpel.edu.br\/planilhasgoogle\/wp-json\/wp\/v2\/pages"}],"about":[{"href":"https:\/\/wp.ufpel.edu.br\/planilhasgoogle\/wp-json\/wp\/v2\/types\/page"}],"author":[{"embeddable":true,"href":"https:\/\/wp.ufpel.edu.br\/planilhasgoogle\/wp-json\/wp\/v2\/users\/667"}],"replies":[{"embeddable":true,"href":"https:\/\/wp.ufpel.edu.br\/planilhasgoogle\/wp-json\/wp\/v2\/comments?post=507"}],"version-history":[{"count":4,"href":"https:\/\/wp.ufpel.edu.br\/planilhasgoogle\/wp-json\/wp\/v2\/pages\/507\/revisions"}],"predecessor-version":[{"id":783,"href":"https:\/\/wp.ufpel.edu.br\/planilhasgoogle\/wp-json\/wp\/v2\/pages\/507\/revisions\/783"}],"up":[{"embeddable":true,"href":"https:\/\/wp.ufpel.edu.br\/planilhasgoogle\/wp-json\/wp\/v2\/pages\/320"}],"wp:attachment":[{"href":"https:\/\/wp.ufpel.edu.br\/planilhasgoogle\/wp-json\/wp\/v2\/media?parent=507"}],"curies":[{"name":"wp","href":"https:\/\/api.w.org\/{rel}","templated":true}]}}