{"id":49,"date":"2020-06-18T16:20:43","date_gmt":"2020-06-18T19:20:43","guid":{"rendered":"https:\/\/wp.ufpel.edu.br\/planilhasgoogle\/?page_id=49"},"modified":"2020-06-18T16:42:49","modified_gmt":"2020-06-18T19:42:49","slug":"sobre-o-curso","status":"publish","type":"page","link":"https:\/\/wp.ufpel.edu.br\/planilhasgoogle\/sobre-o-curso\/","title":{"rendered":"Sobre o curso"},"content":{"rendered":"\n<p>Seja bem vinda(o) ao curso de&nbsp;<strong>Planilhas do Google<\/strong>&nbsp;(<em>Google Sheets<\/em>), que tem por objetivo atender a uma demanda crescente de busca por ferramentas WEB que satisfa\u00e7am necessidades administrativas espec\u00edficas, neste caso, pessoas que necessitem do uso de planilhas de dados.<\/p>\n\n\n\n<p>A ado\u00e7\u00e3o dos sistemas\/aplicativos do Google em empresas vem se tornando uma realidade nos \u00faltimos anos, tanto pelo fato de ser gratuito quanto pela facilidade que suas ferramentas trazem no compartilhamento e trabalhos colaborativos, no entanto, observa-se uma enorme car\u00eancia de profissionais que de fato dominem a maior parte dos recursos destas ferramentas, fazendo com que muitos profissionais fa\u00e7am usos mais modestos dos aplicativos do que poderiam se tivessem um conhecimento um pouco mais aprofundado, o que tornaria os trabalhos mais profissionais em um tempo muitas vezes reduzido.<\/p>\n\n\n\n<p>Esse \u00e9 um curso voltado para usu\u00e1rios iniciais que desejam entender o ambiente e aprender um conjunto de fun\u00e7\u00f5es e recursos m\u00ednimos para trabalhar com essa incr\u00edvel planilha eletr\u00f4nica totalmente gratuita, no entanto, procuramos fazer um curso que compreendesse todos os n\u00edveis de aprendizagem, sendo assim apesar do curso total ter 40 horas, \u00e9 poss\u00edvel completar apenas o n\u00edvel b\u00e1sico para a obten\u00e7\u00e3o do certificado de&nbsp;<strong>n\u00edvel b\u00e1sico&nbsp;<\/strong>com<strong>&nbsp;16 horas<\/strong>, se o usu\u00e1rio se interessar pela ferramenta e buscar dominar mais sobre o assunto, pode obter&nbsp;<strong>certifica\u00e7\u00e3o de 30 horas<\/strong>&nbsp;fazendo a prova que abrange os conte\u00fados do&nbsp;<strong>n\u00edvel intermedi\u00e1rio<\/strong>&nbsp;e caso a busca seja por um maior aprofundamento do conte\u00fado, pode ser realizado a prova relativa ao&nbsp;<strong>n\u00edvel avan\u00e7ado<\/strong>, totalizando um&nbsp;<strong>certificado de 40 horas<\/strong>.<\/p>\n\n\n\n<p>Para efetuar a avalia\u00e7\u00e3o de n\u00edvel intermedi\u00e1rio, \u00e9 necess\u00e1rio obter nota superior ou igual a 70% na avalia\u00e7\u00e3o do n\u00edvel b\u00e1sico e para realizar a avalia\u00e7\u00e3o de n\u00edvel avan\u00e7ado, \u00e9 necess\u00e1rio ter nota superior ou igual a 70% na avalia\u00e7\u00e3o de n\u00edvel intermedi\u00e1rio, ou seja, uma avalia\u00e7\u00e3o \u00e9 pr\u00e9 requisito da outra subsequente e o certificado final ser\u00e1 da avalia\u00e7\u00e3o de n\u00edvel mais alto que obtiver nota igual ou superior a 70%.<\/p>\n\n\n\n<p>O curso ser\u00e1 ministrado com base na vers\u00e3o mais atual das Planilhas do Google, na vers\u00e3o Web, vers\u00f5es off-line ser\u00e3o mostradas na plataforma windows mas s\u00f3 como exemplo pois vers\u00f5es Mac possuem algumas diferen\u00e7as.<\/p>\n\n\n\n<p>Se voc\u00ea se inscreveu no curso e foi aprovado, acesse o ambiente de ensino virtual do Moodle da UFPel: <a href=\"https:\/\/moodle.ufpel.edu.br\/sysead\/\">https:\/\/moodle.ufpel.edu.br\/sysead\/<\/a><\/p>\n\n\n\n<p>Site de d\u00favidas e respostas do Google podem ajudar a ampliar o conhecimento sobre esta ferramenta, segue o t\u00f3pico de suporte correspondente as Planilhas do Google: <a href=\"https:\/\/support.google.com\/a\/users\/answer\/9282959\">https:\/\/support.google.com\/a\/users\/answer\/9282959<\/a><\/p>\n","protected":false},"excerpt":{"rendered":"<p>Seja bem vinda(o) ao curso de&nbsp;Planilhas do Google&nbsp;(Google Sheets), que tem por objetivo atender a uma demanda crescente de busca por ferramentas WEB que satisfa\u00e7am necessidades administrativas espec\u00edficas, neste caso, pessoas que necessitem do uso de planilhas de dados. A ado\u00e7\u00e3o dos sistemas\/aplicativos do Google em empresas vem se tornando uma realidade nos \u00faltimos anos, [&hellip;]<\/p>\n","protected":false},"author":667,"featured_media":0,"parent":0,"menu_order":0,"comment_status":"closed","ping_status":"closed","template":"","meta":{"jetpack_post_was_ever_published":false,"footnotes":""},"class_list":["post-49","page","type-page","status-publish","hentry"],"jetpack_sharing_enabled":true,"_links":{"self":[{"href":"https:\/\/wp.ufpel.edu.br\/planilhasgoogle\/wp-json\/wp\/v2\/pages\/49","targetHints":{"allow":["GET"]}}],"collection":[{"href":"https:\/\/wp.ufpel.edu.br\/planilhasgoogle\/wp-json\/wp\/v2\/pages"}],"about":[{"href":"https:\/\/wp.ufpel.edu.br\/planilhasgoogle\/wp-json\/wp\/v2\/types\/page"}],"author":[{"embeddable":true,"href":"https:\/\/wp.ufpel.edu.br\/planilhasgoogle\/wp-json\/wp\/v2\/users\/667"}],"replies":[{"embeddable":true,"href":"https:\/\/wp.ufpel.edu.br\/planilhasgoogle\/wp-json\/wp\/v2\/comments?post=49"}],"version-history":[{"count":2,"href":"https:\/\/wp.ufpel.edu.br\/planilhasgoogle\/wp-json\/wp\/v2\/pages\/49\/revisions"}],"predecessor-version":[{"id":60,"href":"https:\/\/wp.ufpel.edu.br\/planilhasgoogle\/wp-json\/wp\/v2\/pages\/49\/revisions\/60"}],"wp:attachment":[{"href":"https:\/\/wp.ufpel.edu.br\/planilhasgoogle\/wp-json\/wp\/v2\/media?parent=49"}],"curies":[{"name":"wp","href":"https:\/\/api.w.org\/{rel}","templated":true}]}}