{"id":45,"date":"2020-06-18T16:16:27","date_gmt":"2020-06-18T19:16:27","guid":{"rendered":"https:\/\/wp.ufpel.edu.br\/planilhasgoogle\/?page_id=45"},"modified":"2020-08-21T13:47:48","modified_gmt":"2020-08-21T16:47:48","slug":"modulo-avancado","status":"publish","type":"page","link":"https:\/\/wp.ufpel.edu.br\/planilhasgoogle\/modulo-avancado\/","title":{"rendered":"M\u00f3dulo Avan\u00e7ado"},"content":{"rendered":"\r\n<div class=\"wp-block-columns is-layout-flex wp-container-core-columns-is-layout-9d6595d7 wp-block-columns-is-layout-flex\">\r\n<div class=\"wp-block-column is-layout-flow wp-block-column-is-layout-flow\" style=\"flex-basis: 66.66%;\">\r\n<p>Bem vindo ao <strong>m\u00f3dulo avan\u00e7ado<\/strong> do Curso de Capacita\u00e7\u00e3o em Planilhas do Google, com a finalidade de facilitar a certifica\u00e7\u00e3o na medida em que o aluno poder\u00e1 fazer o curso at\u00e9 onde se sinta confort\u00e1vel com o conte\u00fado, este curso foi dividido em tr\u00eas partes, a terceira delas, o m\u00f3dulo avan\u00e7ado, visa a compreens\u00e3o do uso da ferramenta <strong>Planilhas do Google<\/strong> (<em>Google Sheets<\/em>), em \u00e1reas espec\u00edficas e bem definidas, tais como no uso de an\u00e1lise hipot\u00e9tica, no gerenciamento financeiro, na gest\u00e3o de grande quantidade de dados atrav\u00e9s do uso de scripts, na estat\u00edstica e finaliza com uma introdu\u00e7\u00e3o desta ferramenta ao universo da explora\u00e7\u00e3o do mundo pela Ci\u00eancia de Dados.<\/p>\r\n<\/div>\r\n\r\n\r\n\r\n<div class=\"wp-block-column is-layout-flow wp-block-column-is-layout-flow\" style=\"flex-basis: 33.33%;\">\r\n<p>Este m\u00f3dulo faz parte de um curso e corresponde ao terceiro curso de um total de 3 e \u00e9 respons\u00e1vel por 10 horas do conte\u00fado de um curso que possui no total de 40 horas de atividades propostas.<\/p>\r\n<\/div>\r\n<\/div>\r\n\r\n\r\n<hr class=\"wp-block-separator\" \/>\r\n\r\n\r\n<p>O m\u00f3dulo avan\u00e7ado ficou dividido em 5 aulas, s\u00e3o elas:<\/p>\r\n\r\n\r\n\r\n<ul class=\"wp-block-list\">\r\n<li><a href=\"https:\/\/wp.ufpel.edu.br\/planilhasgoogle\/modulo-avancado\/aula-1-funcoes-avancadas\/\">Aula 1 &#8211; Fun\u00e7\u00f5es Avan\u00e7adas<\/a><\/li>\r\n<li><a href=\"https:\/\/wp.ufpel.edu.br\/planilhasgoogle\/modulo-avancado\/aula-2-funcoes-financeiras\/\">Aula 2 &#8211; Fun\u00e7\u00f5es Financeiras<\/a><\/li>\r\n<li><a href=\"https:\/\/wp.ufpel.edu.br\/planilhasgoogle\/modulo-avancado\/aula-3-scripts-google\/\">Aula 3 &#8211; Scripts Google<\/a><\/li>\r\n<li><a href=\"https:\/\/wp.ufpel.edu.br\/planilhasgoogle\/modulo-avancado\/aula-4-funcoes-de-analise-hipotetica\/\">Aula 4 &#8211; Fun\u00e7\u00f5es de An\u00e1lise Hipot\u00e9tica<\/a><\/li>\r\n<li><a href=\"https:\/\/wp.ufpel.edu.br\/planilhasgoogle\/modulo-avancado\/aula-5-introducao-a-ciencia-de-dados\/\">Aula 5 &#8211; Introdu\u00e7\u00e3o a Ci\u00eancia de Dados<\/a><\/li>\r\n<\/ul>\r\n\r\n\r\n\r\n<p>&nbsp;<\/p>\r\n","protected":false},"excerpt":{"rendered":"<p>Bem vindo ao m\u00f3dulo avan\u00e7ado do Curso de Capacita\u00e7\u00e3o em Planilhas do Google, com a finalidade de facilitar a certifica\u00e7\u00e3o na medida em que o aluno poder\u00e1 fazer o curso at\u00e9 onde se sinta confort\u00e1vel com o conte\u00fado, este curso foi dividido em tr\u00eas partes, a terceira delas, o m\u00f3dulo avan\u00e7ado, visa a compreens\u00e3o do [&hellip;]<\/p>\n","protected":false},"author":667,"featured_media":0,"parent":0,"menu_order":0,"comment_status":"closed","ping_status":"closed","template":"","meta":{"jetpack_post_was_ever_published":false,"footnotes":""},"class_list":["post-45","page","type-page","status-publish","hentry"],"jetpack_sharing_enabled":true,"_links":{"self":[{"href":"https:\/\/wp.ufpel.edu.br\/planilhasgoogle\/wp-json\/wp\/v2\/pages\/45","targetHints":{"allow":["GET"]}}],"collection":[{"href":"https:\/\/wp.ufpel.edu.br\/planilhasgoogle\/wp-json\/wp\/v2\/pages"}],"about":[{"href":"https:\/\/wp.ufpel.edu.br\/planilhasgoogle\/wp-json\/wp\/v2\/types\/page"}],"author":[{"embeddable":true,"href":"https:\/\/wp.ufpel.edu.br\/planilhasgoogle\/wp-json\/wp\/v2\/users\/667"}],"replies":[{"embeddable":true,"href":"https:\/\/wp.ufpel.edu.br\/planilhasgoogle\/wp-json\/wp\/v2\/comments?post=45"}],"version-history":[{"count":3,"href":"https:\/\/wp.ufpel.edu.br\/planilhasgoogle\/wp-json\/wp\/v2\/pages\/45\/revisions"}],"predecessor-version":[{"id":359,"href":"https:\/\/wp.ufpel.edu.br\/planilhasgoogle\/wp-json\/wp\/v2\/pages\/45\/revisions\/359"}],"wp:attachment":[{"href":"https:\/\/wp.ufpel.edu.br\/planilhasgoogle\/wp-json\/wp\/v2\/media?parent=45"}],"curies":[{"name":"wp","href":"https:\/\/api.w.org\/{rel}","templated":true}]}}