{"id":41,"date":"2020-06-18T16:09:38","date_gmt":"2020-06-18T19:09:38","guid":{"rendered":"https:\/\/wp.ufpel.edu.br\/planilhasgoogle\/?page_id=41"},"modified":"2020-08-21T13:45:26","modified_gmt":"2020-08-21T16:45:26","slug":"modulo-intermediario","status":"publish","type":"page","link":"https:\/\/wp.ufpel.edu.br\/planilhasgoogle\/modulo-intermediario\/","title":{"rendered":"M\u00f3dulo Intermedi\u00e1rio"},"content":{"rendered":"\r\n<div class=\"wp-block-columns is-layout-flex wp-container-core-columns-is-layout-9d6595d7 wp-block-columns-is-layout-flex\">\r\n<div class=\"wp-block-column is-layout-flow wp-block-column-is-layout-flow\" style=\"flex-basis: 66.66%;\">\r\n<p>Bem vindo ao <strong>m\u00f3dulo intermedi\u00e1rio <\/strong>do Curso de Capacita\u00e7\u00e3o em Planilhas do Google, com a finalidade de facilitar a certifica\u00e7\u00e3o na medida em que o aluno poder\u00e1 fazer o curso at\u00e9 onde se sinta confort\u00e1vel com o conte\u00fado, este curso foi dividido em tr\u00eas partes, a segunda delas o m\u00f3dulo intermedi\u00e1rio visa aprofundar conhecimentos observados no m\u00f3dulo b\u00e1sico sobre a ferramenta <strong>Planilhas do Google<\/strong> (<em>Google Sheets<\/em>), este m\u00f3dulo \u00e9 ideal para quem pretende conhecer ferramentas de gr\u00e1ficos, tabelas din\u00e2micas, formatar a apar\u00eancia dos dados de acordo com os resultados das tabelas, aprofundar o conhecimento nas fun\u00e7\u00f5es l\u00f3gicas e iniciar os estudos ao chamado de BI (Business Intelligence).<\/p>\r\n<\/div>\r\n\r\n\r\n\r\n<div class=\"wp-block-column is-layout-flow wp-block-column-is-layout-flow\" style=\"flex-basis: 33.33%;\">\r\n<p>Este m\u00f3dulo faz parte de um curso e corresponde ao segundo curso de um total de 3 e \u00e9 respons\u00e1vel por 14 horas do conte\u00fado de um curso que possui no total de 40 horas de atividades propostas.<\/p>\r\n<\/div>\r\n<\/div>\r\n\r\n\r\n<hr class=\"wp-block-separator\" \/>\r\n\r\n\r\n<p>O m\u00f3dulo intermedi\u00e1rio ficou dividido em 7 aulas, s\u00e3o estas:<\/p>\r\n\r\n\r\n\r\n<ul class=\"wp-block-list\">\r\n<li><a href=\"https:\/\/wp.ufpel.edu.br\/planilhasgoogle\/modulo-intermediario\/aula-1-funcoes-logicas\/\">Aula 1 &#8211; Fun\u00e7\u00f5es L\u00f3gicas<\/a><\/li>\r\n<li><a href=\"https:\/\/wp.ufpel.edu.br\/planilhasgoogle\/modulo-intermediario\/aula-2-formatacao-condicional-e-filtro-de-dados\/\">Aula 2 &#8211; Formata\u00e7\u00e3o Condicional e Filtro de Dados<\/a><\/li>\r\n<li><a href=\"https:\/\/wp.ufpel.edu.br\/planilhasgoogle\/modulo-intermediario\/aula-3-funcoes-de-busca\/\">Aula 3 &#8211; Fun\u00e7\u00f5es de Busca<\/a><\/li>\r\n<li><a href=\"https:\/\/wp.ufpel.edu.br\/planilhasgoogle\/modulo-intermediario\/aula-4-funcoes-estatisticas-com-condicionais\/\">Aula 4 &#8211; Fun\u00e7\u00f5es Estat\u00edsticas com Condicionais<\/a><\/li>\r\n<li><a href=\"https:\/\/wp.ufpel.edu.br\/planilhasgoogle\/modulo-intermediario\/aula-5-trabalhando-com-tabelas-dinamicas\/\">Aula 5 &#8211; Trabalhando com Tabelas Din\u00e2micas<\/a><\/li>\r\n<li><a href=\"https:\/\/wp.ufpel.edu.br\/planilhasgoogle\/modulo-intermediario\/aula-6-trabalhando-com-graficos\/\">Aula 6 &#8211; Trabalhando com Gr\u00e1ficos<\/a><\/li>\r\n<li><a href=\"https:\/\/wp.ufpel.edu.br\/planilhasgoogle\/modulo-intermediario\/aula-7-introducao-inteligencia-de-negocios\/\">Aula 7 &#8211; Introdu\u00e7\u00e3o Intelig\u00eancia de Neg\u00f3cios<\/a><\/li>\r\n<\/ul>\r\n","protected":false},"excerpt":{"rendered":"<p>Bem vindo ao m\u00f3dulo intermedi\u00e1rio do Curso de Capacita\u00e7\u00e3o em Planilhas do Google, com a finalidade de facilitar a certifica\u00e7\u00e3o na medida em que o aluno poder\u00e1 fazer o curso at\u00e9 onde se sinta confort\u00e1vel com o conte\u00fado, este curso foi dividido em tr\u00eas partes, a segunda delas o m\u00f3dulo intermedi\u00e1rio visa aprofundar conhecimentos observados [&hellip;]<\/p>\n","protected":false},"author":667,"featured_media":0,"parent":0,"menu_order":0,"comment_status":"closed","ping_status":"closed","template":"","meta":{"jetpack_post_was_ever_published":false,"footnotes":""},"class_list":["post-41","page","type-page","status-publish","hentry"],"jetpack_sharing_enabled":true,"_links":{"self":[{"href":"https:\/\/wp.ufpel.edu.br\/planilhasgoogle\/wp-json\/wp\/v2\/pages\/41","targetHints":{"allow":["GET"]}}],"collection":[{"href":"https:\/\/wp.ufpel.edu.br\/planilhasgoogle\/wp-json\/wp\/v2\/pages"}],"about":[{"href":"https:\/\/wp.ufpel.edu.br\/planilhasgoogle\/wp-json\/wp\/v2\/types\/page"}],"author":[{"embeddable":true,"href":"https:\/\/wp.ufpel.edu.br\/planilhasgoogle\/wp-json\/wp\/v2\/users\/667"}],"replies":[{"embeddable":true,"href":"https:\/\/wp.ufpel.edu.br\/planilhasgoogle\/wp-json\/wp\/v2\/comments?post=41"}],"version-history":[{"count":3,"href":"https:\/\/wp.ufpel.edu.br\/planilhasgoogle\/wp-json\/wp\/v2\/pages\/41\/revisions"}],"predecessor-version":[{"id":342,"href":"https:\/\/wp.ufpel.edu.br\/planilhasgoogle\/wp-json\/wp\/v2\/pages\/41\/revisions\/342"}],"wp:attachment":[{"href":"https:\/\/wp.ufpel.edu.br\/planilhasgoogle\/wp-json\/wp\/v2\/media?parent=41"}],"curies":[{"name":"wp","href":"https:\/\/api.w.org\/{rel}","templated":true}]}}