{"id":355,"date":"2020-08-21T13:47:00","date_gmt":"2020-08-21T16:47:00","guid":{"rendered":"https:\/\/wp.ufpel.edu.br\/planilhasgoogle\/?page_id=355"},"modified":"2020-08-28T00:21:36","modified_gmt":"2020-08-28T03:21:36","slug":"aula-5-introducao-a-ciencia-de-dados","status":"publish","type":"page","link":"https:\/\/wp.ufpel.edu.br\/planilhasgoogle\/modulo-avancado\/aula-5-introducao-a-ciencia-de-dados\/","title":{"rendered":"Aula 5 &#8211; Introdu\u00e7\u00e3o a Ci\u00eancia de Dados"},"content":{"rendered":"<p>Esta aula \u00e9 composta de:<\/p>\n<ul>\n<li><a href=\"https:\/\/wp.ufpel.edu.br\/planilhasgoogle\/modulo-avancado\/aula-5-introducao-a-ciencia-de-dados\/o-que-e-ciencia-de-dados\/\">O que \u00e9 Ci\u00eancia de Dados?<\/a><\/li>\n<li><a href=\"https:\/\/wp.ufpel.edu.br\/planilhasgoogle\/modulo-avancado\/aula-5-introducao-a-ciencia-de-dados\/pra-que-serve-a-ciencia-de-dados\/\">Pra que serve a Ci\u00eancia de Dados?<\/a><\/li>\n<li><a href=\"https:\/\/wp.ufpel.edu.br\/planilhasgoogle\/modulo-avancado\/aula-5-introducao-a-ciencia-de-dados\/porque-utilizar-data-science\/\">Porqu\u00ea utilizar Data Science?<\/a><\/li>\n<li><a href=\"https:\/\/wp.ufpel.edu.br\/planilhasgoogle\/modulo-avancado\/aula-5-introducao-a-ciencia-de-dados\/bi-inteligencia-de-negocios-x-data-science-ciencia-de-dados\/\">BI (Intelig\u00eancia de Neg\u00f3cios) x Data Science (Ci\u00eancia de Dados)<\/a><\/li>\n<\/ul>\n","protected":false},"excerpt":{"rendered":"<p>Esta aula \u00e9 composta de: O que \u00e9 Ci\u00eancia de Dados? Pra que serve a Ci\u00eancia de Dados? Porqu\u00ea utilizar Data Science? BI (Intelig\u00eancia de Neg\u00f3cios) x Data Science (Ci\u00eancia de Dados)<\/p>\n","protected":false},"author":296,"featured_media":0,"parent":45,"menu_order":4,"comment_status":"closed","ping_status":"closed","template":"","meta":{"jetpack_post_was_ever_published":false,"footnotes":""},"class_list":["post-355","page","type-page","status-publish","hentry"],"jetpack_sharing_enabled":true,"_links":{"self":[{"href":"https:\/\/wp.ufpel.edu.br\/planilhasgoogle\/wp-json\/wp\/v2\/pages\/355","targetHints":{"allow":["GET"]}}],"collection":[{"href":"https:\/\/wp.ufpel.edu.br\/planilhasgoogle\/wp-json\/wp\/v2\/pages"}],"about":[{"href":"https:\/\/wp.ufpel.edu.br\/planilhasgoogle\/wp-json\/wp\/v2\/types\/page"}],"author":[{"embeddable":true,"href":"https:\/\/wp.ufpel.edu.br\/planilhasgoogle\/wp-json\/wp\/v2\/users\/296"}],"replies":[{"embeddable":true,"href":"https:\/\/wp.ufpel.edu.br\/planilhasgoogle\/wp-json\/wp\/v2\/comments?post=355"}],"version-history":[{"count":4,"href":"https:\/\/wp.ufpel.edu.br\/planilhasgoogle\/wp-json\/wp\/v2\/pages\/355\/revisions"}],"predecessor-version":[{"id":779,"href":"https:\/\/wp.ufpel.edu.br\/planilhasgoogle\/wp-json\/wp\/v2\/pages\/355\/revisions\/779"}],"up":[{"embeddable":true,"href":"https:\/\/wp.ufpel.edu.br\/planilhasgoogle\/wp-json\/wp\/v2\/pages\/45"}],"wp:attachment":[{"href":"https:\/\/wp.ufpel.edu.br\/planilhasgoogle\/wp-json\/wp\/v2\/media?parent=355"}],"curies":[{"name":"wp","href":"https:\/\/api.w.org\/{rel}","templated":true}]}}