{"id":351,"date":"2020-08-21T13:46:39","date_gmt":"2020-08-21T16:46:39","guid":{"rendered":"https:\/\/wp.ufpel.edu.br\/planilhasgoogle\/?page_id=351"},"modified":"2020-08-28T00:16:58","modified_gmt":"2020-08-28T03:16:58","slug":"aula-4-funcoes-de-analise-hipotetica","status":"publish","type":"page","link":"https:\/\/wp.ufpel.edu.br\/planilhasgoogle\/modulo-avancado\/aula-4-funcoes-de-analise-hipotetica\/","title":{"rendered":"Aula 4 &#8211; Fun\u00e7\u00f5es de An\u00e1lise Hipot\u00e9tica"},"content":{"rendered":"<p>Esta aula \u00e9 composta de:<\/p>\n<ul>\n<li><a href=\"https:\/\/wp.ufpel.edu.br\/planilhasgoogle\/modulo-avancado\/aula-4-funcoes-de-analise-hipotetica\/problema-da-fabrica-de-automoveis\/\">Problema da F\u00e1brica de Autom\u00f3veis<\/a><\/li>\n<li><a href=\"https:\/\/wp.ufpel.edu.br\/planilhasgoogle\/modulo-avancado\/aula-4-funcoes-de-analise-hipotetica\/problema-do-emprestimo-do-banco\/\">Problema do Empr\u00e9stimo do Banco<\/a><\/li>\n<li><a href=\"https:\/\/wp.ufpel.edu.br\/planilhasgoogle\/modulo-avancado\/aula-4-funcoes-de-analise-hipotetica\/problema-da-fabrica-de-motores\/\">Problema da F\u00e1brica de Motores<\/a><\/li>\n<li><a href=\"https:\/\/wp.ufpel.edu.br\/planilhasgoogle\/modulo-avancado\/aula-4-funcoes-de-analise-hipotetica\/problema-da-escolha-de-carteira-de-investimentos\/\">Problema da Escolha de Carteira de Investimentos<\/a><\/li>\n<\/ul>\n","protected":false},"excerpt":{"rendered":"<p>Esta aula \u00e9 composta de: Problema da F\u00e1brica de Autom\u00f3veis Problema do Empr\u00e9stimo do Banco Problema da F\u00e1brica de Motores Problema da Escolha de Carteira de Investimentos<\/p>\n","protected":false},"author":296,"featured_media":0,"parent":45,"menu_order":3,"comment_status":"closed","ping_status":"closed","template":"","meta":{"jetpack_post_was_ever_published":false,"footnotes":""},"class_list":["post-351","page","type-page","status-publish","hentry"],"jetpack_sharing_enabled":true,"_links":{"self":[{"href":"https:\/\/wp.ufpel.edu.br\/planilhasgoogle\/wp-json\/wp\/v2\/pages\/351","targetHints":{"allow":["GET"]}}],"collection":[{"href":"https:\/\/wp.ufpel.edu.br\/planilhasgoogle\/wp-json\/wp\/v2\/pages"}],"about":[{"href":"https:\/\/wp.ufpel.edu.br\/planilhasgoogle\/wp-json\/wp\/v2\/types\/page"}],"author":[{"embeddable":true,"href":"https:\/\/wp.ufpel.edu.br\/planilhasgoogle\/wp-json\/wp\/v2\/users\/296"}],"replies":[{"embeddable":true,"href":"https:\/\/wp.ufpel.edu.br\/planilhasgoogle\/wp-json\/wp\/v2\/comments?post=351"}],"version-history":[{"count":4,"href":"https:\/\/wp.ufpel.edu.br\/planilhasgoogle\/wp-json\/wp\/v2\/pages\/351\/revisions"}],"predecessor-version":[{"id":759,"href":"https:\/\/wp.ufpel.edu.br\/planilhasgoogle\/wp-json\/wp\/v2\/pages\/351\/revisions\/759"}],"up":[{"embeddable":true,"href":"https:\/\/wp.ufpel.edu.br\/planilhasgoogle\/wp-json\/wp\/v2\/pages\/45"}],"wp:attachment":[{"href":"https:\/\/wp.ufpel.edu.br\/planilhasgoogle\/wp-json\/wp\/v2\/media?parent=351"}],"curies":[{"name":"wp","href":"https:\/\/api.w.org\/{rel}","templated":true}]}}