{"id":349,"date":"2020-08-21T13:46:27","date_gmt":"2020-08-21T16:46:27","guid":{"rendered":"https:\/\/wp.ufpel.edu.br\/planilhasgoogle\/?page_id=349"},"modified":"2020-08-28T00:11:01","modified_gmt":"2020-08-28T03:11:01","slug":"aula-3-scripts-google","status":"publish","type":"page","link":"https:\/\/wp.ufpel.edu.br\/planilhasgoogle\/modulo-avancado\/aula-3-scripts-google\/","title":{"rendered":"Aula 3 &#8211; Scripts Google"},"content":{"rendered":"<p>Esta aula \u00e9 composta de:<\/p>\n<ul>\n<li><a href=\"https:\/\/wp.ufpel.edu.br\/planilhasgoogle\/modulo-avancado\/aula-3-scripts-google\/macros-custom-functions\/\">Macros &amp; Custom Functions<\/a><\/li>\n<li><a href=\"https:\/\/wp.ufpel.edu.br\/planilhasgoogle\/modulo-avancado\/aula-3-scripts-google\/script-do-google-apps-com-o-planilhas-google\/\">Script do Google Apps com o Planilhas Google<\/a><\/li>\n<li><a href=\"https:\/\/wp.ufpel.edu.br\/planilhasgoogle\/modulo-avancado\/aula-3-scripts-google\/trabalhando-com-dados\/\">Trabalhando com Dados<\/a><\/li>\n<li><a href=\"https:\/\/wp.ufpel.edu.br\/planilhasgoogle\/modulo-avancado\/aula-3-scripts-google\/formatacao-de-dados\/\">Formata\u00e7\u00e3o de Dados<\/a><\/li>\n<li><a href=\"https:\/\/wp.ufpel.edu.br\/planilhasgoogle\/modulo-avancado\/aula-3-scripts-google\/tracando-um-grafico-e-apresentando-dados-nos-slides\/\">Tra\u00e7ando um Gr\u00e1fico e Apresentando Dados nos Slides<\/a><\/li>\n<\/ul>\n","protected":false},"excerpt":{"rendered":"<p>Esta aula \u00e9 composta de: Macros &amp; Custom Functions Script do Google Apps com o Planilhas Google Trabalhando com Dados Formata\u00e7\u00e3o de Dados Tra\u00e7ando um Gr\u00e1fico e Apresentando Dados nos Slides<\/p>\n","protected":false},"author":296,"featured_media":0,"parent":45,"menu_order":2,"comment_status":"closed","ping_status":"closed","template":"","meta":{"jetpack_post_was_ever_published":false,"footnotes":""},"class_list":["post-349","page","type-page","status-publish","hentry"],"jetpack_sharing_enabled":true,"_links":{"self":[{"href":"https:\/\/wp.ufpel.edu.br\/planilhasgoogle\/wp-json\/wp\/v2\/pages\/349","targetHints":{"allow":["GET"]}}],"collection":[{"href":"https:\/\/wp.ufpel.edu.br\/planilhasgoogle\/wp-json\/wp\/v2\/pages"}],"about":[{"href":"https:\/\/wp.ufpel.edu.br\/planilhasgoogle\/wp-json\/wp\/v2\/types\/page"}],"author":[{"embeddable":true,"href":"https:\/\/wp.ufpel.edu.br\/planilhasgoogle\/wp-json\/wp\/v2\/users\/296"}],"replies":[{"embeddable":true,"href":"https:\/\/wp.ufpel.edu.br\/planilhasgoogle\/wp-json\/wp\/v2\/comments?post=349"}],"version-history":[{"count":4,"href":"https:\/\/wp.ufpel.edu.br\/planilhasgoogle\/wp-json\/wp\/v2\/pages\/349\/revisions"}],"predecessor-version":[{"id":738,"href":"https:\/\/wp.ufpel.edu.br\/planilhasgoogle\/wp-json\/wp\/v2\/pages\/349\/revisions\/738"}],"up":[{"embeddable":true,"href":"https:\/\/wp.ufpel.edu.br\/planilhasgoogle\/wp-json\/wp\/v2\/pages\/45"}],"wp:attachment":[{"href":"https:\/\/wp.ufpel.edu.br\/planilhasgoogle\/wp-json\/wp\/v2\/media?parent=349"}],"curies":[{"name":"wp","href":"https:\/\/api.w.org\/{rel}","templated":true}]}}