{"id":345,"date":"2020-08-21T13:46:10","date_gmt":"2020-08-21T16:46:10","guid":{"rendered":"https:\/\/wp.ufpel.edu.br\/planilhasgoogle\/?page_id=345"},"modified":"2020-08-27T23:41:30","modified_gmt":"2020-08-28T02:41:30","slug":"aula-2-funcoes-financeiras","status":"publish","type":"page","link":"https:\/\/wp.ufpel.edu.br\/planilhasgoogle\/modulo-avancado\/aula-2-funcoes-financeiras\/","title":{"rendered":"Aula 2 &#8211; Fun\u00e7\u00f5es Financeiras"},"content":{"rendered":"<p>Esta aula \u00e9 composta de:<\/p>\n<ul>\n<li><a href=\"https:\/\/wp.ufpel.edu.br\/planilhasgoogle\/modulo-avancado\/aula-2-funcoes-financeiras\/valor-futuro-e-valor-presente\/\">Valor Futuro e Valor Presente<\/a><\/li>\n<li><a href=\"https:\/\/wp.ufpel.edu.br\/planilhasgoogle\/modulo-avancado\/aula-2-funcoes-financeiras\/periodo-pagamentos-e-taxa\/\">Per\u00edodo, Pagamentos e Taxa<\/a><\/li>\n<li><a href=\"https:\/\/wp.ufpel.edu.br\/planilhasgoogle\/modulo-avancado\/aula-2-funcoes-financeiras\/lucro-preco-e-taxa-de-juros\/\">Lucro, Pre\u00e7o e Taxa de Juros<\/a><\/li>\n<li><a href=\"https:\/\/wp.ufpel.edu.br\/planilhasgoogle\/modulo-avancado\/aula-2-funcoes-financeiras\/bd-bdv-bdd-e-dpd-calculos-de-depreciacao\/\">BD, BDV, BDD e DPD (c\u00e1lculos de deprecia\u00e7\u00e3o)<\/a><\/li>\n<li><a href=\"https:\/\/wp.ufpel.edu.br\/planilhasgoogle\/modulo-avancado\/aula-2-funcoes-financeiras\/atividades-de-fixacao\/\">Atividades de Fixa\u00e7\u00e3o<\/a><\/li>\n<\/ul>\n","protected":false},"excerpt":{"rendered":"<p>Esta aula \u00e9 composta de: Valor Futuro e Valor Presente Per\u00edodo, Pagamentos e Taxa Lucro, Pre\u00e7o e Taxa de Juros BD, BDV, BDD e DPD (c\u00e1lculos de deprecia\u00e7\u00e3o) Atividades de Fixa\u00e7\u00e3o<\/p>\n","protected":false},"author":296,"featured_media":0,"parent":45,"menu_order":1,"comment_status":"closed","ping_status":"closed","template":"","meta":{"jetpack_post_was_ever_published":false,"footnotes":""},"class_list":["post-345","page","type-page","status-publish","hentry"],"jetpack_sharing_enabled":true,"_links":{"self":[{"href":"https:\/\/wp.ufpel.edu.br\/planilhasgoogle\/wp-json\/wp\/v2\/pages\/345","targetHints":{"allow":["GET"]}}],"collection":[{"href":"https:\/\/wp.ufpel.edu.br\/planilhasgoogle\/wp-json\/wp\/v2\/pages"}],"about":[{"href":"https:\/\/wp.ufpel.edu.br\/planilhasgoogle\/wp-json\/wp\/v2\/types\/page"}],"author":[{"embeddable":true,"href":"https:\/\/wp.ufpel.edu.br\/planilhasgoogle\/wp-json\/wp\/v2\/users\/296"}],"replies":[{"embeddable":true,"href":"https:\/\/wp.ufpel.edu.br\/planilhasgoogle\/wp-json\/wp\/v2\/comments?post=345"}],"version-history":[{"count":4,"href":"https:\/\/wp.ufpel.edu.br\/planilhasgoogle\/wp-json\/wp\/v2\/pages\/345\/revisions"}],"predecessor-version":[{"id":691,"href":"https:\/\/wp.ufpel.edu.br\/planilhasgoogle\/wp-json\/wp\/v2\/pages\/345\/revisions\/691"}],"up":[{"embeddable":true,"href":"https:\/\/wp.ufpel.edu.br\/planilhasgoogle\/wp-json\/wp\/v2\/pages\/45"}],"wp:attachment":[{"href":"https:\/\/wp.ufpel.edu.br\/planilhasgoogle\/wp-json\/wp\/v2\/media?parent=345"}],"curies":[{"name":"wp","href":"https:\/\/api.w.org\/{rel}","templated":true}]}}