{"id":335,"date":"2020-08-21T13:43:38","date_gmt":"2020-08-21T16:43:38","guid":{"rendered":"https:\/\/wp.ufpel.edu.br\/planilhasgoogle\/?page_id=335"},"modified":"2020-08-27T23:17:11","modified_gmt":"2020-08-28T02:17:11","slug":"aula-6-trabalhando-com-graficos","status":"publish","type":"page","link":"https:\/\/wp.ufpel.edu.br\/planilhasgoogle\/modulo-intermediario\/aula-6-trabalhando-com-graficos\/","title":{"rendered":"Aula 6 &#8211; Trabalhando com Gr\u00e1ficos"},"content":{"rendered":"<p>Esta aula \u00e9 composta de:<\/p>\n<ul>\n<li><a href=\"https:\/\/wp.ufpel.edu.br\/planilhasgoogle\/modulo-intermediario\/aula-6-trabalhando-com-graficos\/montando-seus-dados-para-graficos\/\">Montando seus dados para Gr\u00e1ficos<\/a><\/li>\n<li><a href=\"https:\/\/wp.ufpel.edu.br\/planilhasgoogle\/modulo-intermediario\/aula-6-trabalhando-com-graficos\/graficos-de-barras-colunas-e-linhas\/\">Gr\u00e1ficos de Barras, Colunas e Linhas<\/a><\/li>\n<li><a href=\"https:\/\/wp.ufpel.edu.br\/planilhasgoogle\/modulo-intermediario\/aula-6-trabalhando-com-graficos\/graficos-de-area-e-pizza\/\">Gr\u00e1ficos de \u00c1rea e Pizza<\/a><\/li>\n<li><a href=\"https:\/\/wp.ufpel.edu.br\/planilhasgoogle\/modulo-intermediario\/aula-6-trabalhando-com-graficos\/graficos-de-dispersao-mapa-e-outros\/\">Gr\u00e1ficos de Dispers\u00e3o, Mapa e Outros<\/a><\/li>\n<li><a href=\"https:\/\/wp.ufpel.edu.br\/planilhasgoogle\/modulo-intermediario\/aula-6-trabalhando-com-graficos\/atividades-de-fixacao\/\">Atividades de Fixa\u00e7\u00e3o<\/a><\/li>\n<\/ul>\n","protected":false},"excerpt":{"rendered":"<p>Esta aula \u00e9 composta de: Montando seus dados para Gr\u00e1ficos Gr\u00e1ficos de Barras, Colunas e Linhas Gr\u00e1ficos de \u00c1rea e Pizza Gr\u00e1ficos de Dispers\u00e3o, Mapa e Outros Atividades de Fixa\u00e7\u00e3o<\/p>\n","protected":false},"author":296,"featured_media":0,"parent":41,"menu_order":5,"comment_status":"closed","ping_status":"closed","template":"","meta":{"jetpack_post_was_ever_published":false,"footnotes":""},"class_list":["post-335","page","type-page","status-publish","hentry"],"jetpack_sharing_enabled":true,"_links":{"self":[{"href":"https:\/\/wp.ufpel.edu.br\/planilhasgoogle\/wp-json\/wp\/v2\/pages\/335","targetHints":{"allow":["GET"]}}],"collection":[{"href":"https:\/\/wp.ufpel.edu.br\/planilhasgoogle\/wp-json\/wp\/v2\/pages"}],"about":[{"href":"https:\/\/wp.ufpel.edu.br\/planilhasgoogle\/wp-json\/wp\/v2\/types\/page"}],"author":[{"embeddable":true,"href":"https:\/\/wp.ufpel.edu.br\/planilhasgoogle\/wp-json\/wp\/v2\/users\/296"}],"replies":[{"embeddable":true,"href":"https:\/\/wp.ufpel.edu.br\/planilhasgoogle\/wp-json\/wp\/v2\/comments?post=335"}],"version-history":[{"count":4,"href":"https:\/\/wp.ufpel.edu.br\/planilhasgoogle\/wp-json\/wp\/v2\/pages\/335\/revisions"}],"predecessor-version":[{"id":614,"href":"https:\/\/wp.ufpel.edu.br\/planilhasgoogle\/wp-json\/wp\/v2\/pages\/335\/revisions\/614"}],"up":[{"embeddable":true,"href":"https:\/\/wp.ufpel.edu.br\/planilhasgoogle\/wp-json\/wp\/v2\/pages\/41"}],"wp:attachment":[{"href":"https:\/\/wp.ufpel.edu.br\/planilhasgoogle\/wp-json\/wp\/v2\/media?parent=335"}],"curies":[{"name":"wp","href":"https:\/\/api.w.org\/{rel}","templated":true}]}}