{"id":332,"date":"2020-08-21T13:43:16","date_gmt":"2020-08-21T16:43:16","guid":{"rendered":"https:\/\/wp.ufpel.edu.br\/planilhasgoogle\/?page_id=332"},"modified":"2020-08-27T23:13:11","modified_gmt":"2020-08-28T02:13:11","slug":"aula-5-trabalhando-com-tabelas-dinamicas","status":"publish","type":"page","link":"https:\/\/wp.ufpel.edu.br\/planilhasgoogle\/modulo-intermediario\/aula-5-trabalhando-com-tabelas-dinamicas\/","title":{"rendered":"Aula 5 &#8211; Trabalhando com Tabelas Din\u00e2micas"},"content":{"rendered":"<p>Esta aula \u00e9 composta de:<\/p>\n<ul>\n<li><a href=\"https:\/\/wp.ufpel.edu.br\/planilhasgoogle\/modulo-intermediario\/aula-5-trabalhando-com-tabelas-dinamicas\/criando-uma-tabela-dinamica\/\">Criando uma Tabela Din\u00e2mica<\/a><\/li>\n<li><a href=\"https:\/\/wp.ufpel.edu.br\/planilhasgoogle\/modulo-intermediario\/aula-5-trabalhando-com-tabelas-dinamicas\/explorando-os-recursos-das-tabelas-dinamicas\/\">Explorando os Recursos das Tabelas Din\u00e2micas<\/a><\/li>\n<li><a href=\"https:\/\/wp.ufpel.edu.br\/planilhasgoogle\/modulo-intermediario\/aula-5-trabalhando-com-tabelas-dinamicas\/atividades-de-fixacao\/\">Atividades de Fixa\u00e7\u00e3o<\/a><\/li>\n<\/ul>\n","protected":false},"excerpt":{"rendered":"<p>Esta aula \u00e9 composta de: Criando uma Tabela Din\u00e2mica Explorando os Recursos das Tabelas Din\u00e2micas Atividades de Fixa\u00e7\u00e3o<\/p>\n","protected":false},"author":296,"featured_media":0,"parent":41,"menu_order":4,"comment_status":"closed","ping_status":"closed","template":"","meta":{"jetpack_post_was_ever_published":false,"footnotes":""},"class_list":["post-332","page","type-page","status-publish","hentry"],"jetpack_sharing_enabled":true,"_links":{"self":[{"href":"https:\/\/wp.ufpel.edu.br\/planilhasgoogle\/wp-json\/wp\/v2\/pages\/332","targetHints":{"allow":["GET"]}}],"collection":[{"href":"https:\/\/wp.ufpel.edu.br\/planilhasgoogle\/wp-json\/wp\/v2\/pages"}],"about":[{"href":"https:\/\/wp.ufpel.edu.br\/planilhasgoogle\/wp-json\/wp\/v2\/types\/page"}],"author":[{"embeddable":true,"href":"https:\/\/wp.ufpel.edu.br\/planilhasgoogle\/wp-json\/wp\/v2\/users\/296"}],"replies":[{"embeddable":true,"href":"https:\/\/wp.ufpel.edu.br\/planilhasgoogle\/wp-json\/wp\/v2\/comments?post=332"}],"version-history":[{"count":4,"href":"https:\/\/wp.ufpel.edu.br\/planilhasgoogle\/wp-json\/wp\/v2\/pages\/332\/revisions"}],"predecessor-version":[{"id":596,"href":"https:\/\/wp.ufpel.edu.br\/planilhasgoogle\/wp-json\/wp\/v2\/pages\/332\/revisions\/596"}],"up":[{"embeddable":true,"href":"https:\/\/wp.ufpel.edu.br\/planilhasgoogle\/wp-json\/wp\/v2\/pages\/41"}],"wp:attachment":[{"href":"https:\/\/wp.ufpel.edu.br\/planilhasgoogle\/wp-json\/wp\/v2\/media?parent=332"}],"curies":[{"name":"wp","href":"https:\/\/api.w.org\/{rel}","templated":true}]}}