{"id":329,"date":"2020-08-21T13:42:58","date_gmt":"2020-08-21T16:42:58","guid":{"rendered":"https:\/\/wp.ufpel.edu.br\/planilhasgoogle\/?page_id=329"},"modified":"2020-08-27T23:05:17","modified_gmt":"2020-08-28T02:05:17","slug":"aula-4-funcoes-estatisticas-com-condicionais","status":"publish","type":"page","link":"https:\/\/wp.ufpel.edu.br\/planilhasgoogle\/modulo-intermediario\/aula-4-funcoes-estatisticas-com-condicionais\/","title":{"rendered":"Aula 4 &#8211; Fun\u00e7\u00f5es Estat\u00edsticas com Condicionais"},"content":{"rendered":"<p>Esta aula \u00e9 composta de:<\/p>\n<ul>\n<li><a href=\"https:\/\/wp.ufpel.edu.br\/planilhasgoogle\/modulo-intermediario\/aula-4-funcoes-estatisticas-com-condicionais\/covariancia-e-coeficiente-de-correlacao\/\">Covari\u00e2ncia e Coeficiente de Correla\u00e7\u00e3o<\/a><\/li>\n<li><a href=\"https:\/\/wp.ufpel.edu.br\/planilhasgoogle\/modulo-intermediario\/aula-4-funcoes-estatisticas-com-condicionais\/funcoes-cont-se-cont-ses-somase-somases-media-se\/\">Fun\u00e7\u00f5es CONT.SE, CONT.SES, SOMASE, SOMASES, MEDIA.SE<\/a><\/li>\n<li><a href=\"https:\/\/wp.ufpel.edu.br\/planilhasgoogle\/modulo-intermediario\/aula-4-funcoes-estatisticas-com-condicionais\/solver\/\">Solver<\/a><\/li>\n<li><a href=\"https:\/\/wp.ufpel.edu.br\/planilhasgoogle\/modulo-intermediario\/aula-4-funcoes-estatisticas-com-condicionais\/atividades-de-fixacao\/\">Atividades de Fixa\u00e7\u00e3o<\/a><\/li>\n<\/ul>\n","protected":false},"excerpt":{"rendered":"<p>Esta aula \u00e9 composta de: Covari\u00e2ncia e Coeficiente de Correla\u00e7\u00e3o Fun\u00e7\u00f5es CONT.SE, CONT.SES, SOMASE, SOMASES, MEDIA.SE Solver Atividades de Fixa\u00e7\u00e3o<\/p>\n","protected":false},"author":296,"featured_media":0,"parent":41,"menu_order":3,"comment_status":"closed","ping_status":"closed","template":"","meta":{"jetpack_post_was_ever_published":false,"footnotes":""},"class_list":["post-329","page","type-page","status-publish","hentry"],"jetpack_sharing_enabled":true,"_links":{"self":[{"href":"https:\/\/wp.ufpel.edu.br\/planilhasgoogle\/wp-json\/wp\/v2\/pages\/329","targetHints":{"allow":["GET"]}}],"collection":[{"href":"https:\/\/wp.ufpel.edu.br\/planilhasgoogle\/wp-json\/wp\/v2\/pages"}],"about":[{"href":"https:\/\/wp.ufpel.edu.br\/planilhasgoogle\/wp-json\/wp\/v2\/types\/page"}],"author":[{"embeddable":true,"href":"https:\/\/wp.ufpel.edu.br\/planilhasgoogle\/wp-json\/wp\/v2\/users\/296"}],"replies":[{"embeddable":true,"href":"https:\/\/wp.ufpel.edu.br\/planilhasgoogle\/wp-json\/wp\/v2\/comments?post=329"}],"version-history":[{"count":4,"href":"https:\/\/wp.ufpel.edu.br\/planilhasgoogle\/wp-json\/wp\/v2\/pages\/329\/revisions"}],"predecessor-version":[{"id":575,"href":"https:\/\/wp.ufpel.edu.br\/planilhasgoogle\/wp-json\/wp\/v2\/pages\/329\/revisions\/575"}],"up":[{"embeddable":true,"href":"https:\/\/wp.ufpel.edu.br\/planilhasgoogle\/wp-json\/wp\/v2\/pages\/41"}],"wp:attachment":[{"href":"https:\/\/wp.ufpel.edu.br\/planilhasgoogle\/wp-json\/wp\/v2\/media?parent=329"}],"curies":[{"name":"wp","href":"https:\/\/api.w.org\/{rel}","templated":true}]}}