{"id":323,"date":"2020-08-21T13:42:17","date_gmt":"2020-08-21T16:42:17","guid":{"rendered":"https:\/\/wp.ufpel.edu.br\/planilhasgoogle\/?page_id=323"},"modified":"2020-08-27T22:51:36","modified_gmt":"2020-08-28T01:51:36","slug":"aula-2-formatacao-condicional-e-filtro-de-dados","status":"publish","type":"page","link":"https:\/\/wp.ufpel.edu.br\/planilhasgoogle\/modulo-intermediario\/aula-2-formatacao-condicional-e-filtro-de-dados\/","title":{"rendered":"Aula 2 &#8211; Formata\u00e7\u00e3o Condicional e Filtro de Dados"},"content":{"rendered":"<p>Esta aula \u00e9 composta de:<\/p>\n<ul>\n<li><a href=\"https:\/\/wp.ufpel.edu.br\/planilhasgoogle\/modulo-intermediario\/aula-2-formatacao-condicional-e-filtro-de-dados\/limpeza-de-dados\/\">Limpeza de Dados<\/a><\/li>\n<li><a href=\"https:\/\/wp.ufpel.edu.br\/planilhasgoogle\/modulo-intermediario\/aula-2-formatacao-condicional-e-filtro-de-dados\/formatacao-condicional\/\">Formata\u00e7\u00e3o Condicional<\/a><\/li>\n<li><a href=\"https:\/\/wp.ufpel.edu.br\/planilhasgoogle\/modulo-intermediario\/aula-2-formatacao-condicional-e-filtro-de-dados\/restricao-de-dados\/\">Restri\u00e7\u00e3o de Dados<\/a><\/li>\n<\/ul>\n","protected":false},"excerpt":{"rendered":"<p>Esta aula \u00e9 composta de: Limpeza de Dados Formata\u00e7\u00e3o Condicional Restri\u00e7\u00e3o de Dados<\/p>\n","protected":false},"author":296,"featured_media":0,"parent":41,"menu_order":1,"comment_status":"closed","ping_status":"closed","template":"","meta":{"jetpack_post_was_ever_published":false,"footnotes":""},"class_list":["post-323","page","type-page","status-publish","hentry"],"jetpack_sharing_enabled":true,"_links":{"self":[{"href":"https:\/\/wp.ufpel.edu.br\/planilhasgoogle\/wp-json\/wp\/v2\/pages\/323","targetHints":{"allow":["GET"]}}],"collection":[{"href":"https:\/\/wp.ufpel.edu.br\/planilhasgoogle\/wp-json\/wp\/v2\/pages"}],"about":[{"href":"https:\/\/wp.ufpel.edu.br\/planilhasgoogle\/wp-json\/wp\/v2\/types\/page"}],"author":[{"embeddable":true,"href":"https:\/\/wp.ufpel.edu.br\/planilhasgoogle\/wp-json\/wp\/v2\/users\/296"}],"replies":[{"embeddable":true,"href":"https:\/\/wp.ufpel.edu.br\/planilhasgoogle\/wp-json\/wp\/v2\/comments?post=323"}],"version-history":[{"count":4,"href":"https:\/\/wp.ufpel.edu.br\/planilhasgoogle\/wp-json\/wp\/v2\/pages\/323\/revisions"}],"predecessor-version":[{"id":528,"href":"https:\/\/wp.ufpel.edu.br\/planilhasgoogle\/wp-json\/wp\/v2\/pages\/323\/revisions\/528"}],"up":[{"embeddable":true,"href":"https:\/\/wp.ufpel.edu.br\/planilhasgoogle\/wp-json\/wp\/v2\/pages\/41"}],"wp:attachment":[{"href":"https:\/\/wp.ufpel.edu.br\/planilhasgoogle\/wp-json\/wp\/v2\/media?parent=323"}],"curies":[{"name":"wp","href":"https:\/\/api.w.org\/{rel}","templated":true}]}}