{"id":306,"date":"2020-07-05T18:58:48","date_gmt":"2020-07-05T21:58:48","guid":{"rendered":"https:\/\/wp.ufpel.edu.br\/planilhasgoogle\/?page_id=306"},"modified":"2020-07-05T18:58:48","modified_gmt":"2020-07-05T21:58:48","slug":"atividades-de-fixacao","status":"publish","type":"page","link":"https:\/\/wp.ufpel.edu.br\/planilhasgoogle\/modulo-basico\/aula-8-compartilhamento-e-colaboracao\/atividades-de-fixacao\/","title":{"rendered":"Atividades de Fixa\u00e7\u00e3o"},"content":{"rendered":"<div class=\"box generalbox center clearfix\">\n<div class=\"no-overflow\">\n<h3>Propostas para praticar:<\/h3>\n<ul>\n<li>Crie uma planilha com dados que voc\u00ea est\u00e1 acostumado a trabalhar e compartilhar com seus colegas;<\/li>\n<li>Nesta planilha, fa\u00e7a uma sele\u00e7\u00e3o do que desejas compartilhar com todos;<\/li>\n<li>Nesta planilha fa\u00e7a uma sele\u00e7\u00e3o do que voc\u00ea desejaria compartilhar apenas com uma pessoa espec\u00edfica;<\/li>\n<li>Atribua as regras de prote\u00e7\u00e3o de p\u00e1ginas e \u00e1reas espec\u00edficas trabalhadas ao longo da aula;<\/li>\n<li>Crie um link de compartilhamento e um iframe.<\/li>\n<\/ul>\n<\/div>\n<\/div>\n","protected":false},"excerpt":{"rendered":"<p>Propostas para praticar: Crie uma planilha com dados que voc\u00ea est\u00e1 acostumado a trabalhar e compartilhar com seus colegas; Nesta planilha, fa\u00e7a uma sele\u00e7\u00e3o do que desejas compartilhar com todos; Nesta planilha fa\u00e7a uma sele\u00e7\u00e3o do que voc\u00ea desejaria compartilhar apenas com uma pessoa espec\u00edfica; Atribua as regras de prote\u00e7\u00e3o de p\u00e1ginas e \u00e1reas espec\u00edficas [&hellip;]<\/p>\n","protected":false},"author":667,"featured_media":0,"parent":99,"menu_order":3,"comment_status":"closed","ping_status":"closed","template":"","meta":{"jetpack_post_was_ever_published":false,"footnotes":""},"class_list":["post-306","page","type-page","status-publish","hentry"],"jetpack_sharing_enabled":true,"_links":{"self":[{"href":"https:\/\/wp.ufpel.edu.br\/planilhasgoogle\/wp-json\/wp\/v2\/pages\/306","targetHints":{"allow":["GET"]}}],"collection":[{"href":"https:\/\/wp.ufpel.edu.br\/planilhasgoogle\/wp-json\/wp\/v2\/pages"}],"about":[{"href":"https:\/\/wp.ufpel.edu.br\/planilhasgoogle\/wp-json\/wp\/v2\/types\/page"}],"author":[{"embeddable":true,"href":"https:\/\/wp.ufpel.edu.br\/planilhasgoogle\/wp-json\/wp\/v2\/users\/667"}],"replies":[{"embeddable":true,"href":"https:\/\/wp.ufpel.edu.br\/planilhasgoogle\/wp-json\/wp\/v2\/comments?post=306"}],"version-history":[{"count":1,"href":"https:\/\/wp.ufpel.edu.br\/planilhasgoogle\/wp-json\/wp\/v2\/pages\/306\/revisions"}],"predecessor-version":[{"id":308,"href":"https:\/\/wp.ufpel.edu.br\/planilhasgoogle\/wp-json\/wp\/v2\/pages\/306\/revisions\/308"}],"up":[{"embeddable":true,"href":"https:\/\/wp.ufpel.edu.br\/planilhasgoogle\/wp-json\/wp\/v2\/pages\/99"}],"wp:attachment":[{"href":"https:\/\/wp.ufpel.edu.br\/planilhasgoogle\/wp-json\/wp\/v2\/media?parent=306"}],"curies":[{"name":"wp","href":"https:\/\/api.w.org\/{rel}","templated":true}]}}