{"id":30,"date":"2020-06-18T15:10:53","date_gmt":"2020-06-18T18:10:53","guid":{"rendered":"https:\/\/wp.ufpel.edu.br\/planilhasgoogle\/?page_id=30"},"modified":"2020-08-21T14:06:57","modified_gmt":"2020-08-21T17:06:57","slug":"modulo-basico","status":"publish","type":"page","link":"https:\/\/wp.ufpel.edu.br\/planilhasgoogle\/modulo-basico\/","title":{"rendered":"M\u00f3dulo B\u00e1sico"},"content":{"rendered":"\r\n<div class=\"wp-block-columns is-layout-flex wp-container-core-columns-is-layout-9d6595d7 wp-block-columns-is-layout-flex\">\r\n<div class=\"wp-block-column is-layout-flow wp-block-column-is-layout-flow\" style=\"flex-basis: 66.66%;\">\r\n<p>Bem vindo ao <strong>m\u00f3dulo b\u00e1sico<\/strong> do Curso de Capacita\u00e7\u00e3o em Planilhas do Google, com a finalidade de facilitar a certifica\u00e7\u00e3o na medida em que o aluno poder\u00e1 fazer o curso at\u00e9 onde se sinta confort\u00e1vel com o conte\u00fado, este curso foi dividido em tr\u00eas partes, a primeira delas o m\u00f3dulo b\u00e1sico visa a constru\u00e7\u00e3o de um conhecimento s\u00f3lido sobre a ferramenta <strong>Planilhas do Google<\/strong> (<em>Google Sheets<\/em>), t\u00e9cnicas de uso, formata\u00e7\u00f5es, f\u00f3rmulas e opera\u00e7\u00f5es comuns do dia-a-dia s\u00e3o explicados atrav\u00e9s de textos, v\u00eddeos, material de apoio e exerc\u00edcios de fixa\u00e7\u00e3o e pretendem atender a quem utiliza esta ferramenta para as mais diversas finalidades.<\/p>\r\n<\/div>\r\n\r\n\r\n\r\n<div class=\"wp-block-column is-layout-flow wp-block-column-is-layout-flow\" style=\"flex-basis: 33.33%;\">\r\n<p>Este m\u00f3dulo faz parte de um curso e corresponde ao primeiro curso de um total de 3 e \u00e9 respons\u00e1vel por 16 horas do conte\u00fado de um curso que possui no total de 40 horas de atividades propostas.<\/p>\r\n<\/div>\r\n<\/div>\r\n\r\n\r\n<hr class=\"wp-block-separator\" \/>\r\n\r\n\r\n<p>O m\u00f3dulo b\u00e1sico foi dividido em 8 aulas, s\u00e3o elas:<\/p>\r\n\r\n\r\n\r\n<ul class=\"wp-block-list\">\r\n<li><a href=\"https:\/\/wp.ufpel.edu.br\/planilhasgoogle\/aula-1-introducao-aos-principais-recursos\/\">Aula 1 &#8211; Introdu\u00e7\u00e3o aos principais recursos<\/a><\/li>\r\n<li><a href=\"https:\/\/wp.ufpel.edu.br\/planilhasgoogle\/modulo-basico\/aula-2-operacoes-matematicas\/\">Aula 2 &#8211; Opera\u00e7\u00f5es Matem\u00e1ticas<\/a><\/li>\r\n<li><a href=\"https:\/\/wp.ufpel.edu.br\/planilhasgoogle\/aula-3-funcoes-com-data-e-hora\/\">Aula 3 &#8211; Fun\u00e7\u00f5es com Data e Hora<\/a><\/li>\r\n<li><a href=\"https:\/\/wp.ufpel.edu.br\/planilhasgoogle\/aula-4-tratamento-de-texto\/\">Aula 4 &#8211; Tratamento de Texto<\/a><\/li>\r\n<li><a href=\"https:\/\/wp.ufpel.edu.br\/planilhasgoogle\/aula-5-validacao-de-dados\/\">Aula 5 &#8211; Valida\u00e7\u00e3o de Dados<\/a><\/li>\r\n<li><a href=\"https:\/\/wp.ufpel.edu.br\/planilhasgoogle\/aula-6-funcoes-estatisticas\/\">Aula 6 &#8211; Fun\u00e7\u00f5es Estat\u00edsticas<\/a><\/li>\r\n<li><a href=\"https:\/\/wp.ufpel.edu.br\/planilhasgoogle\/aula-7-personalizacao-de-celulas\/\">Aula 7 &#8211; Personaliza\u00e7\u00e3o de C\u00e9lulas<\/a><\/li>\r\n<li><a href=\"https:\/\/wp.ufpel.edu.br\/planilhasgoogle\/aula-8-compartilhamento-e-colaboracao\/\">Aula 8 &#8211; Compartilhamento e Colabora\u00e7\u00e3o<\/a><\/li>\r\n<\/ul>\r\n","protected":false},"excerpt":{"rendered":"<p>Bem vindo ao m\u00f3dulo b\u00e1sico do Curso de Capacita\u00e7\u00e3o em Planilhas do Google, com a finalidade de facilitar a certifica\u00e7\u00e3o na medida em que o aluno poder\u00e1 fazer o curso at\u00e9 onde se sinta confort\u00e1vel com o conte\u00fado, este curso foi dividido em tr\u00eas partes, a primeira delas o m\u00f3dulo b\u00e1sico visa a constru\u00e7\u00e3o de [&hellip;]<\/p>\n","protected":false},"author":667,"featured_media":0,"parent":0,"menu_order":0,"comment_status":"closed","ping_status":"closed","template":"","meta":{"jetpack_post_was_ever_published":false,"footnotes":""},"class_list":["post-30","page","type-page","status-publish","hentry"],"jetpack_sharing_enabled":true,"_links":{"self":[{"href":"https:\/\/wp.ufpel.edu.br\/planilhasgoogle\/wp-json\/wp\/v2\/pages\/30","targetHints":{"allow":["GET"]}}],"collection":[{"href":"https:\/\/wp.ufpel.edu.br\/planilhasgoogle\/wp-json\/wp\/v2\/pages"}],"about":[{"href":"https:\/\/wp.ufpel.edu.br\/planilhasgoogle\/wp-json\/wp\/v2\/types\/page"}],"author":[{"embeddable":true,"href":"https:\/\/wp.ufpel.edu.br\/planilhasgoogle\/wp-json\/wp\/v2\/users\/667"}],"replies":[{"embeddable":true,"href":"https:\/\/wp.ufpel.edu.br\/planilhasgoogle\/wp-json\/wp\/v2\/comments?post=30"}],"version-history":[{"count":10,"href":"https:\/\/wp.ufpel.edu.br\/planilhasgoogle\/wp-json\/wp\/v2\/pages\/30\/revisions"}],"predecessor-version":[{"id":365,"href":"https:\/\/wp.ufpel.edu.br\/planilhasgoogle\/wp-json\/wp\/v2\/pages\/30\/revisions\/365"}],"wp:attachment":[{"href":"https:\/\/wp.ufpel.edu.br\/planilhasgoogle\/wp-json\/wp\/v2\/media?parent=30"}],"curies":[{"name":"wp","href":"https:\/\/api.w.org\/{rel}","templated":true}]}}