{"id":291,"date":"2020-07-05T18:56:26","date_gmt":"2020-07-05T21:56:26","guid":{"rendered":"https:\/\/wp.ufpel.edu.br\/planilhasgoogle\/?page_id=291"},"modified":"2020-07-05T18:56:46","modified_gmt":"2020-07-05T21:56:46","slug":"compartilhamento-de-areas-especificas","status":"publish","type":"page","link":"https:\/\/wp.ufpel.edu.br\/planilhasgoogle\/modulo-basico\/aula-8-compartilhamento-e-colaboracao\/compartilhamento-de-areas-especificas\/","title":{"rendered":"Compartilhamento de \u00c1reas Espec\u00edficas"},"content":{"rendered":"<div class=\"box generalbox center clearfix\">\n<div class=\"no-overflow\">\n<h3>Bloqueando \u00e1reas<\/h3>\n<p>Inicialmente devemos pensar, o que devemos proteger? S\u00e3o os nossos dados? S\u00e3o as nossas f\u00f3rmulas? S\u00e3o os nossos\u00a0gr\u00e1ficos? Tudo?\u00a0Devemos atribuir acesso somente a leitura, acesso \u00e0 escrita? Acesso apenas a uma tabela, ao documento inteiro? Algumas destas quest\u00f5es foram abordadas na se\u00e7\u00e3o anterior desta aula, vamos ent\u00e3o repensar a parte pr\u00e1tica.<\/p>\n<p>Vamos analisar o exemplo \u00e0 seguir. Trata-se de uma tabela de um campeonato de Fifa 2020 para PlayStation 4 que ocorreu a algumas semanas, os times envolvidos foram fixados e s\u00f3 ter\u00e3o acesso a leitura via visualiza\u00e7\u00e3o Web, j\u00e1 o gerente do campeonato poder\u00e1 manipular apenas as informa\u00e7\u00f5es dos resultados e o organizador do campeonato ter\u00e1 acesso completo a planilha.<\/p>\n<p>O v\u00eddeo abaixo ilustra a organiza\u00e7\u00e3o desta planilha. Inicialmente temos uma Aba\/Pasta s\u00f3 com o nome dos TIMES, estes times foram sorteados para organiza\u00e7\u00e3o deles na lista de grupos. A segunda pasta \u00e9 a das CHAVES sorteadas que est\u00e3o na ordem dos times na pasta TIMES, temos ap\u00f3s esta, a pasta PARTIDAS &#8211; FASE, que apresenta todos os jogos dos times nas fases iniciais, assim como a distribui\u00e7\u00e3o dos pontos que vai variar de acordo com as partidas e em baixo temos a classifica\u00e7\u00e3o\u00a0geral\u00a0e ordena\u00e7\u00e3o para os times que passaram para a pr\u00f3xima etapa.\u00a0Temos ent\u00e3o as fases chamadas de Mata a Mata que come\u00e7am nas quartas de Final e terminam na Final, com disputa de terceiro e quarto colocado.<\/p>\n<div style=\"width: 1280px;\" class=\"wp-video\"><video class=\"wp-video-shortcode\" id=\"video-291-1\" width=\"1280\" height=\"720\" preload=\"metadata\" controls=\"controls\"><source type=\"video\/mp4\" src=\"https:\/\/wp.ufpel.edu.br\/planilhasgoogle\/files\/2020\/07\/estrutura_campeonato.mp4?_=1\" \/><a href=\"https:\/\/wp.ufpel.edu.br\/planilhasgoogle\/files\/2020\/07\/estrutura_campeonato.mp4\">https:\/\/wp.ufpel.edu.br\/planilhasgoogle\/files\/2020\/07\/estrutura_campeonato.mp4<\/a><\/video><\/div>\n<p>O primeiro passo ent\u00e3o foi decidir, quem deveria ter acesso e a que parte? Ficou estabelecido que s\u00f3 o dono da planilha teria acesso as abas Time e Chaves e por isso elas aparecem no v\u00eddeo com o \u00edcone de um cadeado, estas pastas n\u00e3o servem de nada para os jogadores ou para os gerentes e ao mesmo tempo, definem a posi\u00e7\u00e3o dos times nas tabelas de classifica\u00e7\u00e3o do campeonato.<\/p>\n<p>Para inserir uma p\u00e1gina ou\u00a0intervalos\u00a0protegidos devemos acessar o item de menu\u00a0<strong>Dados<\/strong>\u00a0e posteriormente clicar no item\u00a0<strong>P\u00e1ginas ou\u00a0intervalos\u00a0protegidos<\/strong>. Outro caminho poss\u00edvel \u00e9 clicar na seta ao lado direito da pasta e clicar em\u00a0<strong>Proteger p\u00e1gina<\/strong>. O v\u00eddeo abaixo exemplifica estes dois usos.<\/p>\n<div style=\"width: 1280px;\" class=\"wp-video\"><video class=\"wp-video-shortcode\" id=\"video-291-2\" width=\"1280\" height=\"720\" preload=\"metadata\" controls=\"controls\"><source type=\"video\/mp4\" src=\"https:\/\/wp.ufpel.edu.br\/planilhasgoogle\/files\/2020\/07\/paginas_protegidas.mp4?_=2\" \/><a href=\"https:\/\/wp.ufpel.edu.br\/planilhasgoogle\/files\/2020\/07\/paginas_protegidas.mp4\">https:\/\/wp.ufpel.edu.br\/planilhasgoogle\/files\/2020\/07\/paginas_protegidas.mp4<\/a><\/video><\/div>\n<p>As \u00e1reas espec\u00edficas funcionam de forma bem parecida e ainda d\u00e1 pra associarmos p\u00e1ginas e \u00e1reas espec\u00edficas para facilitar o trabalho, no v\u00eddeo abaixo temos um exemplo de permiss\u00e3o mista, nesta tabela o gerente do campeonato s\u00f3 precisaria alterar os resultados das partidas, os demais campos que cont\u00e9m a l\u00f3gica das pontua\u00e7\u00f5es das chaves n\u00e3o deveriam ser alterados por engano e portanto foram bloqueados.<\/p>\n<div style=\"width: 1280px;\" class=\"wp-video\"><video class=\"wp-video-shortcode\" id=\"video-291-3\" width=\"1280\" height=\"720\" preload=\"metadata\" controls=\"controls\"><source type=\"video\/mp4\" src=\"https:\/\/wp.ufpel.edu.br\/planilhasgoogle\/files\/2020\/07\/permissao_mista.mp4?_=3\" \/><a href=\"https:\/\/wp.ufpel.edu.br\/planilhasgoogle\/files\/2020\/07\/permissao_mista.mp4\">https:\/\/wp.ufpel.edu.br\/planilhasgoogle\/files\/2020\/07\/permissao_mista.mp4<\/a><\/video><\/div>\n<p>Ao organizador do campeonato foi concedido acesso completo, para que ele pudesse vir a corrigir manualmente algum problema n\u00e3o previsto inicialmente, como por exemplo a n\u00e3o atribui\u00e7\u00e3o de crit\u00e9rio final de desempate nas fases de grupos, ou seja, quando todos os outros crit\u00e9rios forem iguais (pontos, vit\u00f3rias, saldo de gols, gols \u00e0 favor). Dessa forma, para este usu\u00e1rio, atribu\u00edmos uma permiss\u00e3o completa nessas \u00e1reas, como exibido no v\u00eddeo abaixo.<\/p>\n<div style=\"width: 1280px;\" class=\"wp-video\"><video class=\"wp-video-shortcode\" id=\"video-291-4\" width=\"1280\" height=\"720\" preload=\"metadata\" controls=\"controls\"><source type=\"video\/mp4\" src=\"https:\/\/wp.ufpel.edu.br\/planilhasgoogle\/files\/2020\/07\/insercao_de_intervalos.mp4?_=4\" \/><a href=\"https:\/\/wp.ufpel.edu.br\/planilhasgoogle\/files\/2020\/07\/insercao_de_intervalos.mp4\">https:\/\/wp.ufpel.edu.br\/planilhasgoogle\/files\/2020\/07\/insercao_de_intervalos.mp4<\/a><\/video><\/div>\n<p>Outro recurso muito \u00fatil nessa quest\u00e3o \u00e9 o uso de Intervalo Nomeado que foi visto nas aulas de\u00a0Valida\u00e7\u00e3o de Dados, ao inv\u00e9s de selecionar os pontos espec\u00edficos da tabela, este recurso permite em uma mesma permiss\u00e3o especificar v\u00e1rios pontos diferentes e n\u00e3o lineares de dados a serem protegidos e tamb\u00e9m \u00e9 facilitado pelo fato de inserirmos um nome e n\u00e3o pontos que podem ser alterados \u00e0 qualquer momento, o uso deste recurso pode ser observado no v\u00eddeo abaixo.<\/p>\n<div style=\"width: 1280px;\" class=\"wp-video\"><video class=\"wp-video-shortcode\" id=\"video-291-5\" width=\"1280\" height=\"720\" preload=\"metadata\" controls=\"controls\"><source type=\"video\/mp4\" src=\"https:\/\/wp.ufpel.edu.br\/planilhasgoogle\/files\/2020\/07\/intervalos_nomeados-1.mp4?_=5\" \/><a href=\"https:\/\/wp.ufpel.edu.br\/planilhasgoogle\/files\/2020\/07\/intervalos_nomeados-1.mp4\">https:\/\/wp.ufpel.edu.br\/planilhasgoogle\/files\/2020\/07\/intervalos_nomeados-1.mp4<\/a><\/video><\/div>\n<\/div>\n<\/div>\n","protected":false},"excerpt":{"rendered":"<p>Bloqueando \u00e1reas Inicialmente devemos pensar, o que devemos proteger? S\u00e3o os nossos dados? S\u00e3o as nossas f\u00f3rmulas? S\u00e3o os nossos\u00a0gr\u00e1ficos? Tudo?\u00a0Devemos atribuir acesso somente a leitura, acesso \u00e0 escrita? Acesso apenas a uma tabela, ao documento inteiro? Algumas destas quest\u00f5es foram abordadas na se\u00e7\u00e3o anterior desta aula, vamos ent\u00e3o repensar a parte pr\u00e1tica. Vamos analisar [&hellip;]<\/p>\n","protected":false},"author":667,"featured_media":0,"parent":99,"menu_order":1,"comment_status":"closed","ping_status":"closed","template":"","meta":{"jetpack_post_was_ever_published":false,"footnotes":""},"class_list":["post-291","page","type-page","status-publish","hentry"],"jetpack_sharing_enabled":true,"_links":{"self":[{"href":"https:\/\/wp.ufpel.edu.br\/planilhasgoogle\/wp-json\/wp\/v2\/pages\/291","targetHints":{"allow":["GET"]}}],"collection":[{"href":"https:\/\/wp.ufpel.edu.br\/planilhasgoogle\/wp-json\/wp\/v2\/pages"}],"about":[{"href":"https:\/\/wp.ufpel.edu.br\/planilhasgoogle\/wp-json\/wp\/v2\/types\/page"}],"author":[{"embeddable":true,"href":"https:\/\/wp.ufpel.edu.br\/planilhasgoogle\/wp-json\/wp\/v2\/users\/667"}],"replies":[{"embeddable":true,"href":"https:\/\/wp.ufpel.edu.br\/planilhasgoogle\/wp-json\/wp\/v2\/comments?post=291"}],"version-history":[{"count":2,"href":"https:\/\/wp.ufpel.edu.br\/planilhasgoogle\/wp-json\/wp\/v2\/pages\/291\/revisions"}],"predecessor-version":[{"id":299,"href":"https:\/\/wp.ufpel.edu.br\/planilhasgoogle\/wp-json\/wp\/v2\/pages\/291\/revisions\/299"}],"up":[{"embeddable":true,"href":"https:\/\/wp.ufpel.edu.br\/planilhasgoogle\/wp-json\/wp\/v2\/pages\/99"}],"wp:attachment":[{"href":"https:\/\/wp.ufpel.edu.br\/planilhasgoogle\/wp-json\/wp\/v2\/media?parent=291"}],"curies":[{"name":"wp","href":"https:\/\/api.w.org\/{rel}","templated":true}]}}